{"id":10278,"date":"2025-08-29T21:14:15","date_gmt":"2025-08-30T00:14:15","guid":{"rendered":"https:\/\/solasdevento.com.br\/20-000-leguas-submarinas\/"},"modified":"2025-10-24T15:50:22","modified_gmt":"2025-10-24T18:50:22","slug":"20-000-leagues-under-the-sea","status":"publish","type":"page","link":"http:\/\/solasdevento.com.br\/en\/20-000-leagues-under-the-sea\/","title":{"rendered":"20.000 Leagues Under the Sea"},"content":{"rendered":"<div  data-q_id=\"#tabs\" class=\"wpb_row vc_row-fluid\" style=\"text-align:right;\"><section class=\"section  grid_section\" style=' padding-top:0px;'><div class=\"section_inner clearfix\">\n\t<div class=\"vc_span6 wpb_column column_container\">\n\t\t<div class=\"wpb_wrapper\">\n\t\t\t\n\t<div class=\"wpb_tabstabs_holder clearfix\" data-interval=\"0\">\n\t\t<div class=\"q_tabs horizontal\">\n\t\t\t<ul class=\"tabs-nav\"><li><a href=\"#tab-1382691955-1-80630-53d1\">SYNOPSIS<\/a><\/li><li><a href=\"#tab-1418760716253-3-3\">RELEASE<\/a><\/li><li><a href=\"#tab-1382691955-2-560630-53d1\">CREDITS<\/a><\/li><li><a href=\"#tab-1383315102986-2-10630-53d1\">V\u00cdDEO<\/a><\/li><\/ul>\n<div class='tabs-container'>\n\t\t\t\n\t\t\t<div id=\"tab-1382691955-1-80630-53d1\" class=\"tab-content\">\n\t\t\t\t<div class=\"wpb_content_element separator  transparent center  \" style=\"margin-top:0px;margin-bottom:5px;\"><\/div>\n<div  class=\"wpb_row vc_row-fluid\" style=\"text-align:left;\">\n\t<div class=\"vc_span12 wpb_column column_container\">\n\t\t<div class=\"wpb_wrapper\">\n\t\t\t\n\t<div class=\"wpb_text_column wpb_content_element \">\n\t\t<div class=\"wpb_wrapper\">\n\t\t\t<span style=\"color: #008080;\"> A mysterious underwater vessel.\u2028A crew full of secrets.\u2028A monster haunting the oceans.\u2028Three new sailors have just arrived.\u2028And you\u2014have you ever stepped inside a submarine? <\/span><\/p>\n<p>&nbsp;<\/p>\n<p><span style=\"color: #999999;\"> Children\u2019s Theater\u2028Recommended age: 4+\u2028Duration: 60 minutes\u2028Venue: Proscenium stage or black box theater <\/span>\n\t\t<\/div> \n\t<\/div> \n\t\t<\/div> \n\t<\/div> \n<\/div>\n\t\t\t<\/div> \n\t\t\t<div id=\"tab-1418760716253-3-3\" class=\"tab-content\">\n\t\t\t\t<div class=\"wpb_content_element separator  transparent center  \" style=\"margin-top:0px;margin-bottom:5px;\"><\/div>\n<div  class=\"wpb_row vc_row-fluid\" style=\"text-align:left;\">\n\t<div class=\"vc_span12 wpb_column column_container\">\n\t\t<div class=\"wpb_wrapper\">\n\t\t\t\n\t<div class=\"wpb_text_column wpb_content_element \">\n\t\t<div class=\"wpb_wrapper\">\n\t\t\t<span style=\"color: #999999;\"> Created in 2021, 20,000 Leagues Under the Sea is the third production of the Extraordinary Voyages Trilogy inspired by Jules Verne.\u2028Adapting one of Verne\u2019s most famous novels for the stage was an exciting challenge: to turn the author\u2019s tale into a playful journey without words, developed as a pantomime.\u2028Under the direction of \u00c1lvaro Assad, the theater space itself becomes a place of transformation, where wings, curtains, and fly systems are reinvented as elements of the submarine. Step by step, the crew and the audience discover\u2014through the game of metatheater\u2014how the stage can become a vast vessel, and the submarine, a curious theatrical experience. <\/span><\/p>\n<p>&nbsp;<\/p>\n<p><span style=\"color: #999999;\"> Under the direction of \u00c1lvaro Assad, the theater space itself becomes a place of transformation, where wings, curtains, and fly systems are reinvented as elements of the submarine. Step by step, the crew and the audience discover\u2014through the game of metatheater\u2014how the stage can become a vast vessel, and the submarine, a curious theatrical experience. <\/span><\/p>\n<p>&nbsp;<\/p>\n<p><span style=\"color: #999999;\">The main scenographic element is the body of each actor, whose physical behavior creates the sense of space around them.\u2028To produce aquatic effects and add a fantastic dimension to the characters\u2019 adventures, the scenography plays with live video projections using miniature illustrations and tiny puppets.<\/span>\n\t\t<\/div> \n\t<\/div> \n\t\t<\/div> \n\t<\/div> \n<\/div>\n\t\t\t<\/div> \n\t\t\t<div id=\"tab-1382691955-2-560630-53d1\" class=\"tab-content\">\n\t\t\t\t<div  class=\"wpb_row vc_row-fluid\" style=\"text-align:left;\">\n\t<div class=\"vc_span12 wpb_column column_container\">\n\t\t<div class=\"wpb_wrapper\">\n\t\t\t\n\t<div class=\"wpb_text_column wpb_content_element \">\n\t\t<div class=\"wpb_wrapper\">\n\t\t\t<span style=\"color: #999999;\">director \u2022 <\/span><span style=\"color: #008080;\">Alvaro Assad<\/span><br \/>\n<span style=\"color: #999999;\">cast \u2022 <\/span><span style=\"color: #008080;\">Andr\u00e9 Schulle, Bruno Rudolf e Ricardo Rodrigues, com participa\u00e7\u00f5es de Bobby Baq e Marcel Gilber<\/span><br \/>\n<span style=\"color: #999999;\">dramaturgy \u2022 <\/span><span style=\"color: #008080;\">Bobby Baq e Alvaro Assad em colabora\u00e7\u00e3o com Elenco<\/span><br \/>\n<span style=\"color: #999999;\">original music \u2022 <\/span><span style=\"color: #008080;\">Andr\u00e9 Vac<\/span><br \/>\n<span style=\"color: #999999;\">art direction &#038; costumes \u2022 <\/span><span style=\"color: #008080;\">Renato Bolelli e Vivianne Kiritani<\/span><br \/>\n<span style=\"color: #999999;\">makeup\/visagism \u2022 <\/span><span style=\"color: #008080;\">Cleber de Oliveira<\/span><br \/>\n<span style=\"color: #999999;\">scenography \u2022 <\/span><span style=\"color: #008080;\"> Cia. Solas de Vento e Alvaro Assad<\/span>\n\t\t<\/div> \n\t<\/div> \n\t\t<\/div> \n\t<\/div> \n<\/div>\n\t\t\t<\/div> \n\t\t\t<div id=\"tab-1383315102986-2-10630-53d1\" class=\"tab-content\">\n\t\t\t\t<div  class=\"wpb_row vc_row-fluid\" style=\"text-align:left;\">\n\t<div class=\"vc_span12 wpb_column column_container\">\n\t\t<div class=\"wpb_wrapper\">\n\t\t\t\n\t<div class=\"wpb_video_widget wpb_content_element\">\n\t\t<div class=\"wpb_wrapper\"><div class=\"wpb_video_wrapper\"><iframe loading=\"lazy\" title=\"20000 L\u00e9guas submarinas\" width=\"1060\" height=\"596\" src=\"https:\/\/www.youtube.com\/embed\/eZOqnwmZMVE?feature=oembed\" frameborder=\"0\" allow=\"accelerometer; autoplay; clipboard-write; encrypted-media; gyroscope; picture-in-picture; web-share\" referrerpolicy=\"strict-origin-when-cross-origin\" allowfullscreen><\/iframe><\/div>\n\t\t<\/div> \n\t<\/div> \n\t\t<\/div> \n\t<\/div> \n<\/div>\n\t\t\t<\/div> <\/div>\n\t\t<\/div> \n\t<\/div> \n\t\t<\/div> \n\t<\/div> \n\n\t<div class=\"vc_span6 wpb_column column_container\">\n\t\t<div class=\"wpb_wrapper\">\n\t\t\t<div  class=\"wpb_row vc_row-fluid\" style=\"text-align:right;\">\n\t<div class=\"vc_span4 wpb_column column_container\">\n\t\t<div class=\"wpb_wrapper\">\n\t\t\t<div class=\"wpb_content_element separator  transparent center  \" style=\"\"><\/div>\n\n\t\t<\/div> \n\t<\/div> \n\n\t<div class=\"vc_span4 wpb_column column_container\">\n\t\t<div class=\"wpb_wrapper\">\n\t\t\t<a href=\"http:\/\/solasdevento.com.br\/wp-content\/uploads\/clipping-20000-Leguas-Submarinas.pdf\" target=\"_blank\" class=\"qbutton  tiny right\" style=\"font-weight: 100; \">IMPRENSA<i class=\"fa fa-paperclip fa-lg\" style=\"\"><\/i><\/a>\n\t\t<\/div> \n\t<\/div> \n\n\t<div class=\"vc_span4 wpb_column column_container\">\n\t\t<div class=\"wpb_wrapper\">\n\t\t\t<a href=\"http:\/\/solasdevento.com.br\/wp-content\/uploads\/Rider-Tecnico-20000-Leguas-submarinas.pdf\" target=\"_blank\" class=\"qbutton  tiny right\" style=\"font-weight: 100; \">Rider T\u00e9cnico<i class=\"fa fa-paperclip fa-lg\" style=\"\"><\/i><\/a>\n\t\t<\/div> \n\t<\/div> \n<\/div><div class=\"wpb_content_element separator  transparent center  \" style=\"margin-top:0px;margin-bottom:17px;\"><\/div>\n\n\t<div class=\"wpb_gallery wpb_content_element clearfix\">\n\t\t<div class=\"wpb_wrapper\"><div class=\"wpb_gallery_slides wpb_image_grid\" data-interval=\"3\"><div class=\"gallery_holder\"><ul class=\"gallery_inner v0\"><li><a class=\"prettyphoto\" href=\"http:\/\/solasdevento.com.br\/wp-content\/uploads\/2022-12-solas-VINTE-MIL-LEGUAS-baixa-108-1024x683.jpg\" rel=\"prettyPhoto[rel-1624918690]\"><span class=\"gallery_hover\"><i class=\"fa fa-search\"><\/i><\/span><img loading=\"lazy\" decoding=\"async\" src=\"http:\/\/solasdevento.com.br\/wp-content\/uploads\/2022-12-solas-VINTE-MIL-LEGUAS-baixa-108-100x100.jpg\" width=\"100\" height=\"100\" alt=\"2022 12 solas VINTE MIL LEGUAS baixa (108)\" \/><\/a><\/li><li><a class=\"prettyphoto\" href=\"http:\/\/solasdevento.com.br\/wp-content\/uploads\/2022-12-solas-VINTE-MIL-LEGUAS-baixa-79-683x1024.jpg\" rel=\"prettyPhoto[rel-1624918690]\"><span class=\"gallery_hover\"><i class=\"fa fa-search\"><\/i><\/span><img loading=\"lazy\" decoding=\"async\" src=\"http:\/\/solasdevento.com.br\/wp-content\/uploads\/2022-12-solas-VINTE-MIL-LEGUAS-baixa-79-100x100.jpg\" width=\"100\" height=\"100\" alt=\"2022 12 solas VINTE MIL LEGUAS baixa (79)\" \/><\/a><\/li><li><a class=\"prettyphoto\" href=\"http:\/\/solasdevento.com.br\/wp-content\/uploads\/2022-12-solas-VINTE-MIL-LEGUAS-baixa-84-1024x683.jpg\" rel=\"prettyPhoto[rel-1624918690]\"><span class=\"gallery_hover\"><i class=\"fa fa-search\"><\/i><\/span><img loading=\"lazy\" decoding=\"async\" src=\"http:\/\/solasdevento.com.br\/wp-content\/uploads\/2022-12-solas-VINTE-MIL-LEGUAS-baixa-84-100x100.jpg\" width=\"100\" height=\"100\" alt=\"2022 12 solas VINTE MIL LEGUAS baixa (84)\" \/><\/a><\/li><li><a class=\"prettyphoto\" href=\"http:\/\/solasdevento.com.br\/wp-content\/uploads\/2022-12-solas-VINTE-MIL-LEGUAS-baixa-67-1024x683.jpg\" rel=\"prettyPhoto[rel-1624918690]\"><span class=\"gallery_hover\"><i class=\"fa fa-search\"><\/i><\/span><img loading=\"lazy\" decoding=\"async\" src=\"http:\/\/solasdevento.com.br\/wp-content\/uploads\/2022-12-solas-VINTE-MIL-LEGUAS-baixa-67-100x100.jpg\" width=\"100\" height=\"100\" alt=\"2022 12 solas VINTE MIL LEGUAS baixa (67)\" \/><\/a><\/li><li><a class=\"prettyphoto\" href=\"http:\/\/solasdevento.com.br\/wp-content\/uploads\/2022-12-solas-VINTE-MIL-LEGUAS-baixa-70-1024x683.jpg\" rel=\"prettyPhoto[rel-1624918690]\"><span class=\"gallery_hover\"><i class=\"fa fa-search\"><\/i><\/span><img loading=\"lazy\" decoding=\"async\" src=\"http:\/\/solasdevento.com.br\/wp-content\/uploads\/2022-12-solas-VINTE-MIL-LEGUAS-baixa-70-100x100.jpg\" width=\"100\" height=\"100\" alt=\"2022 12 solas VINTE MIL LEGUAS baixa (70)\" \/><\/a><\/li><li><a class=\"prettyphoto\" href=\"http:\/\/solasdevento.com.br\/wp-content\/uploads\/2022-12-solas-VINTE-MIL-LEGUAS-baixa-31-1024x683.jpg\" rel=\"prettyPhoto[rel-1624918690]\"><span class=\"gallery_hover\"><i class=\"fa fa-search\"><\/i><\/span><img loading=\"lazy\" decoding=\"async\" src=\"http:\/\/solasdevento.com.br\/wp-content\/uploads\/2022-12-solas-VINTE-MIL-LEGUAS-baixa-31-100x100.jpg\" width=\"100\" height=\"100\" alt=\"2022 12 solas VINTE MIL LEGUAS baixa (31)\" \/><\/a><\/li><li><a class=\"prettyphoto\" href=\"http:\/\/solasdevento.com.br\/wp-content\/uploads\/2022-12-solas-VINTE-MIL-LEGUAS-baixa-118-1024x683.jpg\" rel=\"prettyPhoto[rel-1624918690]\"><span class=\"gallery_hover\"><i class=\"fa fa-search\"><\/i><\/span><img loading=\"lazy\" decoding=\"async\" src=\"http:\/\/solasdevento.com.br\/wp-content\/uploads\/2022-12-solas-VINTE-MIL-LEGUAS-baixa-118-100x100.jpg\" width=\"100\" height=\"100\" alt=\"2022 12 solas VINTE MIL LEGUAS baixa (118)\" \/><\/a><\/li><li><a class=\"prettyphoto\" href=\"http:\/\/solasdevento.com.br\/wp-content\/uploads\/2022-12-solas-VINTE-MIL-LEGUAS-baixa-6-683x1024.jpg\" rel=\"prettyPhoto[rel-1624918690]\"><span class=\"gallery_hover\"><i class=\"fa fa-search\"><\/i><\/span><img loading=\"lazy\" decoding=\"async\" src=\"http:\/\/solasdevento.com.br\/wp-content\/uploads\/2022-12-solas-VINTE-MIL-LEGUAS-baixa-6-100x100.jpg\" width=\"100\" height=\"100\" alt=\"2022 12 solas VINTE MIL LEGUAS baixa (6)\" \/><\/a><\/li><li><a class=\"prettyphoto\" href=\"http:\/\/solasdevento.com.br\/wp-content\/uploads\/2022-12-solas-VINTE-MIL-LEGUAS-baixa-17-1024x683.jpg\" rel=\"prettyPhoto[rel-1624918690]\"><span class=\"gallery_hover\"><i class=\"fa fa-search\"><\/i><\/span><img loading=\"lazy\" decoding=\"async\" src=\"http:\/\/solasdevento.com.br\/wp-content\/uploads\/2022-12-solas-VINTE-MIL-LEGUAS-baixa-17-100x100.jpg\" width=\"100\" height=\"100\" alt=\"2022 12 solas VINTE MIL LEGUAS baixa (17)\" \/><\/a><\/li><li><a class=\"prettyphoto\" href=\"http:\/\/solasdevento.com.br\/wp-content\/uploads\/2022-12-solas-VINTE-MIL-LEGUAS-baixa-74-1024x683.jpg\" rel=\"prettyPhoto[rel-1624918690]\"><span class=\"gallery_hover\"><i class=\"fa fa-search\"><\/i><\/span><img loading=\"lazy\" decoding=\"async\" src=\"http:\/\/solasdevento.com.br\/wp-content\/uploads\/2022-12-solas-VINTE-MIL-LEGUAS-baixa-74-100x100.jpg\" width=\"100\" height=\"100\" alt=\"2022 12 solas VINTE MIL LEGUAS baixa (74)\" \/><\/a><\/li><li><a class=\"prettyphoto\" href=\"http:\/\/solasdevento.com.br\/wp-content\/uploads\/2022-12-solas-VINTE-MIL-LEGUAS-baixa-95-1024x683.jpg\" rel=\"prettyPhoto[rel-1624918690]\"><span class=\"gallery_hover\"><i class=\"fa fa-search\"><\/i><\/span><img loading=\"lazy\" decoding=\"async\" src=\"http:\/\/solasdevento.com.br\/wp-content\/uploads\/2022-12-solas-VINTE-MIL-LEGUAS-baixa-95-100x100.jpg\" width=\"100\" height=\"100\" alt=\"2022 12 solas VINTE MIL LEGUAS baixa (95)\" \/><\/a><\/li><li><a class=\"prettyphoto\" href=\"http:\/\/solasdevento.com.br\/wp-content\/uploads\/20000-Leguas-submarinas-55-Mariana-Chama-copie-683x1024.jpg\" rel=\"prettyPhoto[rel-1624918690]\"><span class=\"gallery_hover\"><i class=\"fa fa-search\"><\/i><\/span><img loading=\"lazy\" decoding=\"async\" src=\"http:\/\/solasdevento.com.br\/wp-content\/uploads\/20000-Leguas-submarinas-55-Mariana-Chama-copie-scaled-100x100.jpg\" width=\"100\" height=\"100\" alt=\"20000 Leguas submarinas (55) Mariana Chama copie\" \/><\/a><\/li><li><a class=\"prettyphoto\" href=\"http:\/\/solasdevento.com.br\/wp-content\/uploads\/20000-Leguas-submarinas-1-Mariana-Chama-copie-1024x722.jpg\" rel=\"prettyPhoto[rel-1624918690]\"><span class=\"gallery_hover\"><i class=\"fa fa-search\"><\/i><\/span><img loading=\"lazy\" decoding=\"async\" src=\"http:\/\/solasdevento.com.br\/wp-content\/uploads\/20000-Leguas-submarinas-1-Mariana-Chama-copie-scaled-100x100.jpg\" width=\"100\" height=\"100\" alt=\"20000 Leguas submarinas (1) Mariana Chama copie\" \/><\/a><\/li><li><a class=\"prettyphoto\" href=\"http:\/\/solasdevento.com.br\/wp-content\/uploads\/20000-Leguas-submarinas-90-Mariana-Chama-copie-1024x786.jpg\" rel=\"prettyPhoto[rel-1624918690]\"><span class=\"gallery_hover\"><i class=\"fa fa-search\"><\/i><\/span><img loading=\"lazy\" decoding=\"async\" src=\"http:\/\/solasdevento.com.br\/wp-content\/uploads\/20000-Leguas-submarinas-90-Mariana-Chama-copie-scaled-100x100.jpg\" width=\"100\" height=\"100\" alt=\"20000 Leguas submarinas (90) Mariana Chama copie\" \/><\/a><\/li><li><a class=\"prettyphoto\" href=\"http:\/\/solasdevento.com.br\/wp-content\/uploads\/20000-Leguas-submarinas-103-Mariana-Chama-copie-1024x751.jpg\" rel=\"prettyPhoto[rel-1624918690]\"><span class=\"gallery_hover\"><i class=\"fa fa-search\"><\/i><\/span><img loading=\"lazy\" decoding=\"async\" src=\"http:\/\/solasdevento.com.br\/wp-content\/uploads\/20000-Leguas-submarinas-103-Mariana-Chama-copie-scaled-100x100.jpg\" width=\"100\" height=\"100\" alt=\"20000 Leguas submarinas (103) Mariana Chama copie\" \/><\/a><\/li><\/ul><\/div><\/div>\n\t\t<\/div> \n\t<\/div> \n\t\t<\/div> \n\t<\/div> \n<\/div><\/section><\/div>\n\n\n\n<div  class=\"wpb_row vc_row-fluid\" style=\"text-align:left;\">\n\t<div class=\"vc_span12 wpb_column column_container\">\n\t\t<div class=\"wpb_wrapper\">\n\t\t\t\n\t\t<\/div> \n\t<\/div> \n<\/div>\n","protected":false},"excerpt":{"rendered":"SYNOPSISRELEASECREDITSV\u00cdDEO A mysterious underwater vessel.\u2028A crew full of secrets.\u2028A monster haunting the oceans.\u2028Three new sailors have just arrived.\u2028And you\u2014have you ever stepped inside a submarine? &nbsp; Children\u2019s Theater\u2028Recommended age: 4+\u2028Duration: 60 minutes\u2028Venue: Proscenium stage or black box theater Created in 2021, 20,000 Leagues Under the...","protected":false},"author":1,"featured_media":0,"parent":0,"menu_order":0,"comment_status":"closed","ping_status":"closed","template":"","meta":{"footnotes":""},"class_list":["post-10278","page","type-page","status-publish","hentry"],"_links":{"self":[{"href":"http:\/\/solasdevento.com.br\/en\/wp-json\/wp\/v2\/pages\/10278","targetHints":{"allow":["GET"]}}],"collection":[{"href":"http:\/\/solasdevento.com.br\/en\/wp-json\/wp\/v2\/pages"}],"about":[{"href":"http:\/\/solasdevento.com.br\/en\/wp-json\/wp\/v2\/types\/page"}],"author":[{"embeddable":true,"href":"http:\/\/solasdevento.com.br\/en\/wp-json\/wp\/v2\/users\/1"}],"replies":[{"embeddable":true,"href":"http:\/\/solasdevento.com.br\/en\/wp-json\/wp\/v2\/comments?post=10278"}],"version-history":[{"count":4,"href":"http:\/\/solasdevento.com.br\/en\/wp-json\/wp\/v2\/pages\/10278\/revisions"}],"predecessor-version":[{"id":10500,"href":"http:\/\/solasdevento.com.br\/en\/wp-json\/wp\/v2\/pages\/10278\/revisions\/10500"}],"wp:attachment":[{"href":"http:\/\/solasdevento.com.br\/en\/wp-json\/wp\/v2\/media?parent=10278"}],"curies":[{"name":"wp","href":"https:\/\/api.w.org\/{rel}","templated":true}]}}