{"id":10130,"date":"2016-08-08T12:50:38","date_gmt":"2016-08-08T15:50:38","guid":{"rendered":"http:\/\/solasdevento.com.br\/fr\/viagem-ao-centro-da-terra\/"},"modified":"2025-09-30T15:45:45","modified_gmt":"2025-09-30T18:45:45","slug":"voyage-au-centre-de-la-terre","status":"publish","type":"page","link":"http:\/\/solasdevento.com.br\/fr\/voyage-au-centre-de-la-terre\/","title":{"rendered":"Voyage au centre de la Terre"},"content":{"rendered":"<div  data-q_id=\"#tabs\" class=\"wpb_row vc_row-fluid\" style=\"text-align:right;\"><section class=\"section  grid_section\" style=' padding-top:0px;'><div class=\"section_inner clearfix\">\n\t<div class=\"vc_span6 wpb_column column_container\">\n\t\t<div class=\"wpb_wrapper\">\n\t\t\t\n\t<div class=\"wpb_tabstabs_holder clearfix\" data-interval=\"0\">\n\t\t<div class=\"q_tabs horizontal\">\n\t\t\t<ul class=\"tabs-nav\"><li><a href=\"#tab-1382691955-1-80630-53d11fb4-a48c\">SYNOPSIS<\/a><\/li><li><a href=\"#tab-1418760716253-3-31fb4-a48c\">A PROPOS<\/a><\/li><li><a href=\"#tab-1382691955-2-560630-53d11fb4-a48c\">EQUIPE<\/a><\/li><li><a href=\"#tab-1383315102986-2-10630-53d11fb4-a48c\">VID\u00c9O<\/a><\/li><\/ul>\n<div class='tabs-container'>\n\t\t\t\n\n\t\t\t<div id=\"tab-1382691955-1-80630-53d11fb4-a48c\" class=\"tab-content\">\n\t\t\t\t<div class=\"wpb_content_element separator  transparent center  \" style=\"margin-top:0px;margin-bottom:5px;\"><\/div>\n<div  class=\"wpb_row vc_row-fluid\" style=\"text-align:left;\">\n\t<div class=\"vc_span12 wpb_column column_container\">\n\t\t<div class=\"wpb_wrapper\">\n\t\t\t\n\t<div class=\"wpb_text_column wpb_content_element \">\n\t\t<div class=\"wpb_wrapper\">\n\t\t\t<span style=\"color: #008080;\">Le jeune Axel et son oncle Otto Lindenbrock, un g\u00e9ologue passionn\u00e9 par les myst\u00e8res de la plan\u00e8te, d\u00e9couvrent les explications d\u2019un chemin menant au centre de la terre. Malgr\u00e9 ses inqui\u00e9tudes, Axel est embarqu\u00e9 par son oncle dans cette grande aventure qui commence dans le crat\u00e8re d\u2019un volcan.<br \/>\nGr\u00e2ce \u00e0 la protection de Hans, un dr\u00f4le de guide islandais, les deux aventuriers font face aux nombreux dangers des profondeurs da la Terre. Cette qu\u00eate transformera le jeune Axel \u00e0 tout jamais.<\/span><\/p>\n<p><span style=\"color: #999999;\">Spectacle Jeune Public<br \/>\nPublic concern\u00e9 : Tout Public<br \/>\nDur\u00e9e : 70 minutes<br \/>\nEspace : Th\u00e9\u00e2tre<\/span>\n\t\t<\/div> \n\t<\/div> \n\t\t<\/div> \n\t<\/div> \n<\/div>\n\t\t\t<\/div> \n\n\t\t\t<div id=\"tab-1418760716253-3-31fb4-a48c\" class=\"tab-content\">\n\t\t\t\t<div class=\"wpb_content_element separator  transparent center  \" style=\"margin-top:0px;margin-bottom:5px;\"><\/div>\n<div  class=\"wpb_row vc_row-fluid\" style=\"text-align:left;\">\n\t<div class=\"vc_span12 wpb_column column_container\">\n\t\t<div class=\"wpb_wrapper\">\n\t\t\t\n\t<div class=\"wpb_text_column wpb_content_element \">\n\t\t<div class=\"wpb_wrapper\">\n\t\t\t\n<p>Cr\u00e9\u00e9 en 2015, \u00ab Voyage au centre de la Terre \u00bb est le second spectacle Jeune Public de la Cie. Le montage a \u00e9t\u00e9 nomin\u00e9 au prix S\u00e3o Paulo de th\u00e9\u00e2tre jeune public dans les cat\u00e9gories, meilleur spectacle, meilleur com\u00e9dien et meilleure musique originale.<\/p>\n<p>Cette adaptation de \u00ab Voyage au centre de la Terre \u00bb est conduite par trois com\u00e9diens qui utilisent acrobatie, th\u00e9\u00e2tre gestuel, manipulation d\u2019objets et marionnettes pour donner vie aux id\u00e9es de Jules Verne.<br \/>\nGr\u00e2ce \u00e0 cinq cam\u00e9ras dispos\u00e9es sur la sc\u00e8ne sont projet\u00e9es en Live les images anim\u00e9es de maquettes et automates qui recr\u00e9\u00e9nt les paysages incroyables du centre de la Terre.<br \/>\nCes cam\u00e9ras permettent aussi d\u2019offrir au public de nouvelles perspectives des actions cr\u00e9\u00e9es en sc\u00e8ne par les com\u00e9diens, qui donnent une dimension fantastique \u00e0 cette aventure.<\/p>\n<p>La combinaison de ces \u00e9l\u00e9ments visuels avec la manipulation de planches sc\u00e9nographiques conduit \u00e0 une transformation constante de l\u2019espace sc\u00e9nique invitant le public \u00e0 d\u00e9couvrir cavernes et espace souterrains remplis de dangers inattendus et de fortes \u00e9motions.<\/p>\n<p>\u201cVoyages au centre de la Terre \u00bb est une histoire de courage, un voyage initiatique dans les profondeurs de la Terre, un spectacle dr\u00f4le et plein de surprises.<\/p>\n\n\t\t<\/div> \n\t<\/div> \n\t\t<\/div> \n\t<\/div> \n<\/div>\n\t\t\t<\/div> \n\n\t\t\t<div id=\"tab-1382691955-2-560630-53d11fb4-a48c\" class=\"tab-content\">\n\t\t\t\t<div  class=\"wpb_row vc_row-fluid\" style=\"text-align:left;\">\n\t<div class=\"vc_span12 wpb_column column_container\">\n\t\t<div class=\"wpb_wrapper\">\n\t\t\t\n\t<div class=\"wpb_text_column wpb_content_element \">\n\t\t<div class=\"wpb_wrapper\">\n\t\t\t\n<span style=\"color: #999999;\">conception \u2022 <\/span><span style=\"color: #008080;\">Cia. Solas de Vento<\/span><br \/>\n<span style=\"color: #999999;\">cr\u00e9ation \u2022 <\/span><span style=\"color: #008080;\">Andr\u00e9 Schulle, Bobby Baq, Bruno Rudolf, Eric Nowinski et Ricardo Rodrigues<\/span><br \/>\n<span style=\"color: #999999;\">dramaturgie \u2022 <\/span><span style=\"color: #008080;\">Bobby Baq en collaboration avec l\u2019\u00e9quipe<\/span><br \/>\n<span style=\"color: #999999;\">mise en sc\u00e8ne \u2022 <\/span><span style=\"color: #008080;\">Eric Nowinski<\/span><br \/>\n<span style=\"color: #999999;\">avec \u2022 <\/span><span style=\"color: #008080;\">Andr\u00e9 Schulle, Bruno Rudolf et Ricardo Rodrigues<\/span><br \/>\n<span style=\"color: #999999;\">direction artistique \u2022 <\/span><span style=\"color: #008080;\">Isabela Teles<\/span><br \/>\n<span style=\"color: #999999;\">musique originale \u2022 <\/span><span style=\"color: #008080;\">Andr\u00e9 Vac<\/span><br \/>\n<span style=\"color: #999999;\">sc\u00e9nographie \u2022 <\/span><span style=\"color: #008080;\">Cia Solas De Vento et Luana Alves<\/span><br \/>\n<span style=\"color: #999999;\">costumes \u2022 <\/span><span style=\"color: #008080;\">Isabela Teles<\/span><br \/>\n<span style=\"color: #999999;\">accessoires \u2022 <\/span><span style=\"color: #008080;\">Nonon Creaturas<\/span><br \/>\n<span style=\"color: #999999;\">illumination d\u2019objets de sc\u00e8ne \u2022 <\/span><span style=\"color: #008080;\">Marcel Alani Gilber<\/span><br \/>\n<span style=\"color: #999999;\">cr\u00e9ation lumi\u00e8res \u2022 <\/span><span style=\"color: #008080;\">Roseli Marttinely et Eric Nowinski<\/span><br \/>\n<span style=\"color: #999999;\">photographies \u2022 <\/span><span style=\"color: #008080;\">Mariana Chama<\/span><br \/>\n<span style=\"color: #999999;\">r\u00e9alisation \u2022 <\/span><span style=\"color: #008080;\">Cia. Solas de Vento<\/span><br \/>\n\n\t\t<\/div> \n\t<\/div> \n\t\t<\/div> \n\t<\/div> \n<\/div>\n\t\t\t<\/div> \n\n\t\t\t<div id=\"tab-1383315102986-2-10630-53d11fb4-a48c\" class=\"tab-content\">\n\t\t\t\t<div  class=\"wpb_row vc_row-fluid\" style=\"text-align:left;\">\n\t<div class=\"vc_span12 wpb_column column_container\">\n\t\t<div class=\"wpb_wrapper\">\n\t\t\t\n\t<div class=\"wpb_video_widget wpb_content_element\">\n\t\t<div class=\"wpb_wrapper\"><div class=\"wpb_video_wrapper\"><iframe loading=\"lazy\" title=\"Viagem ao Centro da Terra\" width=\"1060\" height=\"596\" src=\"https:\/\/www.youtube.com\/embed\/4ruND-M9H4M?feature=oembed\" frameborder=\"0\" allow=\"accelerometer; autoplay; clipboard-write; encrypted-media; gyroscope; picture-in-picture; web-share\" referrerpolicy=\"strict-origin-when-cross-origin\" allowfullscreen><\/iframe><\/div>\n\t\t<\/div> \n\t<\/div> \n\t\t<\/div> \n\t<\/div> \n<\/div>\n\t\t\t<\/div> <\/div>\n\t\t<\/div> \n\t<\/div> \n\n\t\t<\/div> \n\t<\/div> \n\n\n\t<div class=\"vc_span6 wpb_column column_container\">\n\t\t<div class=\"wpb_wrapper\">\n\t\t\t<div  class=\"wpb_row vc_row-fluid\" style=\"text-align:right;\">\n\t<div class=\"vc_span4 wpb_column column_container\">\n\t\t<div class=\"wpb_wrapper\">\n\t\t\t<div class=\"wpb_content_element separator  transparent center  \" style=\"\"><\/div>\n\n\t\t<\/div> \n\t<\/div> \n\n\t<div class=\"vc_span4 wpb_column column_container\">\n\t\t<div class=\"wpb_wrapper\">\n\t\t\t\n<a href=\"http:\/\/solasdevento.com.br\/wp-content\/uploads\/clipping-Viagem-ao-Centro-da-Terra.pdf\" target=\"_blank\" class=\"qbutton  tiny right\" style=\"font-weight: 100; \">REVUE DE PRESSE<i class=\"fa fa-paperclip fa-lg\" style=\"\"><\/i><\/a>\n\t\t<\/div> \n\t<\/div> \n\n\t<div class=\"vc_span4 wpb_column column_container\">\n\t\t<div class=\"wpb_wrapper\">\n\t\t\t\n<a href=\"http:\/\/solasdevento.com.br\/wp-content\/uploads\/Rider-T\u00e9cnico-Viagem-ao-centro-da-Terra.pdf\" target=\"_blank\" class=\"qbutton  tiny right\" style=\"font-weight: 100; \">FICHE TECHNIQUE<i class=\"fa fa-paperclip fa-lg\" style=\"\"><\/i><\/a>\n\t\t<\/div> \n\t<\/div> \n<\/div><div class=\"wpb_content_element separator  transparent center  \" style=\"margin-top:0px;margin-bottom:17px;\"><\/div>\n\n\n\t<div class=\"wpb_gallery wpb_content_element clearfix\">\n\t\t<div class=\"wpb_wrapper\"><div class=\"wpb_gallery_slides wpb_image_grid\" data-interval=\"3\"><div class=\"gallery_holder\"><ul class=\"gallery_inner v0\"><li><a class=\"prettyphoto\" href=\"\" rel=\"prettyPhoto[rel-1661054259]\"><span class=\"gallery_hover\"><i class=\"fa fa-search\"><\/i><\/span><img decoding=\"async\" src=\"\" width=\"\" height=\"\" alt=\"\" \/><\/a><\/li><li><a class=\"prettyphoto\" href=\"http:\/\/solasdevento.com.br\/wp-content\/uploads\/2015-08-solas-de-vento-viagem-ao-centro-30-1024x770.jpg\" rel=\"prettyPhoto[rel-1661054259]\"><span class=\"gallery_hover\"><i class=\"fa fa-search\"><\/i><\/span><img loading=\"lazy\" decoding=\"async\" src=\"http:\/\/solasdevento.com.br\/wp-content\/uploads\/2015-08-solas-de-vento-viagem-ao-centro-30-100x100.jpg\" width=\"100\" height=\"100\" alt=\"2015 08 solas de vento viagem ao centro (30)\" \/><\/a><\/li><li><a class=\"prettyphoto\" href=\"http:\/\/solasdevento.com.br\/wp-content\/uploads\/2015-08-solas-de-vento-viagem-ao-centro-70-1024x841.jpg\" rel=\"prettyPhoto[rel-1661054259]\"><span class=\"gallery_hover\"><i class=\"fa fa-search\"><\/i><\/span><img loading=\"lazy\" decoding=\"async\" src=\"http:\/\/solasdevento.com.br\/wp-content\/uploads\/2015-08-solas-de-vento-viagem-ao-centro-70-100x100.jpg\" width=\"100\" height=\"100\" alt=\"2015 08 solas de vento viagem ao centro (70)\" \/><\/a><\/li><li><a class=\"prettyphoto\" href=\"http:\/\/solasdevento.com.br\/wp-content\/uploads\/2015-08-solas-de-vento-viagem-ao-centro-72-1024x683.jpg\" rel=\"prettyPhoto[rel-1661054259]\"><span class=\"gallery_hover\"><i class=\"fa fa-search\"><\/i><\/span><img loading=\"lazy\" decoding=\"async\" src=\"http:\/\/solasdevento.com.br\/wp-content\/uploads\/2015-08-solas-de-vento-viagem-ao-centro-72-100x100.jpg\" width=\"100\" height=\"100\" alt=\"2015 08 solas de vento viagem ao centro (72)\" \/><\/a><\/li><li><a class=\"prettyphoto\" href=\"http:\/\/solasdevento.com.br\/wp-content\/uploads\/2015-08-solas-de-vento-viagem-ao-centro-75-683x1024.jpg\" rel=\"prettyPhoto[rel-1661054259]\"><span class=\"gallery_hover\"><i class=\"fa fa-search\"><\/i><\/span><img loading=\"lazy\" decoding=\"async\" src=\"http:\/\/solasdevento.com.br\/wp-content\/uploads\/2015-08-solas-de-vento-viagem-ao-centro-75-100x100.jpg\" width=\"100\" height=\"100\" alt=\"2015 08 solas de vento viagem ao centro (75)\" \/><\/a><\/li><li><a class=\"prettyphoto\" href=\"http:\/\/solasdevento.com.br\/wp-content\/uploads\/2015-08-solas-de-vento-viagem-ao-centro-100-510x1024.jpg\" rel=\"prettyPhoto[rel-1661054259]\"><span class=\"gallery_hover\"><i class=\"fa fa-search\"><\/i><\/span><img loading=\"lazy\" decoding=\"async\" src=\"http:\/\/solasdevento.com.br\/wp-content\/uploads\/2015-08-solas-de-vento-viagem-ao-centro-100-100x100.jpg\" width=\"100\" height=\"100\" alt=\"2015 08 solas de vento viagem ao centro (100)\" \/><\/a><\/li><li><a class=\"prettyphoto\" href=\"http:\/\/solasdevento.com.br\/wp-content\/uploads\/2015-08-solas-de-vento-viagem-ao-centro-109-623x1024.jpg\" rel=\"prettyPhoto[rel-1661054259]\"><span class=\"gallery_hover\"><i class=\"fa fa-search\"><\/i><\/span><img loading=\"lazy\" decoding=\"async\" src=\"http:\/\/solasdevento.com.br\/wp-content\/uploads\/2015-08-solas-de-vento-viagem-ao-centro-109-100x100.jpg\" width=\"100\" height=\"100\" alt=\"2015 08 solas de vento viagem ao centro (109)\" \/><\/a><\/li><li><a class=\"prettyphoto\" href=\"http:\/\/solasdevento.com.br\/wp-content\/uploads\/2015-08-solas-de-vento-viagem-ao-centro-115-658x1024.jpg\" rel=\"prettyPhoto[rel-1661054259]\"><span class=\"gallery_hover\"><i class=\"fa fa-search\"><\/i><\/span><img loading=\"lazy\" decoding=\"async\" src=\"http:\/\/solasdevento.com.br\/wp-content\/uploads\/2015-08-solas-de-vento-viagem-ao-centro-115-100x100.jpg\" width=\"100\" height=\"100\" alt=\"2015 08 solas de vento viagem ao centro (115)\" \/><\/a><\/li><li><a class=\"prettyphoto\" href=\"http:\/\/solasdevento.com.br\/wp-content\/uploads\/2015-09-solas-viagem-ao-centro-da-terra-7-1024x682.jpg\" rel=\"prettyPhoto[rel-1661054259]\"><span class=\"gallery_hover\"><i class=\"fa fa-search\"><\/i><\/span><img loading=\"lazy\" decoding=\"async\" src=\"http:\/\/solasdevento.com.br\/wp-content\/uploads\/2015-09-solas-viagem-ao-centro-da-terra-7-100x100.jpg\" width=\"100\" height=\"100\" alt=\"2015 09 solas viagem ao centro da terra (7)\" \/><\/a><\/li><li><a class=\"prettyphoto\" href=\"http:\/\/solasdevento.com.br\/wp-content\/uploads\/2015-09-solas-viagem-ao-centro-da-terra-34-1024x683.jpg\" rel=\"prettyPhoto[rel-1661054259]\"><span class=\"gallery_hover\"><i class=\"fa fa-search\"><\/i><\/span><img loading=\"lazy\" decoding=\"async\" src=\"http:\/\/solasdevento.com.br\/wp-content\/uploads\/2015-09-solas-viagem-ao-centro-da-terra-34-100x100.jpg\" width=\"100\" height=\"100\" alt=\"2015 09 solas viagem ao centro da terra (34)\" \/><\/a><\/li><li><a class=\"prettyphoto\" href=\"http:\/\/solasdevento.com.br\/wp-content\/uploads\/2015-09-solas-viagem-ao-centro-da-terra-43-1024x683.jpg\" rel=\"prettyPhoto[rel-1661054259]\"><span class=\"gallery_hover\"><i class=\"fa fa-search\"><\/i><\/span><img loading=\"lazy\" decoding=\"async\" src=\"http:\/\/solasdevento.com.br\/wp-content\/uploads\/2015-09-solas-viagem-ao-centro-da-terra-43-100x100.jpg\" width=\"100\" height=\"100\" alt=\"2015 09 solas viagem ao centro da terra (43)\" \/><\/a><\/li><li><a class=\"prettyphoto\" href=\"http:\/\/solasdevento.com.br\/wp-content\/uploads\/2015-09-solas-viagem-ao-centro-da-terra-49-1024x599.jpg\" rel=\"prettyPhoto[rel-1661054259]\"><span class=\"gallery_hover\"><i class=\"fa fa-search\"><\/i><\/span><img loading=\"lazy\" decoding=\"async\" src=\"http:\/\/solasdevento.com.br\/wp-content\/uploads\/2015-09-solas-viagem-ao-centro-da-terra-49-100x100.jpg\" width=\"100\" height=\"100\" alt=\"2015 09 solas viagem ao centro da terra (49)\" \/><\/a><\/li><li><a class=\"prettyphoto\" href=\"http:\/\/solasdevento.com.br\/wp-content\/uploads\/2015-09-solas-viagem-ao-centro-da-terra-55-1024x683.jpg\" rel=\"prettyPhoto[rel-1661054259]\"><span class=\"gallery_hover\"><i class=\"fa fa-search\"><\/i><\/span><img loading=\"lazy\" decoding=\"async\" src=\"http:\/\/solasdevento.com.br\/wp-content\/uploads\/2015-09-solas-viagem-ao-centro-da-terra-55-100x100.jpg\" width=\"100\" height=\"100\" alt=\"2015 09 solas viagem ao centro da terra (55)\" \/><\/a><\/li><li><a class=\"prettyphoto\" href=\"http:\/\/solasdevento.com.br\/wp-content\/uploads\/2015-09-solas-viagem-ao-centro-da-terra-64-768x1024.jpg\" rel=\"prettyPhoto[rel-1661054259]\"><span class=\"gallery_hover\"><i class=\"fa fa-search\"><\/i><\/span><img loading=\"lazy\" decoding=\"async\" src=\"http:\/\/solasdevento.com.br\/wp-content\/uploads\/2015-09-solas-viagem-ao-centro-da-terra-64-100x100.jpg\" width=\"100\" height=\"100\" alt=\"2015 09 solas viagem ao centro da terra (64)\" \/><\/a><\/li><li><a class=\"prettyphoto\" href=\"http:\/\/solasdevento.com.br\/wp-content\/uploads\/2015-09-solas-viagem-ao-centro-da-terra-65-1024x629.jpg\" rel=\"prettyPhoto[rel-1661054259]\"><span class=\"gallery_hover\"><i class=\"fa fa-search\"><\/i><\/span><img loading=\"lazy\" decoding=\"async\" src=\"http:\/\/solasdevento.com.br\/wp-content\/uploads\/2015-09-solas-viagem-ao-centro-da-terra-65-100x100.jpg\" width=\"100\" height=\"100\" alt=\"2015 09 solas viagem ao centro da terra (65)\" \/><\/a><\/li><li><a class=\"prettyphoto\" href=\"http:\/\/solasdevento.com.br\/wp-content\/uploads\/2015-09-solas-viagem-ao-centro-da-terra-82-768x1024.jpg\" rel=\"prettyPhoto[rel-1661054259]\"><span class=\"gallery_hover\"><i class=\"fa fa-search\"><\/i><\/span><img loading=\"lazy\" decoding=\"async\" src=\"http:\/\/solasdevento.com.br\/wp-content\/uploads\/2015-09-solas-viagem-ao-centro-da-terra-82-100x100.jpg\" width=\"100\" height=\"100\" alt=\"2015 09 solas viagem ao centro da terra (82)\" \/><\/a><\/li><li><a class=\"prettyphoto\" href=\"http:\/\/solasdevento.com.br\/wp-content\/uploads\/2015-09-solas-viagem-ao-centro-da-terra-100-1024x683.jpg\" rel=\"prettyPhoto[rel-1661054259]\"><span class=\"gallery_hover\"><i class=\"fa fa-search\"><\/i><\/span><img loading=\"lazy\" decoding=\"async\" src=\"http:\/\/solasdevento.com.br\/wp-content\/uploads\/2015-09-solas-viagem-ao-centro-da-terra-100-100x100.jpg\" width=\"100\" height=\"100\" alt=\"2015 09 solas viagem ao centro da terra (100)\" \/><\/a><\/li><li><a class=\"prettyphoto\" href=\"http:\/\/solasdevento.com.br\/wp-content\/uploads\/2015-09-solas-viagem-ao-centro-da-terra-104-1024x681.jpg\" rel=\"prettyPhoto[rel-1661054259]\"><span class=\"gallery_hover\"><i class=\"fa fa-search\"><\/i><\/span><img loading=\"lazy\" decoding=\"async\" src=\"http:\/\/solasdevento.com.br\/wp-content\/uploads\/2015-09-solas-viagem-ao-centro-da-terra-104-100x100.jpg\" width=\"100\" height=\"100\" alt=\"2015 09 solas viagem ao centro da terra (104)\" \/><\/a><\/li><li><a class=\"prettyphoto\" href=\"http:\/\/solasdevento.com.br\/wp-content\/uploads\/2015-09-solas-viagem-ao-centro-da-terra-119-1024x607.jpg\" rel=\"prettyPhoto[rel-1661054259]\"><span class=\"gallery_hover\"><i class=\"fa fa-search\"><\/i><\/span><img loading=\"lazy\" decoding=\"async\" src=\"http:\/\/solasdevento.com.br\/wp-content\/uploads\/2015-09-solas-viagem-ao-centro-da-terra-119-100x100.jpg\" width=\"100\" height=\"100\" alt=\"2015 09 solas viagem ao centro da terra (119)\" \/><\/a><\/li><li><a class=\"prettyphoto\" href=\"http:\/\/solasdevento.com.br\/wp-content\/uploads\/2015-09-solas-viagem-ao-centro-da-terra-126-1024x687.jpg\" rel=\"prettyPhoto[rel-1661054259]\"><span class=\"gallery_hover\"><i class=\"fa fa-search\"><\/i><\/span><img loading=\"lazy\" decoding=\"async\" src=\"http:\/\/solasdevento.com.br\/wp-content\/uploads\/2015-09-solas-viagem-ao-centro-da-terra-126-100x100.jpg\" width=\"100\" height=\"100\" alt=\"2015 09 solas viagem ao centro da terra (126)\" \/><\/a><\/li><li><a class=\"prettyphoto\" href=\"http:\/\/solasdevento.com.br\/wp-content\/uploads\/2015-09-solas-viagem-ao-centro-da-terra-130-1024x683.jpg\" rel=\"prettyPhoto[rel-1661054259]\"><span class=\"gallery_hover\"><i class=\"fa fa-search\"><\/i><\/span><img loading=\"lazy\" decoding=\"async\" src=\"http:\/\/solasdevento.com.br\/wp-content\/uploads\/2015-09-solas-viagem-ao-centro-da-terra-130-100x100.jpg\" width=\"100\" height=\"100\" alt=\"2015 09 solas viagem ao centro da terra (130)\" \/><\/a><\/li><li><a class=\"prettyphoto\" href=\"http:\/\/solasdevento.com.br\/wp-content\/uploads\/2015-09-solas-viagem-ao-centro-da-terra-136-1024x576.jpg\" rel=\"prettyPhoto[rel-1661054259]\"><span class=\"gallery_hover\"><i class=\"fa fa-search\"><\/i><\/span><img loading=\"lazy\" decoding=\"async\" src=\"http:\/\/solasdevento.com.br\/wp-content\/uploads\/2015-09-solas-viagem-ao-centro-da-terra-136-100x100.jpg\" width=\"100\" height=\"100\" alt=\"2015 09 solas viagem ao centro da terra (136)\" \/><\/a><\/li><li><a class=\"prettyphoto\" href=\"http:\/\/solasdevento.com.br\/wp-content\/uploads\/2015-09-solas-viagem-ao-centro-da-terra-146-1024x576.jpg\" rel=\"prettyPhoto[rel-1661054259]\"><span class=\"gallery_hover\"><i class=\"fa fa-search\"><\/i><\/span><img loading=\"lazy\" decoding=\"async\" src=\"http:\/\/solasdevento.com.br\/wp-content\/uploads\/2015-09-solas-viagem-ao-centro-da-terra-146-100x100.jpg\" width=\"100\" height=\"100\" alt=\"2015 09 solas viagem ao centro da terra (146)\" \/><\/a><\/li><li><a class=\"prettyphoto\" href=\"http:\/\/solasdevento.com.br\/wp-content\/uploads\/2015-09-solas-viagem-ao-centro-da-terra-148-1024x683.jpg\" rel=\"prettyPhoto[rel-1661054259]\"><span class=\"gallery_hover\"><i class=\"fa fa-search\"><\/i><\/span><img loading=\"lazy\" decoding=\"async\" src=\"http:\/\/solasdevento.com.br\/wp-content\/uploads\/2015-09-solas-viagem-ao-centro-da-terra-148-100x100.jpg\" width=\"100\" height=\"100\" alt=\"2015 09 solas viagem ao centro da terra (148)\" \/><\/a><\/li><li><a class=\"prettyphoto\" href=\"http:\/\/solasdevento.com.br\/wp-content\/uploads\/2015-09-solas-viagem-ao-centro-da-terra-149-768x1024.jpg\" rel=\"prettyPhoto[rel-1661054259]\"><span class=\"gallery_hover\"><i class=\"fa fa-search\"><\/i><\/span><img loading=\"lazy\" decoding=\"async\" src=\"http:\/\/solasdevento.com.br\/wp-content\/uploads\/2015-09-solas-viagem-ao-centro-da-terra-149-100x100.jpg\" width=\"100\" height=\"100\" alt=\"2015 09 solas viagem ao centro da terra (149)\" \/><\/a><\/li><li><a class=\"prettyphoto\" href=\"http:\/\/solasdevento.com.br\/wp-content\/uploads\/2015-09-solas-viagem-ao-centro-da-terra-155retoc-1024x683.jpg\" rel=\"prettyPhoto[rel-1661054259]\"><span class=\"gallery_hover\"><i class=\"fa fa-search\"><\/i><\/span><img loading=\"lazy\" decoding=\"async\" src=\"http:\/\/solasdevento.com.br\/wp-content\/uploads\/2015-09-solas-viagem-ao-centro-da-terra-155retoc-100x100.jpg\" width=\"100\" height=\"100\" alt=\"2015 09 solas viagem ao centro da terra (155)retoc\" \/><\/a><\/li><\/ul><\/div><\/div>\n\t\t<\/div> \n\t<\/div> \n\t\t<\/div> \n\t<\/div> \n<\/div><\/section><\/div>\n\n\n\n<div  class=\"wpb_row vc_row-fluid\" style=\"text-align:left;\">\n\t<div class=\"vc_span12 wpb_column column_container\">\n\t\t<div class=\"wpb_wrapper\">\n\t\t\t\n\t\t<\/div> \n\t<\/div> \n<\/div>\n\n\n\n<p><\/p>\n","protected":false},"excerpt":{"rendered":"SYNOPSISA PROPOSEQUIPEVID\u00c9O Le jeune Axel et son oncle Otto Lindenbrock, un g\u00e9ologue passionn\u00e9 par les myst\u00e8res de la plan\u00e8te, d\u00e9couvrent les explications d\u2019un chemin menant au centre de la terre. Malgr\u00e9 ses inqui\u00e9tudes, Axel est embarqu\u00e9 par son oncle dans cette grande aventure qui commence...","protected":false},"author":4,"featured_media":0,"parent":0,"menu_order":0,"comment_status":"closed","ping_status":"closed","template":"full_width.php","meta":{"footnotes":""},"class_list":["post-10130","page","type-page","status-publish","hentry"],"_links":{"self":[{"href":"http:\/\/solasdevento.com.br\/fr\/wp-json\/wp\/v2\/pages\/10130","targetHints":{"allow":["GET"]}}],"collection":[{"href":"http:\/\/solasdevento.com.br\/fr\/wp-json\/wp\/v2\/pages"}],"about":[{"href":"http:\/\/solasdevento.com.br\/fr\/wp-json\/wp\/v2\/types\/page"}],"author":[{"embeddable":true,"href":"http:\/\/solasdevento.com.br\/fr\/wp-json\/wp\/v2\/users\/4"}],"replies":[{"embeddable":true,"href":"http:\/\/solasdevento.com.br\/fr\/wp-json\/wp\/v2\/comments?post=10130"}],"version-history":[{"count":6,"href":"http:\/\/solasdevento.com.br\/fr\/wp-json\/wp\/v2\/pages\/10130\/revisions"}],"predecessor-version":[{"id":10367,"href":"http:\/\/solasdevento.com.br\/fr\/wp-json\/wp\/v2\/pages\/10130\/revisions\/10367"}],"wp:attachment":[{"href":"http:\/\/solasdevento.com.br\/fr\/wp-json\/wp\/v2\/media?parent=10130"}],"curies":[{"name":"wp","href":"https:\/\/api.w.org\/{rel}","templated":true}]}}