{"id":10181,"date":"2025-08-27T16:21:11","date_gmt":"2025-08-27T19:21:11","guid":{"rendered":"https:\/\/solasdevento.com.br\/vento\/"},"modified":"2025-10-24T15:50:59","modified_gmt":"2025-10-24T18:50:59","slug":"vent","status":"publish","type":"page","link":"http:\/\/solasdevento.com.br\/fr\/vent\/","title":{"rendered":"Vent"},"content":{"rendered":"<div  data-q_id=\"#tabs\" class=\"wpb_row vc_row-fluid\" style=\"text-align:right;\"><section class=\"section  grid_section\" style=' padding-top:0px;'><div class=\"section_inner clearfix\">\n\t<div class=\"vc_span6 wpb_column column_container\">\n\t\t<div class=\"wpb_wrapper\">\n\t\t\t\n\t<div class=\"wpb_tabstabs_holder clearfix\" data-interval=\"0\">\n\t\t<div class=\"q_tabs horizontal\">\n\t\t\t<ul class=\"tabs-nav\"><li><a href=\"#tab-1382691955-1-80630-53d1\">SYNOPSIS<\/a><\/li><li><a href=\"#tab-1418760716253-3-3\">A PROPOS<\/a><\/li><li><a href=\"#tab-1382691955-2-560630-53d1\">\u00c9QUIPE ARTISTIQUE<\/a><\/li><li><a href=\"#tab-1383315102986-2-10630-53d1\">V\u00cdDEO<\/a><\/li><\/ul>\n<div class='tabs-container'>\n\t\t\t\n\t\t\t<div id=\"tab-1382691955-1-80630-53d1\" class=\"tab-content\">\n\t\t\t\t<div class=\"wpb_content_element separator  transparent center  \" style=\"margin-top:0px;margin-bottom:5px;\"><\/div>\n<div  class=\"wpb_row vc_row-fluid\" style=\"text-align:left;\">\n\t<div class=\"vc_span12 wpb_column column_container\">\n\t\t<div class=\"wpb_wrapper\">\n\t\t\t\n\t<div class=\"wpb_text_column wpb_content_element \">\n\t\t<div class=\"wpb_wrapper\">\n\t\t\t<span style=\"color: #008080;\">Dans un non-lieu o\u00f9 le vent habite et les humains r\u00e9sistent.\u2028Dans un lieu o\u00f9 vivent les humains et que le vent emporte.\u2028Dans un temps o\u00f9 les presque-humains presque-existent, m\u00eame si presque tout s\u2019envole.\u2028La science survit-elle ? La foi ? L\u2019affection ? Et ce qu\u2019il y a de plus sauvage ?\u2028Prendre racine, est-ce r\u00e9sister ? Ou voler, est-ce survivre ?\u2028Eux quatre pour eux-m\u00eames, et le vent pour tous\u2026 les c\u00f4t\u00e9s.<br \/>\n\u00ab \u00c0 l\u2019int\u00e9rieur, le vent. Tout ferm\u00e9 et le vent dedans. \u00bb<\/span><\/p>\n<p>&nbsp;<\/p>\n<p><span style=\"color: #999999;\"> CIRQUE (65 minutes)\u2028\u00c2ge recommand\u00e9 : \u00e0 partir de 5 ans\u2028Lieu : Sc\u00e8ne, espace sc\u00e9nique ou en plein air <\/span>\n\t\t<\/div> \n\t<\/div> \n\t\t<\/div> \n\t<\/div> \n<\/div>\n\t\t\t<\/div> \n\t\t\t<div id=\"tab-1418760716253-3-3\" class=\"tab-content\">\n\t\t\t\t<div class=\"wpb_content_element separator  transparent center  \" style=\"margin-top:0px;margin-bottom:5px;\"><\/div>\n<div  class=\"wpb_row vc_row-fluid\" style=\"text-align:left;\">\n\t<div class=\"vc_span12 wpb_column column_container\">\n\t\t<div class=\"wpb_wrapper\">\n\t\t\t\n\t<div class=\"wpb_text_column wpb_content_element \">\n\t\t<div class=\"wpb_wrapper\">\n\t\t\t<span style=\"color: #999999;\"> VENT est n\u00e9 des inqui\u00e9tudes et des espoirs issus de la temp\u00eate m\u00e9diatique, politique et \u00e9cologique que nous traversons aujourd\u2019hui. En temps incertains, le spectacle propose une r\u00e9flexion sur des pr\u00e9sents et des futurs possibles, sur les utopies et les dystopies, la puissance et l\u2019impuissance. Au c\u0153ur d\u2019un ouragan \u2013 le pire des sc\u00e9narios \u2013 un groupe improbable se forme et r\u00e9siste. <\/span><\/p>\n<p>&nbsp;<\/p>\n<p><span style=\"color: #999999;\"> Cr\u00e9\u00e9 en 2018, VENT est la sixi\u00e8me cr\u00e9ation de la compagnie et a \u00e9t\u00e9 pr\u00e9sent\u00e9 en premi\u00e8re au SESC Santana (S\u00e3o Paulo, Br\u00e9sil).\u2028Le processus de cr\u00e9ation a commenc\u00e9 en 2017, lors des c\u00e9l\u00e9brations des 10 ans de la Cia. Solas de Vento. Mariana Duarte et Andr\u00e9 Schulle ont \u00e9t\u00e9 invit\u00e9s \u00e0 int\u00e9grer la distribution de ce nouveau spectacle. En collaboration avec le dramaturge Bobby Baq, la dramaturgie a \u00e9t\u00e9 \u00e9labor\u00e9e \u00e0 travers un processus collectif. <\/span><\/p>\n<p>&nbsp;<\/p>\n<p><span style=\"color: #999999;\"> Afin d\u2019approfondir sa recherche sc\u00e9nique, gestuelle et visuelle, la compagnie a choisi de ne pas utiliser la parole, en mettant l\u2019accent sur le langage corporel des interpr\u00e8tes en dialogue avec les m\u00e9lodies compos\u00e9es par la musicienne L\u00edvia Mattos. <\/span>\n\t\t<\/div> \n\t<\/div> \n\t\t<\/div> \n\t<\/div> \n<\/div>\n\t\t\t<\/div> \n\t\t\t<div id=\"tab-1382691955-2-560630-53d1\" class=\"tab-content\">\n\t\t\t\t<div  class=\"wpb_row vc_row-fluid\" style=\"text-align:left;\">\n\t<div class=\"vc_span12 wpb_column column_container\">\n\t\t<div class=\"wpb_wrapper\">\n\t\t\t\n\t<div class=\"wpb_text_column wpb_content_element \">\n\t\t<div class=\"wpb_wrapper\">\n\t\t\t<span style=\"color: #999999;\">cr\u00e9ation &#038; Mise en sc\u00e8ne \u2022 <\/span><span style=\"color: #008080;\">Cia Solas de Vento<\/span><br \/>\n<span style=\"color: #999999;\">dramaturgie \u2022 <\/span><span style=\"color: #008080;\">Bobby Baq<\/span><br \/>\n<span style=\"color: #999999;\">interpr\u00e9tation \u2022 <\/span><span style=\"color: #008080;\">Andr\u00e9 Schulle, Bruno Rudolf, Mariana Duarte e Ricardo Rodrigues<\/span><br \/>\n<span style=\"color: #999999;\">direction artistique \u2022 <\/span><span style=\"color: #008080;\">Luana Alves e Cia Solas de Vento<\/span><br \/>\n<span style=\"color: #999999;\">cr\u00e9ation lumi\u00e8re \u2022 <\/span><span style=\"color: #008080;\">Marcel Alani<\/span><br \/>\n<span style=\"color: #999999;\">musique originale \u2022 <\/span><span style=\"color: #008080;\">L\u00edvia Mattos e Paulim Sartori<\/span>\n\t\t<\/div> \n\t<\/div> \n\t\t<\/div> \n\t<\/div> \n<\/div>\n\t\t\t<\/div> \n\t\t\t<div id=\"tab-1383315102986-2-10630-53d1\" class=\"tab-content\">\n\t\t\t\t<div  class=\"wpb_row vc_row-fluid\" style=\"text-align:left;\">\n\t<div class=\"vc_span12 wpb_column column_container\">\n\t\t<div class=\"wpb_wrapper\">\n\t\t\t\n\t<div class=\"wpb_video_widget wpb_content_element\">\n\t\t<div class=\"wpb_wrapper\"><div class=\"wpb_video_wrapper\"><iframe loading=\"lazy\" title=\"VENTO\" width=\"1060\" height=\"596\" src=\"https:\/\/www.youtube.com\/embed\/FPdbPcZEPgY?feature=oembed\" frameborder=\"0\" allow=\"accelerometer; autoplay; clipboard-write; encrypted-media; gyroscope; picture-in-picture; web-share\" referrerpolicy=\"strict-origin-when-cross-origin\" allowfullscreen><\/iframe><\/div>\n\t\t<\/div> \n\t<\/div> \n\t\t<\/div> \n\t<\/div> \n<\/div>\n\t\t\t<\/div> <\/div>\n\t\t<\/div> \n\t<\/div> \n\t\t<\/div> \n\t<\/div> \n\n\t<div class=\"vc_span6 wpb_column column_container\">\n\t\t<div class=\"wpb_wrapper\">\n\t\t\t<div  class=\"wpb_row vc_row-fluid\" style=\"text-align:right;\">\n\t<div class=\"vc_span4 wpb_column column_container\">\n\t\t<div class=\"wpb_wrapper\">\n\t\t\t<div class=\"wpb_content_element separator  transparent center  \" style=\"\"><\/div>\n\n\t\t<\/div> \n\t<\/div> \n\n\t<div class=\"vc_span4 wpb_column column_container\">\n\t\t<div class=\"wpb_wrapper\">\n\t\t\t<a href=\"http:\/\/solasdevento.com.br\/wp-content\/uploads\/Clipping-VENTO.pdf\" target=\"_blank\" class=\"qbutton  tiny right\" style=\"font-weight: 100; \">IMPRENSA<i class=\"fa fa-paperclip fa-lg\" style=\"\"><\/i><\/a>\n\t\t<\/div> \n\t<\/div> \n\n\t<div class=\"vc_span4 wpb_column column_container\">\n\t\t<div class=\"wpb_wrapper\">\n\t\t\t<a href=\"http:\/\/solasdevento.com.br\/wp-content\/uploads\/rider-VENTO.pdf\" target=\"_blank\" class=\"qbutton  tiny right\" style=\"font-weight: 100; \">Rider T\u00e9cnico<i class=\"fa fa-paperclip fa-lg\" style=\"\"><\/i><\/a>\n\t\t<\/div> \n\t<\/div> \n<\/div><div class=\"wpb_content_element separator  transparent center  \" style=\"margin-top:0px;margin-bottom:17px;\"><\/div>\n\n\t<div class=\"wpb_gallery wpb_content_element clearfix\">\n\t\t<div class=\"wpb_wrapper\"><div class=\"wpb_gallery_slides wpb_image_grid\" data-interval=\"3\"><div class=\"gallery_holder\"><ul class=\"gallery_inner v0\"><li><a class=\"prettyphoto\" href=\"http:\/\/solasdevento.com.br\/wp-content\/uploads\/2018-12-VENTO-solas-de-vento-24-1024x683.jpg\" rel=\"prettyPhoto[rel-1256902738]\"><span class=\"gallery_hover\"><i class=\"fa fa-search\"><\/i><\/span><img loading=\"lazy\" decoding=\"async\" src=\"http:\/\/solasdevento.com.br\/wp-content\/uploads\/2018-12-VENTO-solas-de-vento-24-100x100.jpg\" width=\"100\" height=\"100\" alt=\"2018 12 VENTO solas de vento (24)\" \/><\/a><\/li><li><a class=\"prettyphoto\" href=\"http:\/\/solasdevento.com.br\/wp-content\/uploads\/2018-12-solas-provisorio-31-1024x682.jpg\" rel=\"prettyPhoto[rel-1256902738]\"><span class=\"gallery_hover\"><i class=\"fa fa-search\"><\/i><\/span><img loading=\"lazy\" decoding=\"async\" src=\"http:\/\/solasdevento.com.br\/wp-content\/uploads\/2018-12-solas-provisorio-31-100x100.jpg\" width=\"100\" height=\"100\" alt=\"2018 12 solas proviso\u0301rio (31)\" \/><\/a><\/li><li><a class=\"prettyphoto\" href=\"http:\/\/solasdevento.com.br\/wp-content\/uploads\/2018-12-VENTO-solas-de-vento-150-1024x683.jpg\" rel=\"prettyPhoto[rel-1256902738]\"><span class=\"gallery_hover\"><i class=\"fa fa-search\"><\/i><\/span><img loading=\"lazy\" decoding=\"async\" src=\"http:\/\/solasdevento.com.br\/wp-content\/uploads\/2018-12-VENTO-solas-de-vento-150-100x100.jpg\" width=\"100\" height=\"100\" alt=\"2018 12 VENTO solas de vento (150)\" \/><\/a><\/li><li><a class=\"prettyphoto\" href=\"http:\/\/solasdevento.com.br\/wp-content\/uploads\/2018-12-VENTO-solas-de-vento-16-683x1024.jpg\" rel=\"prettyPhoto[rel-1256902738]\"><span class=\"gallery_hover\"><i class=\"fa fa-search\"><\/i><\/span><img loading=\"lazy\" decoding=\"async\" src=\"http:\/\/solasdevento.com.br\/wp-content\/uploads\/2018-12-VENTO-solas-de-vento-16-100x100.jpg\" width=\"100\" height=\"100\" alt=\"2018 12 VENTO solas de vento (16)\" \/><\/a><\/li><li><a class=\"prettyphoto\" href=\"http:\/\/solasdevento.com.br\/wp-content\/uploads\/2018-12-VENTO-solas-de-vento-126-683x1024.jpg\" rel=\"prettyPhoto[rel-1256902738]\"><span class=\"gallery_hover\"><i class=\"fa fa-search\"><\/i><\/span><img loading=\"lazy\" decoding=\"async\" src=\"http:\/\/solasdevento.com.br\/wp-content\/uploads\/2018-12-VENTO-solas-de-vento-126-100x100.jpg\" width=\"100\" height=\"100\" alt=\"2018 12 VENTO solas de vento (126)\" \/><\/a><\/li><li><a class=\"prettyphoto\" href=\"http:\/\/solasdevento.com.br\/wp-content\/uploads\/2018-12-VENTO-solas-de-vento-176-1024x683.jpg\" rel=\"prettyPhoto[rel-1256902738]\"><span class=\"gallery_hover\"><i class=\"fa fa-search\"><\/i><\/span><img loading=\"lazy\" decoding=\"async\" src=\"http:\/\/solasdevento.com.br\/wp-content\/uploads\/2018-12-VENTO-solas-de-vento-176-100x100.jpg\" width=\"100\" height=\"100\" alt=\"2018 12 VENTO solas de vento (176)\" \/><\/a><\/li><li><a class=\"prettyphoto\" href=\"http:\/\/solasdevento.com.br\/wp-content\/uploads\/2018-12-VENTO-solas-de-vento-168-1024x683.jpg\" rel=\"prettyPhoto[rel-1256902738]\"><span class=\"gallery_hover\"><i class=\"fa fa-search\"><\/i><\/span><img loading=\"lazy\" decoding=\"async\" src=\"http:\/\/solasdevento.com.br\/wp-content\/uploads\/2018-12-VENTO-solas-de-vento-168-100x100.jpg\" width=\"100\" height=\"100\" alt=\"2018 12 VENTO solas de vento (168)\" \/><\/a><\/li><li><a class=\"prettyphoto\" href=\"http:\/\/solasdevento.com.br\/wp-content\/uploads\/2018-12-VENTO-solas-de-vento-27-1024x683.jpg\" rel=\"prettyPhoto[rel-1256902738]\"><span class=\"gallery_hover\"><i class=\"fa fa-search\"><\/i><\/span><img loading=\"lazy\" decoding=\"async\" src=\"http:\/\/solasdevento.com.br\/wp-content\/uploads\/2018-12-VENTO-solas-de-vento-27-100x100.jpg\" width=\"100\" height=\"100\" alt=\"2018 12 VENTO solas de vento (27)\" \/><\/a><\/li><li><a class=\"prettyphoto\" href=\"http:\/\/solasdevento.com.br\/wp-content\/uploads\/2018-12-VENTO-solas-de-vento-106-1024x683.jpg\" rel=\"prettyPhoto[rel-1256902738]\"><span class=\"gallery_hover\"><i class=\"fa fa-search\"><\/i><\/span><img loading=\"lazy\" decoding=\"async\" src=\"http:\/\/solasdevento.com.br\/wp-content\/uploads\/2018-12-VENTO-solas-de-vento-106-100x100.jpg\" width=\"100\" height=\"100\" alt=\"2018 12 VENTO solas de vento (106)\" \/><\/a><\/li><li><a class=\"prettyphoto\" href=\"http:\/\/solasdevento.com.br\/wp-content\/uploads\/2018-12-VENTO-solas-de-vento-94-683x1024.jpg\" rel=\"prettyPhoto[rel-1256902738]\"><span class=\"gallery_hover\"><i class=\"fa fa-search\"><\/i><\/span><img loading=\"lazy\" decoding=\"async\" src=\"http:\/\/solasdevento.com.br\/wp-content\/uploads\/2018-12-VENTO-solas-de-vento-94-100x100.jpg\" width=\"100\" height=\"100\" alt=\"2018 12 VENTO solas de vento (94)\" \/><\/a><\/li><li><a class=\"prettyphoto\" href=\"http:\/\/solasdevento.com.br\/wp-content\/uploads\/2018-12-VENTO-solas-de-vento-23-1024x683.jpg\" rel=\"prettyPhoto[rel-1256902738]\"><span class=\"gallery_hover\"><i class=\"fa fa-search\"><\/i><\/span><img loading=\"lazy\" decoding=\"async\" src=\"http:\/\/solasdevento.com.br\/wp-content\/uploads\/2018-12-VENTO-solas-de-vento-23-100x100.jpg\" width=\"100\" height=\"100\" alt=\"2018 12 VENTO solas de vento (23)\" \/><\/a><\/li><li><a class=\"prettyphoto\" href=\"http:\/\/solasdevento.com.br\/wp-content\/uploads\/2018-12-VENTO-solas-de-vento-40-1024x683.jpg\" rel=\"prettyPhoto[rel-1256902738]\"><span class=\"gallery_hover\"><i class=\"fa fa-search\"><\/i><\/span><img loading=\"lazy\" decoding=\"async\" src=\"http:\/\/solasdevento.com.br\/wp-content\/uploads\/2018-12-VENTO-solas-de-vento-40-100x100.jpg\" width=\"100\" height=\"100\" alt=\"2018 12 VENTO solas de vento (40)\" \/><\/a><\/li><li><a class=\"prettyphoto\" href=\"http:\/\/solasdevento.com.br\/wp-content\/uploads\/2018-12-VENTO-solas-de-vento-78-1024x683.jpg\" rel=\"prettyPhoto[rel-1256902738]\"><span class=\"gallery_hover\"><i class=\"fa fa-search\"><\/i><\/span><img loading=\"lazy\" decoding=\"async\" src=\"http:\/\/solasdevento.com.br\/wp-content\/uploads\/2018-12-VENTO-solas-de-vento-78-100x100.jpg\" width=\"100\" height=\"100\" alt=\"2018 12 VENTO solas de vento (78)\" \/><\/a><\/li><li><a class=\"prettyphoto\" href=\"http:\/\/solasdevento.com.br\/wp-content\/uploads\/2018-12-VENTO-solas-de-vento-143-683x1024.jpg\" rel=\"prettyPhoto[rel-1256902738]\"><span class=\"gallery_hover\"><i class=\"fa fa-search\"><\/i><\/span><img loading=\"lazy\" decoding=\"async\" src=\"http:\/\/solasdevento.com.br\/wp-content\/uploads\/2018-12-VENTO-solas-de-vento-143-100x100.jpg\" width=\"100\" height=\"100\" alt=\"2018 12 VENTO solas de vento (143)\" \/><\/a><\/li><li><a class=\"prettyphoto\" href=\"http:\/\/solasdevento.com.br\/wp-content\/uploads\/2018-12-VENTO-solas-de-vento-123-683x1024.jpg\" rel=\"prettyPhoto[rel-1256902738]\"><span class=\"gallery_hover\"><i class=\"fa fa-search\"><\/i><\/span><img loading=\"lazy\" decoding=\"async\" src=\"http:\/\/solasdevento.com.br\/wp-content\/uploads\/2018-12-VENTO-solas-de-vento-123-100x100.jpg\" width=\"100\" height=\"100\" alt=\"2018 12 VENTO solas de vento (123)\" \/><\/a><\/li><\/ul><\/div><\/div>\n\t\t<\/div> \n\t<\/div> \n\t\t<\/div> \n\t<\/div> \n<\/div><\/section><\/div>\n\n\n\n<div  class=\"wpb_row vc_row-fluid\" style=\"text-align:left;\">\n\t<div class=\"vc_span12 wpb_column column_container\">\n\t\t<div class=\"wpb_wrapper\">\n\t\t\t\n\t\t<\/div> \n\t<\/div> \n<\/div>\n","protected":false},"excerpt":{"rendered":"SYNOPSISA PROPOS\u00c9QUIPE ARTISTIQUEV\u00cdDEO Dans un non-lieu o\u00f9 le vent habite et les humains r\u00e9sistent.\u2028Dans un lieu o\u00f9 vivent les humains et que le vent emporte.\u2028Dans un temps o\u00f9 les presque-humains presque-existent, m\u00eame si presque tout s\u2019envole.\u2028La science survit-elle ? La foi ? L\u2019affection ? Et...","protected":false},"author":1,"featured_media":0,"parent":0,"menu_order":0,"comment_status":"closed","ping_status":"closed","template":"full_width.php","meta":{"footnotes":""},"class_list":["post-10181","page","type-page","status-publish","hentry"],"_links":{"self":[{"href":"http:\/\/solasdevento.com.br\/fr\/wp-json\/wp\/v2\/pages\/10181","targetHints":{"allow":["GET"]}}],"collection":[{"href":"http:\/\/solasdevento.com.br\/fr\/wp-json\/wp\/v2\/pages"}],"about":[{"href":"http:\/\/solasdevento.com.br\/fr\/wp-json\/wp\/v2\/types\/page"}],"author":[{"embeddable":true,"href":"http:\/\/solasdevento.com.br\/fr\/wp-json\/wp\/v2\/users\/1"}],"replies":[{"embeddable":true,"href":"http:\/\/solasdevento.com.br\/fr\/wp-json\/wp\/v2\/comments?post=10181"}],"version-history":[{"count":10,"href":"http:\/\/solasdevento.com.br\/fr\/wp-json\/wp\/v2\/pages\/10181\/revisions"}],"predecessor-version":[{"id":10503,"href":"http:\/\/solasdevento.com.br\/fr\/wp-json\/wp\/v2\/pages\/10181\/revisions\/10503"}],"wp:attachment":[{"href":"http:\/\/solasdevento.com.br\/fr\/wp-json\/wp\/v2\/media?parent=10181"}],"curies":[{"name":"wp","href":"https:\/\/api.w.org\/{rel}","templated":true}]}}