{"id":10279,"date":"2025-08-29T21:14:15","date_gmt":"2025-08-30T00:14:15","guid":{"rendered":"https:\/\/solasdevento.com.br\/20-000-leguas-submarinas\/"},"modified":"2025-10-24T15:50:43","modified_gmt":"2025-10-24T18:50:43","slug":"20-000-lieues-sous-les-mers","status":"publish","type":"page","link":"http:\/\/solasdevento.com.br\/fr\/20-000-lieues-sous-les-mers\/","title":{"rendered":"20.000 Lieues sous les mers"},"content":{"rendered":"<div  data-q_id=\"#tabs\" class=\"wpb_row vc_row-fluid\" style=\"text-align:right;\"><section class=\"section  grid_section\" style=' padding-top:0px;'><div class=\"section_inner clearfix\">\n\t<div class=\"vc_span6 wpb_column column_container\">\n\t\t<div class=\"wpb_wrapper\">\n\t\t\t\n\t<div class=\"wpb_tabstabs_holder clearfix\" data-interval=\"0\">\n\t\t<div class=\"q_tabs horizontal\">\n\t\t\t<ul class=\"tabs-nav\"><li><a href=\"#tab-1382691955-1-80630-53d1\">SYNOPSIS<\/a><\/li><li><a href=\"#tab-1418760716253-3-3\">A PROPOS<\/a><\/li><li><a href=\"#tab-1382691955-2-560630-53d1\">\u00c9QUIPE ARTISTIQUE<\/a><\/li><li><a href=\"#tab-1383315102986-2-10630-53d1\">V\u00cdDEO<\/a><\/li><\/ul>\n<div class='tabs-container'>\n\t\t\t\n\t\t\t<div id=\"tab-1382691955-1-80630-53d1\" class=\"tab-content\">\n\t\t\t\t<div class=\"wpb_content_element separator  transparent center  \" style=\"margin-top:0px;margin-bottom:5px;\"><\/div>\n<div  class=\"wpb_row vc_row-fluid\" style=\"text-align:left;\">\n\t<div class=\"vc_span12 wpb_column column_container\">\n\t\t<div class=\"wpb_wrapper\">\n\t\t\t\n\t<div class=\"wpb_text_column wpb_content_element \">\n\t\t<div class=\"wpb_wrapper\">\n\t\t\t<span style=\"color: #008080;\"> Un myst\u00e9rieux v\u00e9hicule sous-marin.\u2028Un \u00e9quipage plein de secrets.\u2028Un monstre qui hante les oc\u00e9ans.\u2028Trois nouveaux membres d\u2019\u00e9quipage viennent d\u2019arriver.\u2028Et vous, \u00eates-vous d\u00e9j\u00e0 mont\u00e9 \u00e0 bord d\u2019un sous-marin ? <\/span><\/p>\n<p>&nbsp;<\/p>\n<p><span style=\"color: #999999;\"> Spectacle jeune public\u2028<br \/>\n\u00c2ge recommand\u00e9 : \u00e0 partir de 4 ans\u2028<br \/>\nDur\u00e9e : 60 minutes\u2028<br \/>\nLieu : Th\u00e9\u00e2tre \u00e0 l\u2019italienne ou espace sc\u00e9nique <\/span>\n\t\t<\/div> \n\t<\/div> \n\t\t<\/div> \n\t<\/div> \n<\/div>\n\t\t\t<\/div> \n\t\t\t<div id=\"tab-1418760716253-3-3\" class=\"tab-content\">\n\t\t\t\t<div class=\"wpb_content_element separator  transparent center  \" style=\"margin-top:0px;margin-bottom:5px;\"><\/div>\n<div  class=\"wpb_row vc_row-fluid\" style=\"text-align:left;\">\n\t<div class=\"vc_span12 wpb_column column_container\">\n\t\t<div class=\"wpb_wrapper\">\n\t\t\t\n\t<div class=\"wpb_text_column wpb_content_element \">\n\t\t<div class=\"wpb_wrapper\">\n\t\t\t<span style=\"color: #999999;\"> Cr\u00e9\u00e9 en 2021, 20 000 Lieues sous les mers est le troisi\u00e8me spectacle de la Trilogie Voyages extraordinaires de Jules Verne.\u2028L\u2019adaptation libre pour le th\u00e9\u00e2tre de l\u2019un des plus c\u00e9l\u00e8bres romans de Jules Verne a \u00e9t\u00e9 un v\u00e9ritable d\u00e9fi : transformer cette histoire en une aventure ludique, sans paroles, construite comme une pantomime. <\/span><\/p>\n<p>&nbsp;<\/p>\n<p><span style=\"color: #999999;\"> La mise en sc\u00e8ne d\u2019\u00c1lvaro Assad fait du th\u00e9\u00e2tre un espace de m\u00e9tamorphose, o\u00f9 coulisses, rideaux et cintres deviennent les \u00e9l\u00e9ments du sous-marin. Peu \u00e0 peu, l\u2019\u00e9quipage et le public d\u00e9couvrent, \u00e0 travers le jeu de la m\u00e9talangue, comment le th\u00e9\u00e2tre peut se transformer en grand navire, ou le sous-marin en une exp\u00e9rience th\u00e9\u00e2trale singuli\u00e8re. <\/span><\/p>\n<p>&nbsp;<\/p>\n<p><span style=\"color: #999999;\"> L\u2019\u00e9l\u00e9ment sc\u00e9nographique principal est le corps de chaque acteur, dont les comportements physiques d\u00e9crivent l\u2019espace qui les entoure.\u2028Pour cr\u00e9er les effets aquatiques et donner une dimension fantastique aux aventures des personnages, la sc\u00e9nographie dialogue avec des projections vid\u00e9o r\u00e9alis\u00e9es en direct, \u00e0 partir de miniatures et de petites marionnettes. <\/span>\n\t\t<\/div> \n\t<\/div> \n\t\t<\/div> \n\t<\/div> \n<\/div>\n\t\t\t<\/div> \n\t\t\t<div id=\"tab-1382691955-2-560630-53d1\" class=\"tab-content\">\n\t\t\t\t<div  class=\"wpb_row vc_row-fluid\" style=\"text-align:left;\">\n\t<div class=\"vc_span12 wpb_column column_container\">\n\t\t<div class=\"wpb_wrapper\">\n\t\t\t\n\t<div class=\"wpb_text_column wpb_content_element \">\n\t\t<div class=\"wpb_wrapper\">\n\t\t\t<span style=\"color: #999999;\">mise en sc\u00e8ne \u2022 <\/span><span style=\"color: #008080;\">Alvaro Assad<\/span><br \/>\n<span style=\"color: #999999;\">distribution \u2022 <\/span><span style=\"color: #008080;\">Andr\u00e9 Schulle, Bruno Rudolf e Ricardo Rodrigues, com participa\u00e7\u00f5es de Bobby Baq e Marcel Gilber<\/span><br \/>\n<span style=\"color: #999999;\">dramaturgie \u2022 <\/span><span style=\"color: #008080;\">Bobby Baq e Alvaro Assad em colabora\u00e7\u00e3o com Elenco<\/span><br \/>\n<span style=\"color: #999999;\">musique originale \u2022 <\/span><span style=\"color: #008080;\">Andr\u00e9 Vac<\/span><br \/>\n<span style=\"color: #999999;\">direction artistique &#038; costumes \u2022 <\/span><span style=\"color: #008080;\">Renato Bolelli e Vivianne Kiritani<\/span><br \/>\n<span style=\"color: #999999;\">maquillage\/visagisme \u2022 <\/span><span style=\"color: #008080;\">Cleber de Oliveira<\/span><br \/>\n<span style=\"color: #999999;\">sc\u00e9nographie \u2022 <\/span><span style=\"color: #008080;\"> Cia. Solas de Vento e Alvaro Assad<\/span>\n\t\t<\/div> \n\t<\/div> \n\t\t<\/div> \n\t<\/div> \n<\/div>\n\t\t\t<\/div> \n\t\t\t<div id=\"tab-1383315102986-2-10630-53d1\" class=\"tab-content\">\n\t\t\t\t<div  class=\"wpb_row vc_row-fluid\" style=\"text-align:left;\">\n\t<div class=\"vc_span12 wpb_column column_container\">\n\t\t<div class=\"wpb_wrapper\">\n\t\t\t\n\t<div class=\"wpb_video_widget wpb_content_element\">\n\t\t<div class=\"wpb_wrapper\"><div class=\"wpb_video_wrapper\"><iframe loading=\"lazy\" title=\"20000 L\u00e9guas submarinas\" width=\"1060\" height=\"596\" src=\"https:\/\/www.youtube.com\/embed\/eZOqnwmZMVE?feature=oembed\" frameborder=\"0\" allow=\"accelerometer; autoplay; clipboard-write; encrypted-media; gyroscope; picture-in-picture; web-share\" referrerpolicy=\"strict-origin-when-cross-origin\" allowfullscreen><\/iframe><\/div>\n\t\t<\/div> \n\t<\/div> \n\t\t<\/div> \n\t<\/div> \n<\/div>\n\t\t\t<\/div> <\/div>\n\t\t<\/div> \n\t<\/div> \n\t\t<\/div> \n\t<\/div> \n\n\t<div class=\"vc_span6 wpb_column column_container\">\n\t\t<div class=\"wpb_wrapper\">\n\t\t\t<div  class=\"wpb_row vc_row-fluid\" style=\"text-align:right;\">\n\t<div class=\"vc_span4 wpb_column column_container\">\n\t\t<div class=\"wpb_wrapper\">\n\t\t\t<div class=\"wpb_content_element separator  transparent center  \" style=\"\"><\/div>\n\n\t\t<\/div> \n\t<\/div> \n\n\t<div class=\"vc_span4 wpb_column column_container\">\n\t\t<div class=\"wpb_wrapper\">\n\t\t\t<a href=\"http:\/\/solasdevento.com.br\/wp-content\/uploads\/clipping-20000-Leguas-Submarinas.pdf\" target=\"_blank\" class=\"qbutton  tiny right\" style=\"font-weight: 100; \">IMPRENSA<i class=\"fa fa-paperclip fa-lg\" style=\"\"><\/i><\/a>\n\t\t<\/div> \n\t<\/div> \n\n\t<div class=\"vc_span4 wpb_column column_container\">\n\t\t<div class=\"wpb_wrapper\">\n\t\t\t<a href=\"http:\/\/solasdevento.com.br\/wp-content\/uploads\/Rider-Tecnico-20000-Leguas-submarinas.pdf\" target=\"_blank\" class=\"qbutton  tiny right\" style=\"font-weight: 100; \">Rider T\u00e9cnico<i class=\"fa fa-paperclip fa-lg\" style=\"\"><\/i><\/a>\n\t\t<\/div> \n\t<\/div> \n<\/div><div class=\"wpb_content_element separator  transparent center  \" style=\"margin-top:0px;margin-bottom:17px;\"><\/div>\n\n\t<div class=\"wpb_gallery wpb_content_element clearfix\">\n\t\t<div class=\"wpb_wrapper\"><div class=\"wpb_gallery_slides wpb_image_grid\" data-interval=\"3\"><div class=\"gallery_holder\"><ul class=\"gallery_inner v0\"><li><a class=\"prettyphoto\" href=\"http:\/\/solasdevento.com.br\/wp-content\/uploads\/2022-12-solas-VINTE-MIL-LEGUAS-baixa-108-1024x683.jpg\" rel=\"prettyPhoto[rel-1886382949]\"><span class=\"gallery_hover\"><i class=\"fa fa-search\"><\/i><\/span><img loading=\"lazy\" decoding=\"async\" src=\"http:\/\/solasdevento.com.br\/wp-content\/uploads\/2022-12-solas-VINTE-MIL-LEGUAS-baixa-108-100x100.jpg\" width=\"100\" height=\"100\" alt=\"2022 12 solas VINTE MIL LEGUAS baixa (108)\" \/><\/a><\/li><li><a class=\"prettyphoto\" href=\"http:\/\/solasdevento.com.br\/wp-content\/uploads\/2022-12-solas-VINTE-MIL-LEGUAS-baixa-79-683x1024.jpg\" rel=\"prettyPhoto[rel-1886382949]\"><span class=\"gallery_hover\"><i class=\"fa fa-search\"><\/i><\/span><img loading=\"lazy\" decoding=\"async\" src=\"http:\/\/solasdevento.com.br\/wp-content\/uploads\/2022-12-solas-VINTE-MIL-LEGUAS-baixa-79-100x100.jpg\" width=\"100\" height=\"100\" alt=\"2022 12 solas VINTE MIL LEGUAS baixa (79)\" \/><\/a><\/li><li><a class=\"prettyphoto\" href=\"http:\/\/solasdevento.com.br\/wp-content\/uploads\/2022-12-solas-VINTE-MIL-LEGUAS-baixa-84-1024x683.jpg\" rel=\"prettyPhoto[rel-1886382949]\"><span class=\"gallery_hover\"><i class=\"fa fa-search\"><\/i><\/span><img loading=\"lazy\" decoding=\"async\" src=\"http:\/\/solasdevento.com.br\/wp-content\/uploads\/2022-12-solas-VINTE-MIL-LEGUAS-baixa-84-100x100.jpg\" width=\"100\" height=\"100\" alt=\"2022 12 solas VINTE MIL LEGUAS baixa (84)\" \/><\/a><\/li><li><a class=\"prettyphoto\" href=\"http:\/\/solasdevento.com.br\/wp-content\/uploads\/2022-12-solas-VINTE-MIL-LEGUAS-baixa-67-1024x683.jpg\" rel=\"prettyPhoto[rel-1886382949]\"><span class=\"gallery_hover\"><i class=\"fa fa-search\"><\/i><\/span><img loading=\"lazy\" decoding=\"async\" src=\"http:\/\/solasdevento.com.br\/wp-content\/uploads\/2022-12-solas-VINTE-MIL-LEGUAS-baixa-67-100x100.jpg\" width=\"100\" height=\"100\" alt=\"2022 12 solas VINTE MIL LEGUAS baixa (67)\" \/><\/a><\/li><li><a class=\"prettyphoto\" href=\"http:\/\/solasdevento.com.br\/wp-content\/uploads\/2022-12-solas-VINTE-MIL-LEGUAS-baixa-70-1024x683.jpg\" rel=\"prettyPhoto[rel-1886382949]\"><span class=\"gallery_hover\"><i class=\"fa fa-search\"><\/i><\/span><img loading=\"lazy\" decoding=\"async\" src=\"http:\/\/solasdevento.com.br\/wp-content\/uploads\/2022-12-solas-VINTE-MIL-LEGUAS-baixa-70-100x100.jpg\" width=\"100\" height=\"100\" alt=\"2022 12 solas VINTE MIL LEGUAS baixa (70)\" \/><\/a><\/li><li><a class=\"prettyphoto\" href=\"http:\/\/solasdevento.com.br\/wp-content\/uploads\/2022-12-solas-VINTE-MIL-LEGUAS-baixa-31-1024x683.jpg\" rel=\"prettyPhoto[rel-1886382949]\"><span class=\"gallery_hover\"><i class=\"fa fa-search\"><\/i><\/span><img loading=\"lazy\" decoding=\"async\" src=\"http:\/\/solasdevento.com.br\/wp-content\/uploads\/2022-12-solas-VINTE-MIL-LEGUAS-baixa-31-100x100.jpg\" width=\"100\" height=\"100\" alt=\"2022 12 solas VINTE MIL LEGUAS baixa (31)\" \/><\/a><\/li><li><a class=\"prettyphoto\" href=\"http:\/\/solasdevento.com.br\/wp-content\/uploads\/2022-12-solas-VINTE-MIL-LEGUAS-baixa-118-1024x683.jpg\" rel=\"prettyPhoto[rel-1886382949]\"><span class=\"gallery_hover\"><i class=\"fa fa-search\"><\/i><\/span><img loading=\"lazy\" decoding=\"async\" src=\"http:\/\/solasdevento.com.br\/wp-content\/uploads\/2022-12-solas-VINTE-MIL-LEGUAS-baixa-118-100x100.jpg\" width=\"100\" height=\"100\" alt=\"2022 12 solas VINTE MIL LEGUAS baixa (118)\" \/><\/a><\/li><li><a class=\"prettyphoto\" href=\"http:\/\/solasdevento.com.br\/wp-content\/uploads\/2022-12-solas-VINTE-MIL-LEGUAS-baixa-6-683x1024.jpg\" rel=\"prettyPhoto[rel-1886382949]\"><span class=\"gallery_hover\"><i class=\"fa fa-search\"><\/i><\/span><img loading=\"lazy\" decoding=\"async\" src=\"http:\/\/solasdevento.com.br\/wp-content\/uploads\/2022-12-solas-VINTE-MIL-LEGUAS-baixa-6-100x100.jpg\" width=\"100\" height=\"100\" alt=\"2022 12 solas VINTE MIL LEGUAS baixa (6)\" \/><\/a><\/li><li><a class=\"prettyphoto\" href=\"http:\/\/solasdevento.com.br\/wp-content\/uploads\/2022-12-solas-VINTE-MIL-LEGUAS-baixa-17-1024x683.jpg\" rel=\"prettyPhoto[rel-1886382949]\"><span class=\"gallery_hover\"><i class=\"fa fa-search\"><\/i><\/span><img loading=\"lazy\" decoding=\"async\" src=\"http:\/\/solasdevento.com.br\/wp-content\/uploads\/2022-12-solas-VINTE-MIL-LEGUAS-baixa-17-100x100.jpg\" width=\"100\" height=\"100\" alt=\"2022 12 solas VINTE MIL LEGUAS baixa (17)\" \/><\/a><\/li><li><a class=\"prettyphoto\" href=\"http:\/\/solasdevento.com.br\/wp-content\/uploads\/2022-12-solas-VINTE-MIL-LEGUAS-baixa-74-1024x683.jpg\" rel=\"prettyPhoto[rel-1886382949]\"><span class=\"gallery_hover\"><i class=\"fa fa-search\"><\/i><\/span><img loading=\"lazy\" decoding=\"async\" src=\"http:\/\/solasdevento.com.br\/wp-content\/uploads\/2022-12-solas-VINTE-MIL-LEGUAS-baixa-74-100x100.jpg\" width=\"100\" height=\"100\" alt=\"2022 12 solas VINTE MIL LEGUAS baixa (74)\" \/><\/a><\/li><li><a class=\"prettyphoto\" href=\"http:\/\/solasdevento.com.br\/wp-content\/uploads\/2022-12-solas-VINTE-MIL-LEGUAS-baixa-95-1024x683.jpg\" rel=\"prettyPhoto[rel-1886382949]\"><span class=\"gallery_hover\"><i class=\"fa fa-search\"><\/i><\/span><img loading=\"lazy\" decoding=\"async\" src=\"http:\/\/solasdevento.com.br\/wp-content\/uploads\/2022-12-solas-VINTE-MIL-LEGUAS-baixa-95-100x100.jpg\" width=\"100\" height=\"100\" alt=\"2022 12 solas VINTE MIL LEGUAS baixa (95)\" \/><\/a><\/li><li><a class=\"prettyphoto\" href=\"http:\/\/solasdevento.com.br\/wp-content\/uploads\/20000-Leguas-submarinas-55-Mariana-Chama-copie-683x1024.jpg\" rel=\"prettyPhoto[rel-1886382949]\"><span class=\"gallery_hover\"><i class=\"fa fa-search\"><\/i><\/span><img loading=\"lazy\" decoding=\"async\" src=\"http:\/\/solasdevento.com.br\/wp-content\/uploads\/20000-Leguas-submarinas-55-Mariana-Chama-copie-scaled-100x100.jpg\" width=\"100\" height=\"100\" alt=\"20000 Leguas submarinas (55) Mariana Chama copie\" \/><\/a><\/li><li><a class=\"prettyphoto\" href=\"http:\/\/solasdevento.com.br\/wp-content\/uploads\/20000-Leguas-submarinas-1-Mariana-Chama-copie-1024x722.jpg\" rel=\"prettyPhoto[rel-1886382949]\"><span class=\"gallery_hover\"><i class=\"fa fa-search\"><\/i><\/span><img loading=\"lazy\" decoding=\"async\" src=\"http:\/\/solasdevento.com.br\/wp-content\/uploads\/20000-Leguas-submarinas-1-Mariana-Chama-copie-scaled-100x100.jpg\" width=\"100\" height=\"100\" alt=\"20000 Leguas submarinas (1) Mariana Chama copie\" \/><\/a><\/li><li><a class=\"prettyphoto\" href=\"http:\/\/solasdevento.com.br\/wp-content\/uploads\/20000-Leguas-submarinas-90-Mariana-Chama-copie-1024x786.jpg\" rel=\"prettyPhoto[rel-1886382949]\"><span class=\"gallery_hover\"><i class=\"fa fa-search\"><\/i><\/span><img loading=\"lazy\" decoding=\"async\" src=\"http:\/\/solasdevento.com.br\/wp-content\/uploads\/20000-Leguas-submarinas-90-Mariana-Chama-copie-scaled-100x100.jpg\" width=\"100\" height=\"100\" alt=\"20000 Leguas submarinas (90) Mariana Chama copie\" \/><\/a><\/li><li><a class=\"prettyphoto\" href=\"http:\/\/solasdevento.com.br\/wp-content\/uploads\/20000-Leguas-submarinas-103-Mariana-Chama-copie-1024x751.jpg\" rel=\"prettyPhoto[rel-1886382949]\"><span class=\"gallery_hover\"><i class=\"fa fa-search\"><\/i><\/span><img loading=\"lazy\" decoding=\"async\" src=\"http:\/\/solasdevento.com.br\/wp-content\/uploads\/20000-Leguas-submarinas-103-Mariana-Chama-copie-scaled-100x100.jpg\" width=\"100\" height=\"100\" alt=\"20000 Leguas submarinas (103) Mariana Chama copie\" \/><\/a><\/li><\/ul><\/div><\/div>\n\t\t<\/div> \n\t<\/div> \n\t\t<\/div> \n\t<\/div> \n<\/div><\/section><\/div>\n\n\n\n<div  class=\"wpb_row vc_row-fluid\" style=\"text-align:left;\">\n\t<div class=\"vc_span12 wpb_column column_container\">\n\t\t<div class=\"wpb_wrapper\">\n\t\t\t\n\t\t<\/div> \n\t<\/div> \n<\/div>\n","protected":false},"excerpt":{"rendered":"SYNOPSISA PROPOS\u00c9QUIPE ARTISTIQUEV\u00cdDEO Un myst\u00e9rieux v\u00e9hicule sous-marin.\u2028Un \u00e9quipage plein de secrets.\u2028Un monstre qui hante les oc\u00e9ans.\u2028Trois nouveaux membres d\u2019\u00e9quipage viennent d\u2019arriver.\u2028Et vous, \u00eates-vous d\u00e9j\u00e0 mont\u00e9 \u00e0 bord d\u2019un sous-marin ? &nbsp; Spectacle jeune public\u2028 \u00c2ge recommand\u00e9 : \u00e0 partir de 4 ans\u2028 Dur\u00e9e : 60...","protected":false},"author":1,"featured_media":0,"parent":0,"menu_order":0,"comment_status":"closed","ping_status":"closed","template":"","meta":{"footnotes":""},"class_list":["post-10279","page","type-page","status-publish","hentry"],"_links":{"self":[{"href":"http:\/\/solasdevento.com.br\/fr\/wp-json\/wp\/v2\/pages\/10279","targetHints":{"allow":["GET"]}}],"collection":[{"href":"http:\/\/solasdevento.com.br\/fr\/wp-json\/wp\/v2\/pages"}],"about":[{"href":"http:\/\/solasdevento.com.br\/fr\/wp-json\/wp\/v2\/types\/page"}],"author":[{"embeddable":true,"href":"http:\/\/solasdevento.com.br\/fr\/wp-json\/wp\/v2\/users\/1"}],"replies":[{"embeddable":true,"href":"http:\/\/solasdevento.com.br\/fr\/wp-json\/wp\/v2\/comments?post=10279"}],"version-history":[{"count":4,"href":"http:\/\/solasdevento.com.br\/fr\/wp-json\/wp\/v2\/pages\/10279\/revisions"}],"predecessor-version":[{"id":10502,"href":"http:\/\/solasdevento.com.br\/fr\/wp-json\/wp\/v2\/pages\/10279\/revisions\/10502"}],"wp:attachment":[{"href":"http:\/\/solasdevento.com.br\/fr\/wp-json\/wp\/v2\/media?parent=10279"}],"curies":[{"name":"wp","href":"https:\/\/api.w.org\/{rel}","templated":true}]}}