{"id":8176,"date":"2013-11-01T13:59:50","date_gmt":"2013-11-01T16:59:50","guid":{"rendered":"http:\/\/solasdevento.com.br\/a-volta-ao-mundo-2\/"},"modified":"2025-08-29T22:02:44","modified_gmt":"2025-08-30T01:02:44","slug":"le-tour-du-monde-en-80-jours","status":"publish","type":"page","link":"http:\/\/solasdevento.com.br\/fr\/le-tour-du-monde-en-80-jours\/","title":{"rendered":"Le Tour Du Monde en 80 Jours"},"content":{"rendered":"<div  data-q_id=\"#tabs\" class=\"wpb_row vc_row-fluid\" style=\"text-align:right;\"><section class=\"section  grid_section\" style=' padding-top:0px;'><div class=\"section_inner clearfix\">\n\t<div class=\"vc_span6 wpb_column column_container\">\n\t\t<div class=\"wpb_wrapper\">\n\t\t\t\n\t<div class=\"wpb_tabstabs_holder clearfix\" data-interval=\"0\">\n\t\t<div class=\"q_tabs horizontal\">\n\t\t\t<ul class=\"tabs-nav\"><li><a href=\"#tab-1382691955-1-8\">SYNOPSIS<\/a><\/li><li><a href=\"#tab-1418761165437-3-3\">A PROPOS<\/a><\/li><li><a href=\"#tab-1382691955-2-56\">EQUIPE<\/a><\/li><li><a href=\"#tab-1383315102986-2-1\">VID\u00c9O<\/a><\/li><\/ul>\n<div class='tabs-container'>\n\t\t\t\n\t\t\t<div id=\"tab-1382691955-1-8\" class=\"tab-content\">\n\t\t\t\t<div class=\"wpb_content_element separator  transparent center  \" style=\"margin-top:0px;margin-bottom:10px;\"><\/div>\n<div  class=\"wpb_row vc_row-fluid\" style=\"text-align:left;\">\n\t<div class=\"vc_span12 wpb_column column_container\">\n\t\t<div class=\"wpb_wrapper\">\n\t\t\t\n\t<div class=\"wpb_text_column wpb_content_element \">\n\t\t<div class=\"wpb_wrapper\">\n\t\t\t<span style=\"color: #008080;\">Mr. Fog, un lord anglais aventurier, d\u00e9cide de r\u00e9aliser le tour du monde en 80 jours, accompagn\u00e9 par Passepartout, son fid\u00e8le valet fran\u00e7ais. Tr\u00e8s vite ils sont surpris par Mr Fix, un dr\u00f4le de personnage m\u00e9chant et maladroit, qui essaye d\u2019arr\u00eater les voyageurs.<br \/>\nA travers l\u2019Europe, l\u2019Egypte, l\u2019Inde, la Chine, le Japon et les Etats Unis, les deux aventuriers doivent courir contre la montre et lutter contre les pi\u00e8ges de Mr Fix.<br \/>\n<\/span><\/p>\n<p><span style=\"color: #999999;\">Spectacle Jeune Public<br \/>\nPublic concern\u00e9: Tout Public<br \/>\nDur\u00e9e: 70 minutes<br \/>\nEspace: Th\u00e9\u00e2tre<\/span>\n\t\t<\/div> \n\t<\/div> \n\t\t<\/div> \n\t<\/div> \n<\/div>\n\t\t\t<\/div> \n\t\t\t<div id=\"tab-1418761165437-3-3\" class=\"tab-content\">\n\t\t\t\t<div class=\"wpb_content_element separator  transparent center  \" style=\"margin-top:0px;margin-bottom:10px;\"><\/div>\n<div  class=\"wpb_row vc_row-fluid\" style=\"text-align:left;\">\n\t<div class=\"vc_span12 wpb_column column_container\">\n\t\t<div class=\"wpb_wrapper\">\n\t\t\t\n\t<div class=\"wpb_text_column wpb_content_element \">\n\t\t<div class=\"wpb_wrapper\">\n\t\t\t<span style=\"color: #999999;\">Cr\u00e9\u00e9 en 2011, \u00abLe tour du Monde en 80 jours\u00bb est le premier spectacle Jeune Public de la compagnie et a gagn\u00e9 les Prix APCA (Mise en Sc\u00e8ne et Com\u00e9dien) et FEMSA (Com\u00e9dien : Bruno Rudolf). Il a aussi \u00e9t\u00e9 nomin\u00e9 dans les cat\u00e9gories Meilleures Production et Sc\u00e9nographie.<\/span><\/p>\n<p><span style=\"color: #999999;\">Cette adaptation du roman de Jules Verne est conduite par deux com\u00e9diens qui, pour donner un rythme effr\u00e9n\u00e9 \u00e0 l\u2019aventure, incarnent plus de 10 personnages qui se relayent en sc\u00e8ne durant tout le spectacle.<br \/>\nGr\u00e2ce \u00e0 la manipulation de pi\u00e8ces m\u00e9talliques et de roues, l\u2019espace sc\u00e9nique est en constante transformation ; les com\u00e9diens construisent bateau, train, montagnes et m\u00eame un \u00e9l\u00e9phant et invitent ainsi le public \u00e0 faire preuve d\u2019imagination.<br \/>\nTrois cam\u00e9ras sont pr\u00e9sentes sur sc\u00e8ne avec les com\u00e9diens et un surprenant jeu de transmission directe des images permet d\u2019offrir aux spectateurs d\u2019inattendus points de vue sur les personnages, les moyens de transport et pays visit\u00e9s.<br \/>\n<\/span><\/p>\n<p><span style=\"color: #999999;\">\u00abLe Tour du Monde en 80 jours\u00bb est un voyage plein de p\u00e9rip\u00e9ties, une invitation \u00e0 revisiter le monde de fa\u00e7on ludique.<\/span>\n\t\t<\/div> \n\t<\/div> \n\t\t<\/div> \n\t<\/div> \n<\/div>\n\t\t\t<\/div> \n\t\t\t<div id=\"tab-1382691955-2-56\" class=\"tab-content\">\n\t\t\t\t<div  class=\"wpb_row vc_row-fluid\" style=\"text-align:left;\">\n\t<div class=\"vc_span12 wpb_column column_container\">\n\t\t<div class=\"wpb_wrapper\">\n\t\t\t\n\t<div class=\"wpb_text_column wpb_content_element \">\n\t\t<div class=\"wpb_wrapper\">\n\t\t\t<span style=\"color: #999999;\">Cr\u00e9ation \u2022 <\/span><span style=\"color: #008080;\">Carla Candiotto et Cie. Solas de Vento<\/span><br \/>\n<span style=\"color: #999999;\">Mise en sc\u00e8ne et Texte \u2022 <\/span><span style=\"color: #008080;\">Carla Candiotto<\/span><br \/>\n<span style=\"color: #008080;\">Avec Bruno Rudolf et Ricardo Rodrigues<\/span><br \/>\n<span style=\"color: #999999;\">Direction artistique \u2022 <\/span><span style=\"color: #008080;\">Lu Bueno<\/span><br \/>\n<span style=\"color: #999999;\">Costumes \u2022 <\/span><span style=\"color: #008080;\">Olintho Malaquias<\/span><br \/>\n<span style=\"color: #999999;\">Accessoires \u2022 <\/span><span style=\"color: #008080;\">Michele Rolandi<\/span><br \/>\n<span style=\"color: #999999;\">El\u00e9ments sc\u00e9nographiques \u2022 <\/span><span style=\"color: #008080;\">Cie. Solas de Vento<\/span><br \/>\n<span style=\"color: #999999;\">Illustrations \u2022 <\/span><span style=\"color: #008080;\">Iara Jamra<\/span><br \/>\n<span style=\"color: #999999;\">Conception musicale \u2022 <\/span><span style=\"color: #008080;\">Exentricmusic (Marcelo Lujan)<\/span><br \/>\n<span style=\"color: #999999;\">Cr\u00e9ation lumi\u00e8res \u2022 <\/span><span style=\"color: #008080;\">Wagner Freire<\/span><br \/>\n<span style=\"color: #999999;\">Photographie \u2022 <\/span><span style=\"color: #008080;\">Mariana Chama<\/span>\n\t\t<\/div> \n\t<\/div> \n\t\t<\/div> \n\t<\/div> \n<\/div>\n\t\t\t<\/div> \n\t\t\t<div id=\"tab-1383315102986-2-1\" class=\"tab-content\">\n\t\t\t\t<div  class=\"wpb_row vc_row-fluid\" style=\"text-align:left;\">\n\t<div class=\"vc_span12 wpb_column column_container\">\n\t\t<div class=\"wpb_wrapper\">\n\t\t\t\n\t<div class=\"wpb_video_widget wpb_content_element\">\n\t\t<div class=\"wpb_wrapper\"><div class=\"wpb_video_wrapper\"><iframe loading=\"lazy\" title=\"A Volta ao Mundo em 80 dias\" width=\"1060\" height=\"795\" src=\"https:\/\/www.youtube.com\/embed\/qNKREmMeZdg?feature=oembed\" frameborder=\"0\" allow=\"accelerometer; autoplay; clipboard-write; encrypted-media; gyroscope; picture-in-picture; web-share\" referrerpolicy=\"strict-origin-when-cross-origin\" allowfullscreen><\/iframe><\/div>\n\t\t<\/div> \n\t<\/div> \n\t\t<\/div> \n\t<\/div> \n<\/div>\n\t\t\t<\/div> <\/div>\n\t\t<\/div> \n\t<\/div> \n\t\t<\/div> \n\t<\/div> \n\n\t<div class=\"vc_span6 wpb_column column_container\">\n\t\t<div class=\"wpb_wrapper\">\n\t\t\t<div  class=\"wpb_row vc_row-fluid\" style=\"text-align:right;\">\n\t<div class=\"vc_span4 wpb_column column_container\">\n\t\t<div class=\"wpb_wrapper\">\n\t\t\t<div class=\"wpb_content_element separator  transparent center  \" style=\"\"><\/div>\n\n\t\t<\/div> \n\t<\/div> \n\n\t<div class=\"vc_span4 wpb_column column_container\">\n\t\t<div class=\"wpb_wrapper\">\n\t\t\t<a href=\"http:\/\/solasdevento.com.br\/wp-content\/uploads\/Clipping-VOLTA-AO-MUNDO.pdf\" target=\"_blank\" class=\"qbutton  tiny right\" style=\"font-weight: 100; \">REVUE DE PRESSE<i class=\"fa fa-paperclip fa-lg\" style=\"\"><\/i><\/a>\n\t\t<\/div> \n\t<\/div> \n\n\t<div class=\"vc_span4 wpb_column column_container\">\n\t\t<div class=\"wpb_wrapper\">\n\t\t\t<a href=\"http:\/\/solasdevento.com.br\/wp-content\/uploads\/Rider-Tecnico-A-Volta-Ao-Mundo.pdf\" target=\"_blank\" class=\"qbutton  tiny right\" style=\"font-weight: 100; \">FICHE TECHNIQUE<i class=\"fa fa-paperclip fa-lg\" style=\"\"><\/i><\/a>\n\t\t<\/div> \n\t<\/div> \n<\/div><div class=\"wpb_content_element separator  transparent center  \" style=\"margin-top:0px;margin-bottom:17px;\"><\/div>\n\n\t<div class=\"wpb_gallery wpb_content_element clearfix\">\n\t\t<div class=\"wpb_wrapper\"><div class=\"wpb_gallery_slides wpb_image_grid\" data-interval=\"3\"><div class=\"gallery_holder\"><ul class=\"gallery_inner v0\"><li><a class=\"prettyphoto\" href=\"http:\/\/solasdevento.com.br\/wp-content\/uploads\/Volta-3-1024x690.jpg\" rel=\"prettyPhoto[rel-1918527704]\"><span class=\"gallery_hover\"><i class=\"fa fa-search\"><\/i><\/span><img loading=\"lazy\" decoding=\"async\" src=\"http:\/\/solasdevento.com.br\/wp-content\/uploads\/Volta-3-100x100.jpg\" width=\"100\" height=\"100\" alt=\"Volta-3\" \/><\/a><\/li><li><a class=\"prettyphoto\" href=\"http:\/\/solasdevento.com.br\/wp-content\/uploads\/Volta-7-1024x902.jpg\" rel=\"prettyPhoto[rel-1918527704]\"><span class=\"gallery_hover\"><i class=\"fa fa-search\"><\/i><\/span><img loading=\"lazy\" decoding=\"async\" src=\"http:\/\/solasdevento.com.br\/wp-content\/uploads\/Volta-7-100x100.jpg\" width=\"100\" height=\"100\" alt=\"Volta-7\" \/><\/a><\/li><li><a class=\"prettyphoto\" href=\"http:\/\/solasdevento.com.br\/wp-content\/uploads\/Volta-9-1024x662.jpg\" rel=\"prettyPhoto[rel-1918527704]\"><span class=\"gallery_hover\"><i class=\"fa fa-search\"><\/i><\/span><img loading=\"lazy\" decoding=\"async\" src=\"http:\/\/solasdevento.com.br\/wp-content\/uploads\/Volta-9-100x100.jpg\" width=\"100\" height=\"100\" alt=\"Volta-9\" \/><\/a><\/li><li><a class=\"prettyphoto\" href=\"http:\/\/solasdevento.com.br\/wp-content\/uploads\/Volta-2-1024x665.jpg\" rel=\"prettyPhoto[rel-1918527704]\"><span class=\"gallery_hover\"><i class=\"fa fa-search\"><\/i><\/span><img loading=\"lazy\" decoding=\"async\" src=\"http:\/\/solasdevento.com.br\/wp-content\/uploads\/Volta-2-100x100.jpg\" width=\"100\" height=\"100\" alt=\"Volta-2\" \/><\/a><\/li><li><a class=\"prettyphoto\" href=\"http:\/\/solasdevento.com.br\/wp-content\/uploads\/Volta-4-664x1024.jpg\" rel=\"prettyPhoto[rel-1918527704]\"><span class=\"gallery_hover\"><i class=\"fa fa-search\"><\/i><\/span><img loading=\"lazy\" decoding=\"async\" src=\"http:\/\/solasdevento.com.br\/wp-content\/uploads\/Volta-4-100x100.jpg\" width=\"100\" height=\"100\" alt=\"Volta-4\" \/><\/a><\/li><li><a class=\"prettyphoto\" href=\"http:\/\/solasdevento.com.br\/wp-content\/uploads\/Volta-6-1024x635.jpg\" rel=\"prettyPhoto[rel-1918527704]\"><span class=\"gallery_hover\"><i class=\"fa fa-search\"><\/i><\/span><img loading=\"lazy\" decoding=\"async\" src=\"http:\/\/solasdevento.com.br\/wp-content\/uploads\/Volta-6-100x100.jpg\" width=\"100\" height=\"100\" alt=\"Volta-6\" \/><\/a><\/li><li><a class=\"prettyphoto\" href=\"http:\/\/solasdevento.com.br\/wp-content\/uploads\/Volta-1-1024x875.jpg\" rel=\"prettyPhoto[rel-1918527704]\"><span class=\"gallery_hover\"><i class=\"fa fa-search\"><\/i><\/span><img loading=\"lazy\" decoding=\"async\" src=\"http:\/\/solasdevento.com.br\/wp-content\/uploads\/Volta-1-100x100.jpg\" width=\"100\" height=\"100\" alt=\"Volta-1\" \/><\/a><\/li><li><a class=\"prettyphoto\" href=\"http:\/\/solasdevento.com.br\/wp-content\/uploads\/volta-5-1024x707.jpg\" rel=\"prettyPhoto[rel-1918527704]\"><span class=\"gallery_hover\"><i class=\"fa fa-search\"><\/i><\/span><img loading=\"lazy\" decoding=\"async\" src=\"http:\/\/solasdevento.com.br\/wp-content\/uploads\/volta-5-100x100.jpg\" width=\"100\" height=\"100\" alt=\"volta-5\" \/><\/a><\/li><li><a class=\"prettyphoto\" href=\"http:\/\/solasdevento.com.br\/wp-content\/uploads\/Volta-8-1024x683.jpg\" rel=\"prettyPhoto[rel-1918527704]\"><span class=\"gallery_hover\"><i class=\"fa fa-search\"><\/i><\/span><img loading=\"lazy\" decoding=\"async\" src=\"http:\/\/solasdevento.com.br\/wp-content\/uploads\/Volta-8-100x100.jpg\" width=\"100\" height=\"100\" alt=\"Volta-8\" \/><\/a><\/li><li><a class=\"prettyphoto\" href=\"http:\/\/solasdevento.com.br\/wp-content\/uploads\/Volta-10-646x1024.jpg\" rel=\"prettyPhoto[rel-1918527704]\"><span class=\"gallery_hover\"><i class=\"fa fa-search\"><\/i><\/span><img loading=\"lazy\" decoding=\"async\" src=\"http:\/\/solasdevento.com.br\/wp-content\/uploads\/Volta-10-100x100.jpg\" width=\"100\" height=\"100\" alt=\"Volta-10\" \/><\/a><\/li><li><a class=\"prettyphoto\" href=\"http:\/\/solasdevento.com.br\/wp-content\/uploads\/Volta-11-712x1024.jpg\" rel=\"prettyPhoto[rel-1918527704]\"><span class=\"gallery_hover\"><i class=\"fa fa-search\"><\/i><\/span><img loading=\"lazy\" decoding=\"async\" src=\"http:\/\/solasdevento.com.br\/wp-content\/uploads\/Volta-11-100x100.jpg\" width=\"100\" height=\"100\" alt=\"Volta-11\" \/><\/a><\/li><li><a class=\"prettyphoto\" href=\"http:\/\/solasdevento.com.br\/wp-content\/uploads\/Volta-12-1024x669.jpg\" rel=\"prettyPhoto[rel-1918527704]\"><span class=\"gallery_hover\"><i class=\"fa fa-search\"><\/i><\/span><img loading=\"lazy\" decoding=\"async\" src=\"http:\/\/solasdevento.com.br\/wp-content\/uploads\/Volta-12-100x100.jpg\" width=\"100\" height=\"100\" alt=\"Volta-12\" \/><\/a><\/li><li><a class=\"prettyphoto\" href=\"http:\/\/solasdevento.com.br\/wp-content\/uploads\/Volta-13-1024x675.jpg\" rel=\"prettyPhoto[rel-1918527704]\"><span class=\"gallery_hover\"><i class=\"fa fa-search\"><\/i><\/span><img loading=\"lazy\" decoding=\"async\" src=\"http:\/\/solasdevento.com.br\/wp-content\/uploads\/Volta-13-100x100.jpg\" width=\"100\" height=\"100\" alt=\"Volta-13\" \/><\/a><\/li><li><a class=\"prettyphoto\" href=\"http:\/\/solasdevento.com.br\/wp-content\/uploads\/Volta-14-1024x716.jpg\" rel=\"prettyPhoto[rel-1918527704]\"><span class=\"gallery_hover\"><i class=\"fa fa-search\"><\/i><\/span><img loading=\"lazy\" decoding=\"async\" src=\"http:\/\/solasdevento.com.br\/wp-content\/uploads\/Volta-14-100x100.jpg\" width=\"100\" height=\"100\" alt=\"Volta-14\" \/><\/a><\/li><li><a class=\"prettyphoto\" href=\"http:\/\/solasdevento.com.br\/wp-content\/uploads\/Volta-15-1024x671.jpg\" rel=\"prettyPhoto[rel-1918527704]\"><span class=\"gallery_hover\"><i class=\"fa fa-search\"><\/i><\/span><img loading=\"lazy\" decoding=\"async\" src=\"http:\/\/solasdevento.com.br\/wp-content\/uploads\/Volta-15-100x100.jpg\" width=\"100\" height=\"100\" alt=\"Volta-15\" \/><\/a><\/li><\/ul><\/div><\/div>\n\t\t<\/div> \n\t<\/div> \n\t\t<\/div> \n\t<\/div> \n<\/div><\/section><\/div>\n\n\n\n<div  class=\"wpb_row vc_row-fluid\" style=\"text-align:left;\">\n\t<div class=\"vc_span12 wpb_column column_container\">\n\t\t<div class=\"wpb_wrapper\">\n\t\t\t\n\t\t<\/div> \n\t<\/div> \n<\/div>\n\n\n\n<p><\/p>\n","protected":false},"excerpt":{"rendered":"SYNOPSISA PROPOSEQUIPEVID\u00c9O Mr. Fog, un lord anglais aventurier, d\u00e9cide de r\u00e9aliser le tour du monde en 80 jours, accompagn\u00e9 par Passepartout, son fid\u00e8le valet fran\u00e7ais. Tr\u00e8s vite ils sont surpris par Mr Fix, un dr\u00f4le de personnage m\u00e9chant et maladroit, qui essaye d\u2019arr\u00eater les voyageurs....","protected":false},"author":1,"featured_media":0,"parent":0,"menu_order":0,"comment_status":"closed","ping_status":"closed","template":"full_width.php","meta":{"footnotes":""},"class_list":["post-8176","page","type-page","status-publish","hentry"],"_links":{"self":[{"href":"http:\/\/solasdevento.com.br\/fr\/wp-json\/wp\/v2\/pages\/8176","targetHints":{"allow":["GET"]}}],"collection":[{"href":"http:\/\/solasdevento.com.br\/fr\/wp-json\/wp\/v2\/pages"}],"about":[{"href":"http:\/\/solasdevento.com.br\/fr\/wp-json\/wp\/v2\/types\/page"}],"author":[{"embeddable":true,"href":"http:\/\/solasdevento.com.br\/fr\/wp-json\/wp\/v2\/users\/1"}],"replies":[{"embeddable":true,"href":"http:\/\/solasdevento.com.br\/fr\/wp-json\/wp\/v2\/comments?post=8176"}],"version-history":[{"count":10,"href":"http:\/\/solasdevento.com.br\/fr\/wp-json\/wp\/v2\/pages\/8176\/revisions"}],"predecessor-version":[{"id":10356,"href":"http:\/\/solasdevento.com.br\/fr\/wp-json\/wp\/v2\/pages\/8176\/revisions\/10356"}],"wp:attachment":[{"href":"http:\/\/solasdevento.com.br\/fr\/wp-json\/wp\/v2\/media?parent=8176"}],"curies":[{"name":"wp","href":"https:\/\/api.w.org\/{rel}","templated":true}]}}