{"id":8186,"date":"2014-02-21T12:36:13","date_gmt":"2014-02-21T15:36:13","guid":{"rendered":"http:\/\/solasdevento.com.br\/gordinho-2\/"},"modified":"2014-12-18T16:08:00","modified_gmt":"2014-12-18T19:08:00","slug":"le-ptit-gros","status":"publish","type":"page","link":"http:\/\/solasdevento.com.br\/fr\/le-ptit-gros\/","title":{"rendered":"Le P\u2019tit Gros"},"content":{"rendered":"<div  data-q_id=\"#tabs\" class=\"wpb_row vc_row-fluid\" style=\"text-align:right;\"><section class=\"section  grid_section\" style=' padding-top:0px;'><div class=\"section_inner clearfix\">\n\t<div class=\"vc_span6 wpb_column column_container\">\n\t\t<div class=\"wpb_wrapper\">\n\t\t\t\n\t<div class=\"wpb_tabstabs_holder clearfix\" data-interval=\"0\">\n\t\t<div class=\"q_tabs horizontal\">\n\t\t\t<ul class=\"tabs-nav\"><li><a href=\"#tab-1382691955-1-80840-7a5e8832-040c\">SYNOPSIS<\/a><\/li><li><a href=\"#tab-1392996065938-3-58832-040c\">FICHE TECHNIQUE<\/a><\/li><li><a href=\"#tab-1383315102986-2-10840-7a5e8832-040c\">VID\u00c9O<\/a><\/li><\/ul>\n<div class='tabs-container'>\n\t\t\t\n\t\t\t<div id=\"tab-1382691955-1-80840-7a5e8832-040c\" class=\"tab-content\">\n\t\t\t\t<div class=\"wpb_content_element separator  transparent center  \" style=\"margin-top:0px;margin-bottom:5px;\"><\/div>\n<div  class=\"wpb_row vc_row-fluid\" style=\"text-align:left;\">\n\t<div class=\"vc_span12 wpb_column column_container\">\n\t\t<div class=\"wpb_wrapper\">\n\t\t\t\n\t<div class=\"wpb_text_column wpb_content_element \">\n\t\t<div class=\"wpb_wrapper\">\n\t\t\t<span style=\"color: #008080;\">Dans ce num\u00e9ro comique et acrobatique, un \u00ab P\u2019tit Gros \u00bb pr\u00e9sente un traditionnel num\u00e9ro a\u00e9rien, apr\u00e8s un \u00e9chauffement plein de dynamisme, il s\u00b4aventure dans les hauteurs \u00e0 l\u2019aide d\u2019un tissu a\u00e9rien.<br \/>\nPar son courage et son obstination, il gagne l\u2019admiration et les rires des spectateurs. <\/span><\/p>\n<p>&nbsp;<\/p>\n<p><span style=\"color: #999999;\">Avec Ricardo Rodrigues<\/span>\n\t\t<\/div> \n\t<\/div> \n\t\t<\/div> \n\t<\/div> \n<\/div>\n\t\t\t<\/div> \n\t\t\t<div id=\"tab-1392996065938-3-58832-040c\" class=\"tab-content\">\n\t\t\t\t\n\t<div class=\"wpb_text_column wpb_content_element \">\n\t\t<div class=\"wpb_wrapper\">\n\t\t\t<span style=\"color: #008080;\">Dur\u00e9e:<\/span> <span style=\"color: #999999;\">5 minutes<\/span><br \/>\n<span style=\"color: #008080;\">Tout Public<\/span><br \/>\n<span style=\"color: #008080;\">Espace de jeu:<\/span> <span style=\"color: #999999;\">6 x 6m avec un point de suspension<\/span><br \/>\n<span style=\"color: #008080;\">1 ponto de fixa\u00e7\u00e3o para o aparelho circense<\/span>\n\t\t<\/div> \n\t<\/div> \n\t\t\t<\/div> \n\t\t\t<div id=\"tab-1383315102986-2-10840-7a5e8832-040c\" class=\"tab-content\">\n\t\t\t\t<div  class=\"wpb_row vc_row-fluid\" style=\"text-align:left;\">\n\t<div class=\"vc_span12 wpb_column column_container\">\n\t\t<div class=\"wpb_wrapper\">\n\t\t\t\n\t<div class=\"wpb_video_widget wpb_content_element\">\n\t\t<div class=\"wpb_wrapper\"><div class=\"wpb_video_wrapper\"><iframe loading=\"lazy\" width=\"1060\" height=\"795\" src=\"https:\/\/www.youtube.com\/embed\/Zh5jwYNnLAo?feature=oembed\" frameborder=\"0\" allow=\"accelerometer; autoplay; clipboard-write; encrypted-media; gyroscope; picture-in-picture\" allowfullscreen><\/iframe><\/div>\n\t\t<\/div> \n\t<\/div> \n\t\t<\/div> \n\t<\/div> \n<\/div>\n\t\t\t<\/div> <\/div>\n\t\t<\/div> \n\t<\/div> \n\t\t<\/div> \n\t<\/div> \n\n\t<div class=\"vc_span6 wpb_column column_container\">\n\t\t<div class=\"wpb_wrapper\">\n\t\t\t<div class=\"wpb_content_element separator  transparent center  \" style=\"margin-top:0px;margin-bottom:70px;\"><\/div>\n\n\t<div class=\"wpb_gallery wpb_content_element clearfix\">\n\t\t<div class=\"wpb_wrapper\"><div class=\"wpb_gallery_slides wpb_image_grid\" data-interval=\"3\"><div class=\"gallery_holder\"><ul class=\"gallery_inner v0\"><li><a class=\"prettyphoto\" href=\"http:\/\/solasdevento.com.br\/wp-content\/uploads\/gordinho-2.jpg\" rel=\"prettyPhoto[rel-1691840644]\"><span class=\"gallery_hover\"><i class=\"fa fa-search\"><\/i><\/span><img loading=\"lazy\" decoding=\"async\" src=\"http:\/\/solasdevento.com.br\/wp-content\/uploads\/gordinho-2-100x100.jpg\" width=\"100\" height=\"100\" alt=\"gordinho-2\" \/><\/a><\/li><li><a class=\"prettyphoto\" href=\"http:\/\/solasdevento.com.br\/wp-content\/uploads\/gordinho-3.jpg\" rel=\"prettyPhoto[rel-1691840644]\"><span class=\"gallery_hover\"><i class=\"fa fa-search\"><\/i><\/span><img loading=\"lazy\" decoding=\"async\" src=\"http:\/\/solasdevento.com.br\/wp-content\/uploads\/gordinho-3-100x100.jpg\" width=\"100\" height=\"100\" alt=\"gordinho-3\" \/><\/a><\/li><li><a class=\"prettyphoto\" href=\"http:\/\/solasdevento.com.br\/wp-content\/uploads\/gordinho-1-1024x680.jpg\" rel=\"prettyPhoto[rel-1691840644]\"><span class=\"gallery_hover\"><i class=\"fa fa-search\"><\/i><\/span><img loading=\"lazy\" decoding=\"async\" src=\"http:\/\/solasdevento.com.br\/wp-content\/uploads\/gordinho-1-100x100.jpg\" width=\"100\" height=\"100\" alt=\"gordinho-1\" \/><\/a><\/li><li><a class=\"prettyphoto\" href=\"http:\/\/solasdevento.com.br\/wp-content\/uploads\/gordinho-4-1024x685.jpg\" rel=\"prettyPhoto[rel-1691840644]\"><span class=\"gallery_hover\"><i class=\"fa fa-search\"><\/i><\/span><img loading=\"lazy\" decoding=\"async\" src=\"http:\/\/solasdevento.com.br\/wp-content\/uploads\/gordinho-4-100x100.jpg\" width=\"100\" height=\"100\" alt=\"gordinho-4\" \/><\/a><\/li><li><a class=\"prettyphoto\" href=\"http:\/\/solasdevento.com.br\/wp-content\/uploads\/gordinho-5-1024x685.jpg\" rel=\"prettyPhoto[rel-1691840644]\"><span class=\"gallery_hover\"><i class=\"fa fa-search\"><\/i><\/span><img loading=\"lazy\" decoding=\"async\" src=\"http:\/\/solasdevento.com.br\/wp-content\/uploads\/gordinho-5-100x100.jpg\" width=\"100\" height=\"100\" alt=\"gordinho-5\" \/><\/a><\/li><\/ul><\/div><\/div>\n\t\t<\/div> \n\t<\/div> \n\t\t<\/div> \n\t<\/div> \n<\/div><\/section><\/div><div  class=\"wpb_row vc_row-fluid\" style=\"text-align:left;\">\n\t<div class=\"vc_span12 wpb_column column_container\">\n\t\t<div class=\"wpb_wrapper\">\n\t\t\t\n\t\t<\/div> \n\t<\/div> \n<\/div>\n","protected":false},"excerpt":{"rendered":"SYNOPSISFICHE TECHNIQUEVID\u00c9O Dans ce num\u00e9ro comique et acrobatique, un \u00ab P\u2019tit Gros \u00bb pr\u00e9sente un traditionnel num\u00e9ro a\u00e9rien, apr\u00e8s un \u00e9chauffement plein de dynamisme, il s\u00b4aventure dans les hauteurs \u00e0 l\u2019aide d\u2019un tissu a\u00e9rien. Par son courage et son obstination, il gagne l\u2019admiration et les...","protected":false},"author":1,"featured_media":0,"parent":0,"menu_order":0,"comment_status":"closed","ping_status":"open","template":"full_width.php","meta":{"footnotes":""},"class_list":["post-8186","page","type-page","status-publish","hentry"],"_links":{"self":[{"href":"http:\/\/solasdevento.com.br\/fr\/wp-json\/wp\/v2\/pages\/8186","targetHints":{"allow":["GET"]}}],"collection":[{"href":"http:\/\/solasdevento.com.br\/fr\/wp-json\/wp\/v2\/pages"}],"about":[{"href":"http:\/\/solasdevento.com.br\/fr\/wp-json\/wp\/v2\/types\/page"}],"author":[{"embeddable":true,"href":"http:\/\/solasdevento.com.br\/fr\/wp-json\/wp\/v2\/users\/1"}],"replies":[{"embeddable":true,"href":"http:\/\/solasdevento.com.br\/fr\/wp-json\/wp\/v2\/comments?post=8186"}],"version-history":[{"count":7,"href":"http:\/\/solasdevento.com.br\/fr\/wp-json\/wp\/v2\/pages\/8186\/revisions"}],"predecessor-version":[{"id":9206,"href":"http:\/\/solasdevento.com.br\/fr\/wp-json\/wp\/v2\/pages\/8186\/revisions\/9206"}],"wp:attachment":[{"href":"http:\/\/solasdevento.com.br\/fr\/wp-json\/wp\/v2\/media?parent=8186"}],"curies":[{"name":"wp","href":"https:\/\/api.w.org\/{rel}","templated":true}]}}