{"id":8188,"date":"2014-02-21T12:11:55","date_gmt":"2014-02-21T15:11:55","guid":{"rendered":"http:\/\/solasdevento.com.br\/homens-de-solas-de-vento-2\/"},"modified":"2025-08-29T22:04:39","modified_gmt":"2025-08-30T01:04:39","slug":"les-hommes-aux-semelles-de-vent","status":"publish","type":"page","link":"http:\/\/solasdevento.com.br\/fr\/les-hommes-aux-semelles-de-vent\/","title":{"rendered":"Les Hommes Aux Semelles De Vent"},"content":{"rendered":"<div  data-q_id=\"#tabs\" class=\"wpb_row vc_row-fluid\" style=\"text-align:right;\"><section class=\"section  grid_section\" style=' padding-top:0px;'><div class=\"section_inner clearfix\">\n\t<div class=\"vc_span6 wpb_column column_container\">\n\t\t<div class=\"wpb_wrapper\">\n\t\t\t\n\t<div class=\"wpb_tabstabs_holder clearfix\" data-interval=\"0\">\n\t\t<div class=\"q_tabs horizontal\">\n\t\t\t<ul class=\"tabs-nav\"><li><a href=\"#tab-1382691955-1-80630-53d1\">SYNOPSIS<\/a><\/li><li><a href=\"#tab-1418760716253-3-3\">A PROPOS<\/a><\/li><li><a href=\"#tab-1382691955-2-560630-53d1\">EQUIPE<\/a><\/li><li><a href=\"#tab-1383315102986-2-10630-53d1\">VID\u00c9O<\/a><\/li><\/ul>\n<div class='tabs-container'>\n\t\t\t\n\t\t\t<div id=\"tab-1382691955-1-80630-53d1\" class=\"tab-content\">\n\t\t\t\t<div class=\"wpb_content_element separator  transparent center  \" style=\"margin-top:0px;margin-bottom:5px;\"><\/div>\n<div  class=\"wpb_row vc_row-fluid\" style=\"text-align:left;\">\n\t<div class=\"vc_span12 wpb_column column_container\">\n\t\t<div class=\"wpb_wrapper\">\n\t\t\t\n\t<div class=\"wpb_text_column wpb_content_element \">\n\t\t<div class=\"wpb_wrapper\">\n\t\t\t\n\t\t<\/div> \n\t<\/div> <span style=\"color: #008080;\">Deux voyageurs d\u00e9tenus par le service des douanes d\u2019un a\u00e9roport, se retrouvent en suspens oblig\u00e9s \u00e0 cohabiter dans une salle vide.<br \/>\nDurant leur attente, chacun essaye de s\u2019accommoder et cr\u00e9e un espace personnel \u00e0 partir de sa valise.<br \/>\nEtrangers, face \u00e0 face, chacun porteur d\u2019une culture, de valeurs, ils s\u2019observent, s\u2019opposent, pour finalement peut \u00eatre r\u00e9ussir \u00e0 se comprendre.<\/span><\/p>\n<p><span style=\"color: #999999;\">Public concern\u00e9 : Spectacle pour adultes, accessible aux enfants \u00e0 partir de 8 ans<br \/>\nDur\u00e9e: 70 minutes<br \/>\nEspace: Th\u00e9\u00e2tre <\/span>[\/vc_column_tex]\n\t\t<\/div> \n\t<\/div> \n<\/div>\n\t\t\t<\/div> \n\t\t\t<div id=\"tab-1418760716253-3-3\" class=\"tab-content\">\n\t\t\t\t<div class=\"wpb_content_element separator  transparent center  \" style=\"margin-top:0px;margin-bottom:5px;\"><\/div>\n<div  class=\"wpb_row vc_row-fluid\" style=\"text-align:left;\">\n\t<div class=\"vc_span12 wpb_column column_container\">\n\t\t<div class=\"wpb_wrapper\">\n\t\t\t\n\t<div class=\"wpb_text_column wpb_content_element \">\n\t\t<div class=\"wpb_wrapper\">\n\t\t\t<span style=\"color: #999999;\">\u00abLes hommes aux semelles de Vent\u00bb est la premi\u00e8re cr\u00e9ation de la compagnie \u00e0 qui elle a donn\u00e9 son nom. Ce spectacle a \u00e9t\u00e9 pr\u00e9sent\u00e9 dans divers Festivals au Br\u00e9sil et en Allemagne. En 2014 \u00ab Les hommes aux semelles de Vent \u00bb ont particip\u00e9 au projet de diffusion Palco Giratorio\/SESC (tourn\u00e9e dans 38 villes du Br\u00e9sil).<br \/>\nCe travail a \u00e9t\u00e9 nomin\u00e9 au Prix FEMSA dans les cat\u00e9gories : Meilleure Mise en Sc\u00e8ne, Meilleure Sc\u00e9nographie et Meilleur Com\u00e9dien (Ricardo Rodrigues).<\/span><\/p>\n<p><span style=\"color: #999999;\">\u00abLes hommes aux semelles de Vent\u00bb abordent la question de la diversit\u00e9 culturelle, dans une performance qui combine la danse contemporaine, le th\u00e9\u00e2tre et les arts circassiens, qui permettent aux com\u00e9diens de voltiger durant tout le spectacle.<\/span><\/p>\n<p><span style=\"color: #999999;\">La dramaturgie gestuelle et la cr\u00e9ation musicale, compos\u00e9es sp\u00e9cialement pour ce travail, guident le public \u00e0 travers les \u00e9pisodes de cette cohabitation forc\u00e9e. Sans parler, de mani\u00e8re po\u00e9tique et comique, les com\u00e9diens expriment avec leurs corps les al\u00e9as de cette rencontre.<\/span>\n\t\t<\/div> \n\t<\/div> \n\t\t<\/div> \n\t<\/div> \n<\/div>\n\t\t\t<\/div> \n\t\t\t<div id=\"tab-1382691955-2-560630-53d1\" class=\"tab-content\">\n\t\t\t\t<div  class=\"wpb_row vc_row-fluid\" style=\"text-align:left;\">\n\t<div class=\"vc_span12 wpb_column column_container\">\n\t\t<div class=\"wpb_wrapper\">\n\t\t\t\n\t<div class=\"wpb_text_column wpb_content_element \">\n\t\t<div class=\"wpb_wrapper\">\n\t\t\t<span style=\"color: #999999;\">Cr\u00e9ation \u2022 <\/span><span style=\"color: #008080;\">Bruno Rudolf et Ricardo Rodrigues<\/span><br \/>\n<span style=\"color: #999999;\">Mise en sc\u00e8ne \u2022 <\/span><span style=\"color: #008080;\">Rodrigo Matheus<\/span><br \/>\n<span style=\"color: #008080;\">Avec Bruno Rudolf et Ricardo Rodrigues<\/span><br \/>\n<span style=\"color: #999999;\">Conception musicale \u2022 <\/span><span style=\"color: #008080;\">Marcelo Lujan<\/span><br \/>\n<span style=\"color: #999999;\">Cr\u00e9ation Lumi\u00e8re \u2022 <\/span><span style=\"color: #008080;\">Douglas Valiense et Maria Druck<\/span><br \/>\n<span style=\"color: #999999;\">Orientation Artistique \u2022 <\/span><span style=\"color: #008080;\">Luciana Bueno<\/span><br \/>\n<span style=\"color: #999999;\">Orientation Cirque \u2022 <\/span><span style=\"color: #008080;\">Erica Stoppel<\/span><br \/>\n<span style=\"color: #999999;\">Orientation Danse Contemporaine \u2022 <\/span><span style=\"color: #008080;\">Adriana Grecchi<\/span><br \/>\n<span style=\"color: #999999;\">Orientation Technique \u2022 <\/span><span style=\"color: #008080;\">Alex Marinho<\/span><br \/>\n<span style=\"color: #999999;\">Photographie \u2022 <\/span><span style=\"color: #008080;\">Mariana Chama<\/span>\n\t\t<\/div> \n\t<\/div> \n\t\t<\/div> \n\t<\/div> \n<\/div>\n\t\t\t<\/div> \n\t\t\t<div id=\"tab-1383315102986-2-10630-53d1\" class=\"tab-content\">\n\t\t\t\t<div  class=\"wpb_row vc_row-fluid\" style=\"text-align:left;\">\n\t<div class=\"vc_span12 wpb_column column_container\">\n\t\t<div class=\"wpb_wrapper\">\n\t\t\t\n\t<div class=\"wpb_video_widget wpb_content_element\">\n\t\t<div class=\"wpb_wrapper\"><div class=\"wpb_video_wrapper\"><iframe loading=\"lazy\" title=\"Homens de Solas de Vento\" width=\"1060\" height=\"795\" src=\"https:\/\/www.youtube.com\/embed\/44gkrX8LTP4?feature=oembed\" frameborder=\"0\" allow=\"accelerometer; autoplay; clipboard-write; encrypted-media; gyroscope; picture-in-picture; web-share\" referrerpolicy=\"strict-origin-when-cross-origin\" allowfullscreen><\/iframe><\/div>\n\t\t<\/div> \n\t<\/div> \n\t\t<\/div> \n\t<\/div> \n<\/div>\n\t\t\t<\/div> <\/div>\n\t\t<\/div> \n\t<\/div> \n\t\t<\/div> \n\t<\/div> \n\n\t<div class=\"vc_span6 wpb_column column_container\">\n\t\t<div class=\"wpb_wrapper\">\n\t\t\t<div  class=\"wpb_row vc_row-fluid\" style=\"text-align:right;\">\n\t<div class=\"vc_span4 wpb_column column_container\">\n\t\t<div class=\"wpb_wrapper\">\n\t\t\t<div class=\"wpb_content_element separator  transparent center  \" style=\"\"><\/div>\n\n\t\t<\/div> \n\t<\/div> \n\n\t<div class=\"vc_span4 wpb_column column_container\">\n\t\t<div class=\"wpb_wrapper\">\n\t\t\t<a href=\"http:\/\/solasdevento.com.br\/wp-content\/uploads\/clipping-Homens-de-Solas-de-Vento.pdf\" target=\"_blank\" class=\"qbutton  tiny right\" style=\"font-weight: 100; \">REVUE DE PRESSE<i class=\"fa fa-paperclip fa-lg\" style=\"\"><\/i><\/a>\n\t\t<\/div> \n\t<\/div> \n\n\t<div class=\"vc_span4 wpb_column column_container\">\n\t\t<div class=\"wpb_wrapper\">\n\t\t\t<a href=\"http:\/\/solasdevento.com.br\/wp-content\/uploads\/RIder-Tecnico-Homens-de-Solas-de-Vento.pdf\" target=\"_blank\" class=\"qbutton  tiny right\" style=\"font-weight: 100; \">FICHE TECHNIQUE<i class=\"fa fa-paperclip fa-lg\" style=\"\"><\/i><\/a>\n\t\t<\/div> \n\t<\/div> \n<\/div><div class=\"wpb_content_element separator  transparent center  \" style=\"margin-top:0px;margin-bottom:17px;\"><\/div>\n\n\t<div class=\"wpb_gallery wpb_content_element clearfix\">\n\t\t<div class=\"wpb_wrapper\"><div class=\"wpb_gallery_slides wpb_image_grid\" data-interval=\"3\"><div class=\"gallery_holder\"><ul class=\"gallery_inner v0\"><li><a class=\"prettyphoto\" href=\"http:\/\/solasdevento.com.br\/wp-content\/uploads\/homem-solas-3-1024x702.jpg\" rel=\"prettyPhoto[rel-633986102]\"><span class=\"gallery_hover\"><i class=\"fa fa-search\"><\/i><\/span><img loading=\"lazy\" decoding=\"async\" src=\"http:\/\/solasdevento.com.br\/wp-content\/uploads\/homem-solas-3-100x100.jpg\" width=\"100\" height=\"100\" alt=\"homem-solas-3\" \/><\/a><\/li><li><a class=\"prettyphoto\" href=\"http:\/\/solasdevento.com.br\/wp-content\/uploads\/homem-solas-2-1024x682.jpg\" rel=\"prettyPhoto[rel-633986102]\"><span class=\"gallery_hover\"><i class=\"fa fa-search\"><\/i><\/span><img loading=\"lazy\" decoding=\"async\" src=\"http:\/\/solasdevento.com.br\/wp-content\/uploads\/homem-solas-2-100x100.jpg\" width=\"100\" height=\"100\" alt=\"homem-solas-2\" \/><\/a><\/li><li><a class=\"prettyphoto\" href=\"http:\/\/solasdevento.com.br\/wp-content\/uploads\/homem-solas-1-689x1024.jpg\" rel=\"prettyPhoto[rel-633986102]\"><span class=\"gallery_hover\"><i class=\"fa fa-search\"><\/i><\/span><img loading=\"lazy\" decoding=\"async\" src=\"http:\/\/solasdevento.com.br\/wp-content\/uploads\/homem-solas-1-100x100.jpg\" width=\"100\" height=\"100\" alt=\"homem-solas-1\" \/><\/a><\/li><li><a class=\"prettyphoto\" href=\"http:\/\/solasdevento.com.br\/wp-content\/uploads\/homem-solas-5-1024x682.jpg\" rel=\"prettyPhoto[rel-633986102]\"><span class=\"gallery_hover\"><i class=\"fa fa-search\"><\/i><\/span><img loading=\"lazy\" decoding=\"async\" src=\"http:\/\/solasdevento.com.br\/wp-content\/uploads\/homem-solas-5-100x100.jpg\" width=\"100\" height=\"100\" alt=\"homem-solas-5\" \/><\/a><\/li><li><a class=\"prettyphoto\" href=\"http:\/\/solasdevento.com.br\/wp-content\/uploads\/homem-solas-4-1024x682.jpg\" rel=\"prettyPhoto[rel-633986102]\"><span class=\"gallery_hover\"><i class=\"fa fa-search\"><\/i><\/span><img loading=\"lazy\" decoding=\"async\" src=\"http:\/\/solasdevento.com.br\/wp-content\/uploads\/homem-solas-4-100x100.jpg\" width=\"100\" height=\"100\" alt=\"homem-solas-4\" \/><\/a><\/li><li><a class=\"prettyphoto\" href=\"http:\/\/solasdevento.com.br\/wp-content\/uploads\/homem-solas-6-682x1024.jpg\" rel=\"prettyPhoto[rel-633986102]\"><span class=\"gallery_hover\"><i class=\"fa fa-search\"><\/i><\/span><img loading=\"lazy\" decoding=\"async\" src=\"http:\/\/solasdevento.com.br\/wp-content\/uploads\/homem-solas-6-100x100.jpg\" width=\"100\" height=\"100\" alt=\"homem-solas-6\" \/><\/a><\/li><li><a class=\"prettyphoto\" href=\"http:\/\/solasdevento.com.br\/wp-content\/uploads\/homem-solas-7-682x1024.jpg\" rel=\"prettyPhoto[rel-633986102]\"><span class=\"gallery_hover\"><i class=\"fa fa-search\"><\/i><\/span><img loading=\"lazy\" decoding=\"async\" src=\"http:\/\/solasdevento.com.br\/wp-content\/uploads\/homem-solas-7-100x100.jpg\" width=\"100\" height=\"100\" alt=\"homem-solas-7\" \/><\/a><\/li><li><a class=\"prettyphoto\" href=\"http:\/\/solasdevento.com.br\/wp-content\/uploads\/homem-solas-8-682x1024.jpg\" rel=\"prettyPhoto[rel-633986102]\"><span class=\"gallery_hover\"><i class=\"fa fa-search\"><\/i><\/span><img loading=\"lazy\" decoding=\"async\" src=\"http:\/\/solasdevento.com.br\/wp-content\/uploads\/homem-solas-8-100x100.jpg\" width=\"100\" height=\"100\" alt=\"homem-solas-8\" \/><\/a><\/li><li><a class=\"prettyphoto\" href=\"http:\/\/solasdevento.com.br\/wp-content\/uploads\/homem-solas-13-682x1024.jpg\" rel=\"prettyPhoto[rel-633986102]\"><span class=\"gallery_hover\"><i class=\"fa fa-search\"><\/i><\/span><img loading=\"lazy\" decoding=\"async\" src=\"http:\/\/solasdevento.com.br\/wp-content\/uploads\/homem-solas-13-100x100.jpg\" width=\"100\" height=\"100\" alt=\"homem-solas-13\" \/><\/a><\/li><li><a class=\"prettyphoto\" href=\"http:\/\/solasdevento.com.br\/wp-content\/uploads\/homem-solas-10-719x1024.jpg\" rel=\"prettyPhoto[rel-633986102]\"><span class=\"gallery_hover\"><i class=\"fa fa-search\"><\/i><\/span><img loading=\"lazy\" decoding=\"async\" src=\"http:\/\/solasdevento.com.br\/wp-content\/uploads\/homem-solas-10-100x100.jpg\" width=\"100\" height=\"100\" alt=\"homem-solas-10\" \/><\/a><\/li><li><a class=\"prettyphoto\" href=\"http:\/\/solasdevento.com.br\/wp-content\/uploads\/homem-solas-11-1024x681.jpg\" rel=\"prettyPhoto[rel-633986102]\"><span class=\"gallery_hover\"><i class=\"fa fa-search\"><\/i><\/span><img loading=\"lazy\" decoding=\"async\" src=\"http:\/\/solasdevento.com.br\/wp-content\/uploads\/homem-solas-11-100x100.jpg\" width=\"100\" height=\"100\" alt=\"homem-solas-11\" \/><\/a><\/li><li><a class=\"prettyphoto\" href=\"http:\/\/solasdevento.com.br\/wp-content\/uploads\/homem-solas-9-1024x682.jpg\" rel=\"prettyPhoto[rel-633986102]\"><span class=\"gallery_hover\"><i class=\"fa fa-search\"><\/i><\/span><img loading=\"lazy\" decoding=\"async\" src=\"http:\/\/solasdevento.com.br\/wp-content\/uploads\/homem-solas-9-100x100.jpg\" width=\"100\" height=\"100\" alt=\"homem-solas-9\" \/><\/a><\/li><li><a class=\"prettyphoto\" href=\"http:\/\/solasdevento.com.br\/wp-content\/uploads\/homem-solas-12-1024x682.jpg\" rel=\"prettyPhoto[rel-633986102]\"><span class=\"gallery_hover\"><i class=\"fa fa-search\"><\/i><\/span><img loading=\"lazy\" decoding=\"async\" src=\"http:\/\/solasdevento.com.br\/wp-content\/uploads\/homem-solas-12-100x100.jpg\" width=\"100\" height=\"100\" alt=\"homem-solas-12\" \/><\/a><\/li><li><a class=\"prettyphoto\" href=\"http:\/\/solasdevento.com.br\/wp-content\/uploads\/homem-solas-14-695x1024.jpg\" rel=\"prettyPhoto[rel-633986102]\"><span class=\"gallery_hover\"><i class=\"fa fa-search\"><\/i><\/span><img loading=\"lazy\" decoding=\"async\" src=\"http:\/\/solasdevento.com.br\/wp-content\/uploads\/homem-solas-14-100x100.jpg\" width=\"100\" height=\"100\" alt=\"homem-solas-14\" \/><\/a><\/li><li><a class=\"prettyphoto\" href=\"http:\/\/solasdevento.com.br\/wp-content\/uploads\/homem-solas-15-682x1024.jpg\" rel=\"prettyPhoto[rel-633986102]\"><span class=\"gallery_hover\"><i class=\"fa fa-search\"><\/i><\/span><img loading=\"lazy\" decoding=\"async\" src=\"http:\/\/solasdevento.com.br\/wp-content\/uploads\/homem-solas-15-100x100.jpg\" width=\"100\" height=\"100\" alt=\"homem-solas-15\" \/><\/a><\/li><\/ul><\/div><\/div>\n\t\t<\/div> \n\t<\/div> \n\t\t<\/div> \n\t<\/div> \n<\/div><\/section><\/div>\n\n\n\n<div  class=\"wpb_row vc_row-fluid\" style=\"text-align:left;\">\n\t<div class=\"vc_span12 wpb_column column_container\">\n\t\t<div class=\"wpb_wrapper\">\n\t\t\t\n\t\t<\/div> \n\t<\/div> \n<\/div>\n\n\n\n<p><\/p>\n","protected":false},"excerpt":{"rendered":"SYNOPSISA PROPOSEQUIPEVID\u00c9O Deux voyageurs d\u00e9tenus par le service des douanes d\u2019un a\u00e9roport, se retrouvent en suspens oblig\u00e9s \u00e0 cohabiter dans une salle vide. Durant leur attente, chacun essaye de s\u2019accommoder et cr\u00e9e un espace personnel \u00e0 partir de sa valise. Etrangers, face \u00e0 face, chacun...","protected":false},"author":1,"featured_media":0,"parent":0,"menu_order":0,"comment_status":"closed","ping_status":"closed","template":"full_width.php","meta":{"footnotes":""},"class_list":["post-8188","page","type-page","status-publish","hentry"],"_links":{"self":[{"href":"http:\/\/solasdevento.com.br\/fr\/wp-json\/wp\/v2\/pages\/8188","targetHints":{"allow":["GET"]}}],"collection":[{"href":"http:\/\/solasdevento.com.br\/fr\/wp-json\/wp\/v2\/pages"}],"about":[{"href":"http:\/\/solasdevento.com.br\/fr\/wp-json\/wp\/v2\/types\/page"}],"author":[{"embeddable":true,"href":"http:\/\/solasdevento.com.br\/fr\/wp-json\/wp\/v2\/users\/1"}],"replies":[{"embeddable":true,"href":"http:\/\/solasdevento.com.br\/fr\/wp-json\/wp\/v2\/comments?post=8188"}],"version-history":[{"count":32,"href":"http:\/\/solasdevento.com.br\/fr\/wp-json\/wp\/v2\/pages\/8188\/revisions"}],"predecessor-version":[{"id":10361,"href":"http:\/\/solasdevento.com.br\/fr\/wp-json\/wp\/v2\/pages\/8188\/revisions\/10361"}],"wp:attachment":[{"href":"http:\/\/solasdevento.com.br\/fr\/wp-json\/wp\/v2\/media?parent=8188"}],"curies":[{"name":"wp","href":"https:\/\/api.w.org\/{rel}","templated":true}]}}