{"id":8190,"date":"2014-02-21T12:37:06","date_gmt":"2014-02-21T15:37:06","guid":{"rendered":"http:\/\/solasdevento.com.br\/mecanico-2\/"},"modified":"2014-12-18T17:32:50","modified_gmt":"2014-12-18T20:32:50","slug":"mecanique","status":"publish","type":"page","link":"http:\/\/solasdevento.com.br\/fr\/mecanique\/","title":{"rendered":"M\u00e9canique"},"content":{"rendered":"<div  data-q_id=\"#tabs\" class=\"wpb_row vc_row-fluid\" style=\"text-align:right;\"><section class=\"section  grid_section\" style=' padding-top:0px;'><div class=\"section_inner clearfix\">\n\t<div class=\"vc_span6 wpb_column column_container\">\n\t\t<div class=\"wpb_wrapper\">\n\t\t\t\n\t<div class=\"wpb_tabstabs_holder clearfix\" data-interval=\"0\">\n\t\t<div class=\"q_tabs horizontal\">\n\t\t\t<ul class=\"tabs-nav\"><li><a href=\"#tab-1382691955-1-80840-7a5e33a0-de17\">SYNOPSIS<\/a><\/li><li><a href=\"#tab-1392996065938-3-533a0-de17\">FICHE TECHNIQUE<\/a><\/li><li><a href=\"#tab-1383315102986-2-10840-7a5e33a0-de17\">VID\u00c9O<\/a><\/li><\/ul>\n<div class='tabs-container'>\n\t\t\t\n\t\t\t<div id=\"tab-1382691955-1-80840-7a5e33a0-de17\" class=\"tab-content\">\n\t\t\t\t<div class=\"wpb_content_element separator  transparent center  \" style=\"margin-top:0px;margin-bottom:5px;\"><\/div>\n<div  class=\"wpb_row vc_row-fluid\" style=\"text-align:left;\">\n\t<div class=\"vc_span12 wpb_column column_container\">\n\t\t<div class=\"wpb_wrapper\">\n\t\t\t\n\t<div class=\"wpb_text_column wpb_content_element \">\n\t\t<div class=\"wpb_wrapper\">\n\t\t\t<span style=\"color: #008080;\">Les mouvements m\u00e9caniques d\u2019engrenages, sangles et pistons ont \u00e9t\u00e9 l\u2019inspiration de cr\u00e9ation. Deux personnages d\u00e9couvrent un syst\u00e8me de cordes et de poulies et d\u00e9cident de l\u2019utiliser. Les corps montent et descendent, se rencontrent ou se croisent cr\u00e9ant les images inattendues d\u2019un grande machine.<\/span><\/p>\n<p>&nbsp;<\/p>\n<p><span style=\"color: #999999;\">Avec Bruno Rudolf et Ricardo Rodrigues<\/span><\/p>\n<p>&nbsp;<\/p>\n<p><span style=\"color: #999999;\">\u00ab\u00a0Ce num\u00e9ro a \u00e9t\u00e9 cr\u00e9\u00e9 avec le soutien du Gouvernement de l\u00b4\u00c9tat de S\u00e3o Paulo, le Secr\u00e9tariat d\u00b4\u00c9tat de la Culture et le Programme d\u00b4Action Culturel 2009.\u00a0\u00bb<\/span>\n\t\t<\/div> \n\t<\/div> \n\t\t<\/div> \n\t<\/div> \n<\/div>\n\t\t\t<\/div> \n\t\t\t<div id=\"tab-1392996065938-3-533a0-de17\" class=\"tab-content\">\n\t\t\t\t\n\t<div class=\"wpb_text_column wpb_content_element \">\n\t\t<div class=\"wpb_wrapper\">\n\t\t\t<span style=\"color: #008080;\">Dur\u00e9e:<\/span> <span style=\"color: #999999;\">9 minutes<\/span><br \/>\n<span style=\"color: #008080;\">Tout Public<\/span><br \/>\n<span style=\"color: #008080;\">Espace de jeu:<\/span> <span style=\"color: #999999;\">6m x 6m avec un point de suspension<\/span><br \/>\n<span style=\"color: #008080;\">1 ponto de fixa\u00e7\u00e3o para o aparelho circense<\/span>\n\t\t<\/div> \n\t<\/div> \n\t\t\t<\/div> \n\t\t\t<div id=\"tab-1383315102986-2-10840-7a5e33a0-de17\" class=\"tab-content\">\n\t\t\t\t<div  class=\"wpb_row vc_row-fluid\" style=\"text-align:left;\">\n\t<div class=\"vc_span12 wpb_column column_container\">\n\t\t<div class=\"wpb_wrapper\">\n\t\t\t\n\t<div class=\"wpb_video_widget wpb_content_element\">\n\t\t<div class=\"wpb_wrapper\"><div class=\"wpb_video_wrapper\"><iframe loading=\"lazy\" width=\"1060\" height=\"795\" src=\"https:\/\/www.youtube.com\/embed\/lFw456zQKxo?feature=oembed\" frameborder=\"0\" allow=\"accelerometer; autoplay; clipboard-write; encrypted-media; gyroscope; picture-in-picture\" allowfullscreen><\/iframe><\/div>\n\t\t<\/div> \n\t<\/div> \n\t\t<\/div> \n\t<\/div> \n<\/div>\n\t\t\t<\/div> <\/div>\n\t\t<\/div> \n\t<\/div> \n\t\t<\/div> \n\t<\/div> \n\n\t<div class=\"vc_span6 wpb_column column_container\">\n\t\t<div class=\"wpb_wrapper\">\n\t\t\t<div class=\"wpb_content_element separator  transparent center  \" style=\"margin-top:0px;margin-bottom:70px;\"><\/div>\n\n\t<div class=\"wpb_gallery wpb_content_element clearfix\">\n\t\t<div class=\"wpb_wrapper\"><div class=\"wpb_gallery_slides wpb_image_grid\" data-interval=\"3\"><div class=\"gallery_holder\"><ul class=\"gallery_inner v0\"><li><a class=\"prettyphoto\" href=\"http:\/\/solasdevento.com.br\/wp-content\/uploads\/mecanico-9-1024x685.jpg\" rel=\"prettyPhoto[rel-2011069651]\"><span class=\"gallery_hover\"><i class=\"fa fa-search\"><\/i><\/span><img loading=\"lazy\" decoding=\"async\" src=\"http:\/\/solasdevento.com.br\/wp-content\/uploads\/mecanico-9-100x100.jpg\" width=\"100\" height=\"100\" alt=\"mecanico-9\" \/><\/a><\/li><li><a class=\"prettyphoto\" href=\"http:\/\/solasdevento.com.br\/wp-content\/uploads\/mecanico-1-685x1024.jpg\" rel=\"prettyPhoto[rel-2011069651]\"><span class=\"gallery_hover\"><i class=\"fa fa-search\"><\/i><\/span><img loading=\"lazy\" decoding=\"async\" src=\"http:\/\/solasdevento.com.br\/wp-content\/uploads\/mecanico-1-100x100.jpg\" width=\"100\" height=\"100\" alt=\"mecanico-1\" \/><\/a><\/li><li><a class=\"prettyphoto\" href=\"http:\/\/solasdevento.com.br\/wp-content\/uploads\/mecanico-10-685x1024.jpg\" rel=\"prettyPhoto[rel-2011069651]\"><span class=\"gallery_hover\"><i class=\"fa fa-search\"><\/i><\/span><img loading=\"lazy\" decoding=\"async\" src=\"http:\/\/solasdevento.com.br\/wp-content\/uploads\/mecanico-10-100x100.jpg\" width=\"100\" height=\"100\" alt=\"mecanico-10\" \/><\/a><\/li><li><a class=\"prettyphoto\" href=\"http:\/\/solasdevento.com.br\/wp-content\/uploads\/mecanico-3-685x1024.jpg\" rel=\"prettyPhoto[rel-2011069651]\"><span class=\"gallery_hover\"><i class=\"fa fa-search\"><\/i><\/span><img loading=\"lazy\" decoding=\"async\" src=\"http:\/\/solasdevento.com.br\/wp-content\/uploads\/mecanico-3-100x100.jpg\" width=\"100\" height=\"100\" alt=\"mecanico-3\" \/><\/a><\/li><li><a class=\"prettyphoto\" href=\"http:\/\/solasdevento.com.br\/wp-content\/uploads\/mecanico-5-685x1024.jpg\" rel=\"prettyPhoto[rel-2011069651]\"><span class=\"gallery_hover\"><i class=\"fa fa-search\"><\/i><\/span><img loading=\"lazy\" decoding=\"async\" src=\"http:\/\/solasdevento.com.br\/wp-content\/uploads\/mecanico-5-100x100.jpg\" width=\"100\" height=\"100\" alt=\"mecanico-5\" \/><\/a><\/li><li><a class=\"prettyphoto\" href=\"http:\/\/solasdevento.com.br\/wp-content\/uploads\/mecanico-6-685x1024.jpg\" rel=\"prettyPhoto[rel-2011069651]\"><span class=\"gallery_hover\"><i class=\"fa fa-search\"><\/i><\/span><img loading=\"lazy\" decoding=\"async\" src=\"http:\/\/solasdevento.com.br\/wp-content\/uploads\/mecanico-6-100x100.jpg\" width=\"100\" height=\"100\" alt=\"mecanico-6\" \/><\/a><\/li><li><a class=\"prettyphoto\" href=\"http:\/\/solasdevento.com.br\/wp-content\/uploads\/mecanico-7-685x1024.jpg\" rel=\"prettyPhoto[rel-2011069651]\"><span class=\"gallery_hover\"><i class=\"fa fa-search\"><\/i><\/span><img loading=\"lazy\" decoding=\"async\" src=\"http:\/\/solasdevento.com.br\/wp-content\/uploads\/mecanico-7-100x100.jpg\" width=\"100\" height=\"100\" alt=\"mecanico-7\" \/><\/a><\/li><li><a class=\"prettyphoto\" href=\"http:\/\/solasdevento.com.br\/wp-content\/uploads\/mecanico-8-685x1024.jpg\" rel=\"prettyPhoto[rel-2011069651]\"><span class=\"gallery_hover\"><i class=\"fa fa-search\"><\/i><\/span><img loading=\"lazy\" decoding=\"async\" src=\"http:\/\/solasdevento.com.br\/wp-content\/uploads\/mecanico-8-100x100.jpg\" width=\"100\" height=\"100\" alt=\"mecanico-8\" \/><\/a><\/li><li><a class=\"prettyphoto\" href=\"http:\/\/solasdevento.com.br\/wp-content\/uploads\/mecanico-4-1024x685.jpg\" rel=\"prettyPhoto[rel-2011069651]\"><span class=\"gallery_hover\"><i class=\"fa fa-search\"><\/i><\/span><img loading=\"lazy\" decoding=\"async\" src=\"http:\/\/solasdevento.com.br\/wp-content\/uploads\/mecanico-4-100x100.jpg\" width=\"100\" height=\"100\" alt=\"mecanico-4\" \/><\/a><\/li><li><a class=\"prettyphoto\" href=\"http:\/\/solasdevento.com.br\/wp-content\/uploads\/mecanico-2-685x1024.jpg\" rel=\"prettyPhoto[rel-2011069651]\"><span class=\"gallery_hover\"><i class=\"fa fa-search\"><\/i><\/span><img loading=\"lazy\" decoding=\"async\" src=\"http:\/\/solasdevento.com.br\/wp-content\/uploads\/mecanico-2-100x100.jpg\" width=\"100\" height=\"100\" alt=\"mecanico-2\" \/><\/a><\/li><\/ul><\/div><\/div>\n\t\t<\/div> \n\t<\/div> \n\t\t<\/div> \n\t<\/div> \n<\/div><\/section><\/div><div  class=\"wpb_row vc_row-fluid\" style=\"text-align:left;\">\n\t<div class=\"vc_span12 wpb_column column_container\">\n\t\t<div class=\"wpb_wrapper\">\n\t\t\t\n\t\t<\/div> \n\t<\/div> \n<\/div>\n","protected":false},"excerpt":{"rendered":"SYNOPSISFICHE TECHNIQUEVID\u00c9O Les mouvements m\u00e9caniques d\u2019engrenages, sangles et pistons ont \u00e9t\u00e9 l\u2019inspiration de cr\u00e9ation. Deux personnages d\u00e9couvrent un syst\u00e8me de cordes et de poulies et d\u00e9cident de l\u2019utiliser. Les corps montent et descendent, se rencontrent ou se croisent cr\u00e9ant les images inattendues d\u2019un grande machine....","protected":false},"author":1,"featured_media":0,"parent":0,"menu_order":0,"comment_status":"closed","ping_status":"closed","template":"full_width.php","meta":{"footnotes":""},"class_list":["post-8190","page","type-page","status-publish","hentry"],"_links":{"self":[{"href":"http:\/\/solasdevento.com.br\/fr\/wp-json\/wp\/v2\/pages\/8190","targetHints":{"allow":["GET"]}}],"collection":[{"href":"http:\/\/solasdevento.com.br\/fr\/wp-json\/wp\/v2\/pages"}],"about":[{"href":"http:\/\/solasdevento.com.br\/fr\/wp-json\/wp\/v2\/types\/page"}],"author":[{"embeddable":true,"href":"http:\/\/solasdevento.com.br\/fr\/wp-json\/wp\/v2\/users\/1"}],"replies":[{"embeddable":true,"href":"http:\/\/solasdevento.com.br\/fr\/wp-json\/wp\/v2\/comments?post=8190"}],"version-history":[{"count":5,"href":"http:\/\/solasdevento.com.br\/fr\/wp-json\/wp\/v2\/pages\/8190\/revisions"}],"predecessor-version":[{"id":9633,"href":"http:\/\/solasdevento.com.br\/fr\/wp-json\/wp\/v2\/pages\/8190\/revisions\/9633"}],"wp:attachment":[{"href":"http:\/\/solasdevento.com.br\/fr\/wp-json\/wp\/v2\/media?parent=8190"}],"curies":[{"name":"wp","href":"https:\/\/api.w.org\/{rel}","templated":true}]}}