{"id":8204,"date":"2014-02-21T12:43:10","date_gmt":"2014-02-21T15:43:10","guid":{"rendered":"http:\/\/solasdevento.com.br\/voyages-2\/"},"modified":"2014-12-18T14:48:31","modified_gmt":"2014-12-18T17:48:31","slug":"voyages","status":"publish","type":"page","link":"http:\/\/solasdevento.com.br\/fr\/voyages\/","title":{"rendered":"Voyages"},"content":{"rendered":"<div  data-q_id=\"#tabs\" class=\"wpb_row vc_row-fluid\" style=\"text-align:right;\"><section class=\"section  grid_section\" style=' padding-top:0px;'><div class=\"section_inner clearfix\">\n\t<div class=\"vc_span6 wpb_column column_container\">\n\t\t<div class=\"wpb_wrapper\">\n\t\t\t\n\t<div class=\"wpb_tabstabs_holder clearfix\" data-interval=\"0\">\n\t\t<div class=\"q_tabs horizontal\">\n\t\t\t<ul class=\"tabs-nav\"><li><a href=\"#tab-1382691955-1-80840-7a5e6100-c7e6\">SYNOPSIS<\/a><\/li><li><a href=\"#tab-1392996065938-3-56100-c7e6\">FICHE TECHNIQUE<\/a><\/li><li><a href=\"#tab-1383315102986-2-10840-7a5e6100-c7e6\">VID\u00c9O<\/a><\/li><\/ul>\n<div class='tabs-container'>\n\t\t\t\n\t\t\t<div id=\"tab-1382691955-1-80840-7a5e6100-c7e6\" class=\"tab-content\">\n\t\t\t\t<div class=\"wpb_content_element separator  transparent center  \" style=\"margin-top:0px;margin-bottom:5px;\"><\/div>\n<div  class=\"wpb_row vc_row-fluid\" style=\"text-align:left;\">\n\t<div class=\"vc_span12 wpb_column column_container\">\n\t\t<div class=\"wpb_wrapper\">\n\t\t\t\n\t<div class=\"wpb_text_column wpb_content_element \">\n\t\t<div class=\"wpb_wrapper\">\n\t\t\t<span style=\"color: #008080;\">Ce num\u00e9ro de tissu en V pr\u00e9sente les surprises et petits tracas que nous rencontrons tout au long du chemin, que ce soit en train ou en bateau, parfois \u00e9gar\u00e9s, curieux ou \u00e9merveill\u00e9s.<br \/>\nLa chor\u00e9graphie a\u00e9rienne r\u00e9v\u00e8le des images marquantes et d\u00e9licates qui invitent le public \u00e0 cr\u00e9er son propre voyage.<br \/>\n<\/span><\/p>\n<p>&nbsp;<\/p>\n<p>\ufffc\ufffc<span style=\"color: #999999;\">Avec Bruno Rudolf<\/span>\n\t\t<\/div> \n\t<\/div> \n\t\t<\/div> \n\t<\/div> \n<\/div>\n\t\t\t<\/div> \n\t\t\t<div id=\"tab-1392996065938-3-56100-c7e6\" class=\"tab-content\">\n\t\t\t\t\n\t<div class=\"wpb_text_column wpb_content_element \">\n\t\t<div class=\"wpb_wrapper\">\n\t\t\t<span style=\"color: #008080;\">Dur\u00e9e:<\/span> <span style=\"color: #999999;\">5 minutes<\/span><br \/>\n<span style=\"color: #008080;\">Dur\u00e9e:<\/span> <span style=\"color: #999999;\">5 minutes<\/span><br \/>\n<span style=\"color: #008080;\">Tout Public<\/span><br \/>\n<span style=\"color: #008080;\">Espace de jeu:<span style=\"color: #999999;\">6m x 6m avec deux points de suspension<\/span><\/span>\n\t\t<\/div> \n\t<\/div> \n\t\t\t<\/div> \n\t\t\t<div id=\"tab-1383315102986-2-10840-7a5e6100-c7e6\" class=\"tab-content\">\n\t\t\t\t<div  class=\"wpb_row vc_row-fluid\" style=\"text-align:left;\">\n\t<div class=\"vc_span12 wpb_column column_container\">\n\t\t<div class=\"wpb_wrapper\">\n\t\t\t\n\t<div class=\"wpb_video_widget wpb_content_element\">\n\t\t<div class=\"wpb_wrapper\"><div class=\"wpb_video_wrapper\"><iframe loading=\"lazy\" width=\"1060\" height=\"795\" src=\"https:\/\/www.youtube.com\/embed\/q_UP0h_CVpQ?feature=oembed\" frameborder=\"0\" allow=\"accelerometer; autoplay; clipboard-write; encrypted-media; gyroscope; picture-in-picture\" allowfullscreen><\/iframe><\/div>\n\t\t<\/div> \n\t<\/div> \n\t\t<\/div> \n\t<\/div> \n<\/div>\n\t\t\t<\/div> <\/div>\n\t\t<\/div> \n\t<\/div> \n\t\t<\/div> \n\t<\/div> \n\n\t<div class=\"vc_span6 wpb_column column_container\">\n\t\t<div class=\"wpb_wrapper\">\n\t\t\t<div class=\"wpb_content_element separator  transparent center  \" style=\"margin-top:0px;margin-bottom:70px;\"><\/div>\n\n\t<div class=\"wpb_gallery wpb_content_element clearfix\">\n\t\t<div class=\"wpb_wrapper\"><div class=\"wpb_gallery_slides wpb_image_grid\" data-interval=\"3\"><div class=\"gallery_holder\"><ul class=\"gallery_inner v0\"><li><a class=\"prettyphoto\" href=\"http:\/\/solasdevento.com.br\/wp-content\/uploads\/voyages-1-685x1024.jpg\" rel=\"prettyPhoto[rel-322506082]\"><span class=\"gallery_hover\"><i class=\"fa fa-search\"><\/i><\/span><img loading=\"lazy\" decoding=\"async\" src=\"http:\/\/solasdevento.com.br\/wp-content\/uploads\/voyages-1-100x100.jpg\" width=\"100\" height=\"100\" alt=\"voyages-1\" \/><\/a><\/li><li><a class=\"prettyphoto\" href=\"http:\/\/solasdevento.com.br\/wp-content\/uploads\/voyages-2.jpg\" rel=\"prettyPhoto[rel-322506082]\"><span class=\"gallery_hover\"><i class=\"fa fa-search\"><\/i><\/span><img loading=\"lazy\" decoding=\"async\" src=\"http:\/\/solasdevento.com.br\/wp-content\/uploads\/voyages-2-100x100.jpg\" width=\"100\" height=\"100\" alt=\"voyages-2\" \/><\/a><\/li><li><a class=\"prettyphoto\" href=\"http:\/\/solasdevento.com.br\/wp-content\/uploads\/voyages-3.jpg\" rel=\"prettyPhoto[rel-322506082]\"><span class=\"gallery_hover\"><i class=\"fa fa-search\"><\/i><\/span><img loading=\"lazy\" decoding=\"async\" src=\"http:\/\/solasdevento.com.br\/wp-content\/uploads\/voyages-3-100x100.jpg\" width=\"100\" height=\"100\" alt=\"voyages-3\" \/><\/a><\/li><\/ul><\/div><\/div>\n\t\t<\/div> \n\t<\/div> \n\t\t<\/div> \n\t<\/div> \n<\/div><\/section><\/div><div  class=\"wpb_row vc_row-fluid\" style=\"text-align:left;\">\n\t<div class=\"vc_span12 wpb_column column_container\">\n\t\t<div class=\"wpb_wrapper\">\n\t\t\t\n\t\t<\/div> \n\t<\/div> \n<\/div>\n","protected":false},"excerpt":{"rendered":"SYNOPSISFICHE TECHNIQUEVID\u00c9O Ce num\u00e9ro de tissu en V pr\u00e9sente les surprises et petits tracas que nous rencontrons tout au long du chemin, que ce soit en train ou en bateau, parfois \u00e9gar\u00e9s, curieux ou \u00e9merveill\u00e9s. La chor\u00e9graphie a\u00e9rienne r\u00e9v\u00e8le des images marquantes et d\u00e9licates qui...","protected":false},"author":1,"featured_media":0,"parent":0,"menu_order":0,"comment_status":"closed","ping_status":"closed","template":"full_width.php","meta":{"footnotes":""},"class_list":["post-8204","page","type-page","status-publish","hentry"],"_links":{"self":[{"href":"http:\/\/solasdevento.com.br\/fr\/wp-json\/wp\/v2\/pages\/8204","targetHints":{"allow":["GET"]}}],"collection":[{"href":"http:\/\/solasdevento.com.br\/fr\/wp-json\/wp\/v2\/pages"}],"about":[{"href":"http:\/\/solasdevento.com.br\/fr\/wp-json\/wp\/v2\/types\/page"}],"author":[{"embeddable":true,"href":"http:\/\/solasdevento.com.br\/fr\/wp-json\/wp\/v2\/users\/1"}],"replies":[{"embeddable":true,"href":"http:\/\/solasdevento.com.br\/fr\/wp-json\/wp\/v2\/comments?post=8204"}],"version-history":[{"count":4,"href":"http:\/\/solasdevento.com.br\/fr\/wp-json\/wp\/v2\/pages\/8204\/revisions"}],"predecessor-version":[{"id":9208,"href":"http:\/\/solasdevento.com.br\/fr\/wp-json\/wp\/v2\/pages\/8204\/revisions\/9208"}],"wp:attachment":[{"href":"http:\/\/solasdevento.com.br\/fr\/wp-json\/wp\/v2\/media?parent=8204"}],"curies":[{"name":"wp","href":"https:\/\/api.w.org\/{rel}","templated":true}]}}