{"id":9050,"date":"2014-12-17T09:52:13","date_gmt":"2014-12-17T12:52:13","guid":{"rendered":"http:\/\/solasdevento.com.br\/?page_id=9050"},"modified":"2014-12-18T16:41:11","modified_gmt":"2014-12-18T19:41:11","slug":"lautre","status":"publish","type":"page","link":"http:\/\/solasdevento.com.br\/fr\/lautre\/","title":{"rendered":"L\u2019Autre"},"content":{"rendered":"<div  data-q_id=\"#tabs\" class=\"wpb_row vc_row-fluid\" style=\"text-align:right;\"><section class=\"section  grid_section\" style=' padding-top:0px;'><div class=\"section_inner clearfix\">\n\t<div class=\"vc_span6 wpb_column column_container\">\n\t\t<div class=\"wpb_wrapper\">\n\t\t\t\n\t<div class=\"wpb_tabstabs_holder clearfix\" data-interval=\"0\">\n\t\t<div class=\"q_tabs horizontal\">\n\t\t\t<ul class=\"tabs-nav\"><li><a href=\"#tab-1382691955-1-80840-7a5e6100-c7e66158-78d6\">SYNOPSIS<\/a><\/li><li><a href=\"#tab-1392996065938-3-56100-c7e66158-78d6\">FICHE TECHNIQUE<\/a><\/li><li><a href=\"#tab-1383315102986-2-10840-7a5e6100-c7e66158-78d6\">VID\u00c9O<\/a><\/li><\/ul>\n<div class='tabs-container'>\n\t\t\t\n\t\t\t<div id=\"tab-1382691955-1-80840-7a5e6100-c7e66158-78d6\" class=\"tab-content\">\n\t\t\t\t<div class=\"wpb_content_element separator  transparent center  \" style=\"margin-top:0px;margin-bottom:5px;\"><\/div>\n<div  class=\"wpb_row vc_row-fluid\" style=\"text-align:left;\">\n\t<div class=\"vc_span12 wpb_column column_container\">\n\t\t<div class=\"wpb_wrapper\">\n\t\t\t\n\t<div class=\"wpb_text_column wpb_content_element \">\n\t\t<div class=\"wpb_wrapper\">\n\t\t\t<span style=\"color: #008080;\">Ce num\u00e9ro montre un homme seul avec ses doutes et ses souvenirs, ayant pour seule compagnie une chemise blanche (adapt\u00e9e comme un agr\u00e8s circassien). Peu \u00e0 peu, il cr\u00e9e une danse a\u00e9rienne pleine de lyrisme.<\/span><\/p>\n<p>&nbsp;<\/p>\n<p>\ufffc\ufffc<span style=\"color: #999999;\">Avec Bruno Rudolf<\/span>\n\t\t<\/div> \n\t<\/div> \n\t\t<\/div> \n\t<\/div> \n<\/div>\n\t\t\t<\/div> \n\t\t\t<div id=\"tab-1392996065938-3-56100-c7e66158-78d6\" class=\"tab-content\">\n\t\t\t\t\n\t<div class=\"wpb_text_column wpb_content_element \">\n\t\t<div class=\"wpb_wrapper\">\n\t\t\t<span style=\"color: #008080;\">Dur\u00e9e:<\/span> <span style=\"color: #999999;\">5 minutes<\/span><br \/>\n<span style=\"color: #008080;\">Tout Public<\/span><br \/>\n<span style=\"color: #008080;\">Espace de jeu:<\/span> <span style=\"color: #999999;\">6m x 6m avec deux points de suspension et un point d\u2019ancrage au sol pour un palan.<\/span><br \/>\n\n\t\t<\/div> \n\t<\/div> \n\t\t\t<\/div> \n\t\t\t<div id=\"tab-1383315102986-2-10840-7a5e6100-c7e66158-78d6\" class=\"tab-content\">\n\t\t\t\t<div  class=\"wpb_row vc_row-fluid\" style=\"text-align:left;\">\n\t<div class=\"vc_span12 wpb_column column_container\">\n\t\t<div class=\"wpb_wrapper\">\n\t\t\t\n\t\t<\/div> \n\t<\/div> \n<\/div>\n\t\t\t<\/div> <\/div>\n\t\t<\/div> \n\t<\/div> \n\t\t<\/div> \n\t<\/div> \n\n\t<div class=\"vc_span6 wpb_column column_container\">\n\t\t<div class=\"wpb_wrapper\">\n\t\t\t<div class=\"wpb_content_element separator  transparent center  \" style=\"margin-top:0px;margin-bottom:70px;\"><\/div>\n\n\t<div class=\"wpb_gallery wpb_content_element clearfix\">\n\t\t<div class=\"wpb_wrapper\"><div class=\"wpb_gallery_slides wpb_image_grid\" data-interval=\"3\"><div class=\"gallery_holder\"><ul class=\"gallery_inner v0\"><li><a class=\"prettyphoto\" href=\"http:\/\/solasdevento.com.br\/wp-content\/uploads\/camisa-2.jpg\" rel=\"prettyPhoto[rel-384584083]\"><span class=\"gallery_hover\"><i class=\"fa fa-search\"><\/i><\/span><img loading=\"lazy\" decoding=\"async\" src=\"http:\/\/solasdevento.com.br\/wp-content\/uploads\/camisa-2-100x100.jpg\" width=\"100\" height=\"100\" alt=\"camisa-2\" \/><\/a><\/li><li><a class=\"prettyphoto\" href=\"http:\/\/solasdevento.com.br\/wp-content\/uploads\/camisa-1.jpg\" rel=\"prettyPhoto[rel-384584083]\"><span class=\"gallery_hover\"><i class=\"fa fa-search\"><\/i><\/span><img loading=\"lazy\" decoding=\"async\" src=\"http:\/\/solasdevento.com.br\/wp-content\/uploads\/camisa-1-100x100.jpg\" width=\"100\" height=\"100\" alt=\"camisa-1\" \/><\/a><\/li><\/ul><\/div><\/div>\n\t\t<\/div> \n\t<\/div> \n\t\t<\/div> \n\t<\/div> \n<\/div><\/section><\/div><div  class=\"wpb_row vc_row-fluid\" style=\"text-align:left;\">\n\t<div class=\"vc_span12 wpb_column column_container\">\n\t\t<div class=\"wpb_wrapper\">\n\t\t\t\n\t\t<\/div> \n\t<\/div> \n<\/div>\n","protected":false},"excerpt":{"rendered":"SYNOPSISFICHE TECHNIQUEVID\u00c9O Ce num\u00e9ro montre un homme seul avec ses doutes et ses souvenirs, ayant pour seule compagnie une chemise blanche (adapt\u00e9e comme un agr\u00e8s circassien). Peu \u00e0 peu, il cr\u00e9e une danse a\u00e9rienne pleine de lyrisme. &nbsp; \ufffc\ufffcAvec Bruno Rudolf Dur\u00e9e: 5 minutes Tout...","protected":false},"author":1,"featured_media":0,"parent":0,"menu_order":0,"comment_status":"closed","ping_status":"closed","template":"full_width.php","meta":{"footnotes":""},"class_list":["post-9050","page","type-page","status-publish","hentry"],"_links":{"self":[{"href":"http:\/\/solasdevento.com.br\/fr\/wp-json\/wp\/v2\/pages\/9050","targetHints":{"allow":["GET"]}}],"collection":[{"href":"http:\/\/solasdevento.com.br\/fr\/wp-json\/wp\/v2\/pages"}],"about":[{"href":"http:\/\/solasdevento.com.br\/fr\/wp-json\/wp\/v2\/types\/page"}],"author":[{"embeddable":true,"href":"http:\/\/solasdevento.com.br\/fr\/wp-json\/wp\/v2\/users\/1"}],"replies":[{"embeddable":true,"href":"http:\/\/solasdevento.com.br\/fr\/wp-json\/wp\/v2\/comments?post=9050"}],"version-history":[{"count":5,"href":"http:\/\/solasdevento.com.br\/fr\/wp-json\/wp\/v2\/pages\/9050\/revisions"}],"predecessor-version":[{"id":9220,"href":"http:\/\/solasdevento.com.br\/fr\/wp-json\/wp\/v2\/pages\/9050\/revisions\/9220"}],"wp:attachment":[{"href":"http:\/\/solasdevento.com.br\/fr\/wp-json\/wp\/v2\/media?parent=9050"}],"curies":[{"name":"wp","href":"https:\/\/api.w.org\/{rel}","templated":true}]}}