{"id":8182,"date":"2014-02-21T12:35:22","date_gmt":"2014-02-21T15:35:22","guid":{"rendered":"http:\/\/solasdevento.com.br\/capoeira-2\/"},"modified":"2014-12-18T14:37:54","modified_gmt":"2014-12-18T17:37:54","slug":"capoeira","status":"publish","type":"page","link":"https:\/\/solasdevento.com.br\/fr\/capoeira\/","title":{"rendered":"Capoeira"},"content":{"rendered":"<div  data-q_id=\"#tabs\" class=\"wpb_row vc_row-fluid\" style=\"text-align:right;\"><section class=\"section  grid_section\" style=' padding-top:0px;'><div class=\"section_inner clearfix\">\n\t<div class=\"vc_span6 wpb_column column_container\">\n\t\t<div class=\"wpb_wrapper\">\n\t\t\t\n\t<div class=\"wpb_tabstabs_holder clearfix\" data-interval=\"0\">\n\t\t<div class=\"q_tabs horizontal\">\n\t\t\t<ul class=\"tabs-nav\"><li><a href=\"#tab-1382691955-1-80840-7a5e95bb-27f2\">SYNOPSIS<\/a><\/li><li><a href=\"#tab-1392996065938-3-595bb-27f2\">FICHE TECHNIQUE<\/a><\/li><li><a href=\"#tab-1383315102986-2-10840-7a5e95bb-27f2\">VID\u00c9O<\/a><\/li><\/ul>\n<div class='tabs-container'>\n\t\t\t\n\t\t\t<div id=\"tab-1382691955-1-80840-7a5e95bb-27f2\" class=\"tab-content\">\n\t\t\t\t<div class=\"wpb_content_element separator  transparent center  \" style=\"margin-top:0px;margin-bottom:5px;\"><\/div>\n<div  class=\"wpb_row vc_row-fluid\" style=\"text-align:left;\">\n\t<div class=\"vc_span12 wpb_column column_container\">\n\t\t<div class=\"wpb_wrapper\">\n\t\t\t\n\t<div class=\"wpb_text_column wpb_content_element \">\n\t\t<div class=\"wpb_wrapper\">\n\t\t\t<span style=\"color: #008080;\">Ce num\u00e9ro propose une relecture des mouvements de la danse afro-br\u00e9silienne Capoeira. Apr\u00e8s une introduction au sol, les deux acrobates r\u00e9alisent une lutte a\u00e9rienne en utilisant des cordes lisses.<\/span><\/p>\n<p>&nbsp;<\/p>\n<p><span style=\"color: #999999;\">Avec Bruno Rudolf et Ricardo Rodrigues<\/span>\n\t\t<\/div> \n\t<\/div> \n\t\t<\/div> \n\t<\/div> \n<\/div>\n\t\t\t<\/div> \n\t\t\t<div id=\"tab-1392996065938-3-595bb-27f2\" class=\"tab-content\">\n\t\t\t\t\n\t<div class=\"wpb_text_column wpb_content_element \">\n\t\t<div class=\"wpb_wrapper\">\n\t\t\t<span style=\"color: #008080;\">Dur\u00e9e:<\/span> <span style=\"color: #999999;\">5 minutes<\/span><br \/>\n<span style=\"color: #008080;\">Tout Public<\/span><br \/>\n<span style=\"color: #008080;\">Espace de jeu:<\/span> <span style=\"color: #999999;\">6m x 6m avec deux points de suspension<\/span><br \/>\n\n\t\t<\/div> \n\t<\/div> \n\t\t\t<\/div> \n\t\t\t<div id=\"tab-1383315102986-2-10840-7a5e95bb-27f2\" class=\"tab-content\">\n\t\t\t\t<div  class=\"wpb_row vc_row-fluid\" style=\"text-align:left;\">\n\t<div class=\"vc_span12 wpb_column column_container\">\n\t\t<div class=\"wpb_wrapper\">\n\t\t\t\n\t\t<\/div> \n\t<\/div> \n<\/div>\n\t\t\t<\/div> <\/div>\n\t\t<\/div> \n\t<\/div> \n\t\t<\/div> \n\t<\/div> \n\n\t<div class=\"vc_span6 wpb_column column_container\">\n\t\t<div class=\"wpb_wrapper\">\n\t\t\t<div class=\"wpb_content_element separator  transparent center  \" style=\"margin-top:0px;margin-bottom:70px;\"><\/div>\n\n\t<div class=\"wpb_gallery wpb_content_element clearfix\">\n\t\t<div class=\"wpb_wrapper\"><div class=\"wpb_gallery_slides wpb_image_grid\" data-interval=\"3\"><div class=\"gallery_holder\"><ul class=\"gallery_inner v0\"><li><a class=\"prettyphoto\" href=\"https:\/\/solasdevento.com.br\/wp-content\/uploads\/capoeira-1.jpg\" rel=\"prettyPhoto[rel-977724254]\"><span class=\"gallery_hover\"><i class=\"fa fa-search\"><\/i><\/span><img loading=\"lazy\" decoding=\"async\" src=\"https:\/\/solasdevento.com.br\/wp-content\/uploads\/capoeira-1-100x100.jpg\" width=\"100\" height=\"100\" alt=\"capoeira-1\" \/><\/a><\/li><li><a class=\"prettyphoto\" href=\"https:\/\/solasdevento.com.br\/wp-content\/uploads\/capoeira-2-685x1024.jpg\" rel=\"prettyPhoto[rel-977724254]\"><span class=\"gallery_hover\"><i class=\"fa fa-search\"><\/i><\/span><img loading=\"lazy\" decoding=\"async\" src=\"https:\/\/solasdevento.com.br\/wp-content\/uploads\/capoeira-2-100x100.jpg\" width=\"100\" height=\"100\" alt=\"capoeira-2\" \/><\/a><\/li><li><a class=\"prettyphoto\" href=\"https:\/\/solasdevento.com.br\/wp-content\/uploads\/capoeira-3-768x1024.jpg\" rel=\"prettyPhoto[rel-977724254]\"><span class=\"gallery_hover\"><i class=\"fa fa-search\"><\/i><\/span><img loading=\"lazy\" decoding=\"async\" src=\"https:\/\/solasdevento.com.br\/wp-content\/uploads\/capoeira-3-100x100.jpg\" width=\"100\" height=\"100\" alt=\"capoeira-3\" \/><\/a><\/li><li><a class=\"prettyphoto\" href=\"https:\/\/solasdevento.com.br\/wp-content\/uploads\/capoeira-4.jpg\" rel=\"prettyPhoto[rel-977724254]\"><span class=\"gallery_hover\"><i class=\"fa fa-search\"><\/i><\/span><img loading=\"lazy\" decoding=\"async\" src=\"https:\/\/solasdevento.com.br\/wp-content\/uploads\/capoeira-4-100x100.jpg\" width=\"100\" height=\"100\" alt=\"capoeira-4\" \/><\/a><\/li><\/ul><\/div><\/div>\n\t\t<\/div> \n\t<\/div> \n\t\t<\/div> \n\t<\/div> \n<\/div><\/section><\/div><div  class=\"wpb_row vc_row-fluid\" style=\"text-align:left;\">\n\t<div class=\"vc_span12 wpb_column column_container\">\n\t\t<div class=\"wpb_wrapper\">\n\t\t\t\n\t\t<\/div> \n\t<\/div> \n<\/div>\n","protected":false},"excerpt":{"rendered":"SYNOPSISFICHE TECHNIQUEVID\u00c9O Ce num\u00e9ro propose une relecture des mouvements de la danse afro-br\u00e9silienne Capoeira. Apr\u00e8s une introduction au sol, les deux acrobates r\u00e9alisent une lutte a\u00e9rienne en utilisant des cordes lisses. &nbsp; Avec Bruno Rudolf et Ricardo Rodrigues Dur\u00e9e: 5 minutes Tout Public Espace de...","protected":false},"author":1,"featured_media":0,"parent":0,"menu_order":0,"comment_status":"closed","ping_status":"closed","template":"full_width.php","meta":{"footnotes":""},"class_list":["post-8182","page","type-page","status-publish","hentry"],"_links":{"self":[{"href":"https:\/\/solasdevento.com.br\/fr\/wp-json\/wp\/v2\/pages\/8182","targetHints":{"allow":["GET"]}}],"collection":[{"href":"https:\/\/solasdevento.com.br\/fr\/wp-json\/wp\/v2\/pages"}],"about":[{"href":"https:\/\/solasdevento.com.br\/fr\/wp-json\/wp\/v2\/types\/page"}],"author":[{"embeddable":true,"href":"https:\/\/solasdevento.com.br\/fr\/wp-json\/wp\/v2\/users\/1"}],"replies":[{"embeddable":true,"href":"https:\/\/solasdevento.com.br\/fr\/wp-json\/wp\/v2\/comments?post=8182"}],"version-history":[{"count":4,"href":"https:\/\/solasdevento.com.br\/fr\/wp-json\/wp\/v2\/pages\/8182\/revisions"}],"predecessor-version":[{"id":9563,"href":"https:\/\/solasdevento.com.br\/fr\/wp-json\/wp\/v2\/pages\/8182\/revisions\/9563"}],"wp:attachment":[{"href":"https:\/\/solasdevento.com.br\/fr\/wp-json\/wp\/v2\/media?parent=8182"}],"curies":[{"name":"wp","href":"https:\/\/api.w.org\/{rel}","templated":true}]}}