{"id":8206,"date":"2014-02-21T12:14:33","date_gmt":"2014-02-21T15:14:33","guid":{"rendered":"http:\/\/solasdevento.com.br\/os-perdidos-2\/"},"modified":"2025-08-29T22:06:21","modified_gmt":"2025-08-30T01:06:21","slug":"les-egares","status":"publish","type":"page","link":"https:\/\/solasdevento.com.br\/fr\/les-egares\/","title":{"rendered":"Les \u00c9gar\u00e9s"},"content":{"rendered":"<div  data-q_id=\"#tabs\" class=\"wpb_row vc_row-fluid\" style=\"text-align:right;\"><section class=\"section  grid_section\" style=' padding-top:0px;'><div class=\"section_inner clearfix\">\n\t<div class=\"vc_span6 wpb_column column_container\">\n\t\t<div class=\"wpb_wrapper\">\n\t\t\t\n\t<div class=\"wpb_tabstabs_holder clearfix\" data-interval=\"0\">\n\t\t<div class=\"q_tabs horizontal\">\n\t\t\t<ul class=\"tabs-nav\"><li><a href=\"#tab-1382691955-1-8e3b7-1eaa\">SYNOPSIS<\/a><\/li><li><a href=\"#tab-1418761717309-3-10\">A PROPOS<\/a><\/li><li><a href=\"#tab-1382691955-2-56e3b7-1eaa\">EQUIPE<\/a><\/li><li><a href=\"#tab-1383315102986-2-1e3b7-1eaa\">VID\u00c9O<\/a><\/li><\/ul>\n<div class='tabs-container'>\n\t\t\t\n\t\t\t<div id=\"tab-1382691955-1-8e3b7-1eaa\" class=\"tab-content\">\n\t\t\t\t<div class=\"wpb_content_element separator  transparent center  \" style=\"margin-top:0px;margin-bottom:10px;\"><\/div>\n<div  class=\"wpb_row vc_row-fluid\" style=\"text-align:left;\">\n\t<div class=\"vc_span12 wpb_column column_container\">\n\t\t<div class=\"wpb_wrapper\">\n\t\t\t\n\t<div class=\"wpb_text_column wpb_content_element \">\n\t\t<div class=\"wpb_wrapper\">\n\t\t\t<span style=\"color: #008080;\">Deux personnages excentriques, entreprennent un voyage \u00e0 l\u2019aide d\u2019une \u00e9chelle et d\u2019un atlas. Ils inventent un itin\u00e9raire parsem\u00e9 d\u2019embuches et d\u2019inattendues p\u00e9rip\u00e9ties pour arriver \u00e0 leur destination.<\/span><\/p>\n<p><span style=\"color: #999999;\">Spectacle de Rue<br \/>\nPublic concern\u00e9: Tout Public<br \/>\nDur\u00e9e: 30 minutes<br \/>\nEspace: Rue et place<\/span>\n\t\t<\/div> \n\t<\/div> \n\t\t<\/div> \n\t<\/div> \n<\/div>\n\t\t\t<\/div> \n\t\t\t<div id=\"tab-1418761717309-3-10\" class=\"tab-content\">\n\t\t\t\t<div class=\"wpb_content_element separator  transparent center  \" style=\"margin-top:0px;margin-bottom:10px;\"><\/div>\n<div  class=\"wpb_row vc_row-fluid\" style=\"text-align:left;\">\n\t<div class=\"vc_span12 wpb_column column_container\">\n\t\t<div class=\"wpb_wrapper\">\n\t\t\t\n\t<div class=\"wpb_text_column wpb_content_element \">\n\t\t<div class=\"wpb_wrapper\">\n\t\t\t<span style=\"color: #999999;\">Cr\u00e9\u00e9 en 2010, \u00abLes \u00e9gar\u00e9s\u00bb est le premier spectacle de Rue de la Compagnie, sa cr\u00e9ation est li\u00e9e au projet Circuit des Arts 2010\/SESC. Ce travail est une continuation du num\u00e9ro circassien \u00ab l\u2019\u00e9chelle \u00bb mis en sc\u00e8ne par Kris Niklison en 2007, lors de la r\u00e9sidence artistique Cubo de Ensaio\/SESC Pinheiros.<\/span><\/p>\n<p><span style=\"color: #999999;\">Entre conflits et jeux d\u2019imagination, l\u2019\u00e9chelle se transforme pour les acrobates et le public en bateau, caverne ou montagne glaciale tout au long du spectacle.<br \/>\nLes acteurs fusionnent \u00e9l\u00e9ments acrobatiques et chor\u00e9graphiques pour cr\u00e9er un langage th\u00e9\u00e2tral o\u00f9 les corps expriment les hauts et les bas du voyage.<br \/>\nMoments po\u00e9tiques et comiques s\u2019alternent pour guider le public \u00e0 bon port.<br \/>\n<\/span><\/p>\n<p><span style=\"color: #999999;\">\u00ab Les \u00e9gar\u00e9s \u00bb est un spectacle pour toute la famille, une invitation pour se divertir et faire preuve d\u2019imagination.<\/span>\n\t\t<\/div> \n\t<\/div> \n\t\t<\/div> \n\t<\/div> \n<\/div>\n\t\t\t<\/div> \n\t\t\t<div id=\"tab-1382691955-2-56e3b7-1eaa\" class=\"tab-content\">\n\t\t\t\t<div  class=\"wpb_row vc_row-fluid\" style=\"text-align:left;\">\n\t<div class=\"vc_span12 wpb_column column_container\">\n\t\t<div class=\"wpb_wrapper\">\n\t\t\t\n\t<div class=\"wpb_text_column wpb_content_element \">\n\t\t<div class=\"wpb_wrapper\">\n\t\t\t<span style=\"color: #999999;\">Cr\u00e9ation \u2022 <\/span><span style=\"color: #008080;\">Andr\u00e9 Schulle, Bruno Rudolf et Ricardo Rodrigues<\/span><br \/>\n<span style=\"color: #999999;\">Mise en sc\u00e8ne \u2022 <\/span><span style=\"color: #008080;\">Cie. Solas de Vento<\/span><br \/>\n<span style=\"color: #999999;\">Conception musicale \u2022 <\/span><span style=\"color: #008080;\">Marcelo Lujan<\/span><br \/>\n<span style=\"color: #999999;\">Costumes \u2022 <\/span><span style=\"color: #008080;\">Carola Costa<\/span><br \/>\n\n\t\t<\/div> \n\t<\/div> \n\t\t<\/div> \n\t<\/div> \n<\/div>\n\t\t\t<\/div> \n\t\t\t<div id=\"tab-1383315102986-2-1e3b7-1eaa\" class=\"tab-content\">\n\t\t\t\t<div  class=\"wpb_row vc_row-fluid\" style=\"text-align:left;\">\n\t<div class=\"vc_span12 wpb_column column_container\">\n\t\t<div class=\"wpb_wrapper\">\n\t\t\t\n\t<div class=\"wpb_video_widget wpb_content_element\">\n\t\t<div class=\"wpb_wrapper\"><div class=\"wpb_video_wrapper\"><a href=\"https:\/\/www.youtube.com\/watch?v=OluCVo2a9Mw\">https:\/\/www.youtube.com\/watch?v=OluCVo2a9Mw<\/a><\/div>\n\t\t<\/div> \n\t<\/div> \n\t\t<\/div> \n\t<\/div> \n<\/div>\n\t\t\t<\/div> <\/div>\n\t\t<\/div> \n\t<\/div> \n\t\t<\/div> \n\t<\/div> \n\n\t<div class=\"vc_span6 wpb_column column_container\">\n\t\t<div class=\"wpb_wrapper\">\n\t\t\t<div  class=\"wpb_row vc_row-fluid\" style=\"text-align:right;\">\n\t<div class=\"vc_span4 wpb_column column_container\">\n\t\t<div class=\"wpb_wrapper\">\n\t\t\t<div class=\"wpb_content_element separator  transparent center  \" style=\"\"><\/div>\n\n\t\t<\/div> \n\t<\/div> \n\n\t<div class=\"vc_span4 wpb_column column_container\">\n\t\t<div class=\"wpb_wrapper\">\n\t\t\t<a href=\"http:\/\/solasdevento.com.br\/wp-content\/uploads\/clipping-Os-Perdidos-1.pdf\" target=\"_blank\" class=\"qbutton  tiny right\" style=\"font-weight: 100; \">REVUE DE PRESSE<i class=\"fa fa-paperclip fa-lg\" style=\"\"><\/i><\/a>\n\t\t<\/div> \n\t<\/div> \n\n\t<div class=\"vc_span4 wpb_column column_container\">\n\t\t<div class=\"wpb_wrapper\">\n\t\t\t<a href=\"\" target=\"_blank\" class=\"qbutton  tiny right\" style=\"font-weight: 100; \">FICHE TECHNIQUE<i class=\"fa fa-paperclip fa-lg\" style=\"\"><\/i><\/a>\n\t\t<\/div> \n\t<\/div> \n<\/div><div class=\"wpb_content_element separator  transparent center  \" style=\"margin-top:0px;margin-bottom:17px;\"><\/div>\n\n\t<div class=\"wpb_gallery wpb_content_element clearfix\">\n\t\t<div class=\"wpb_wrapper\"><div class=\"wpb_gallery_slides wpb_image_grid\" data-interval=\"3\"><div class=\"gallery_holder\"><ul class=\"gallery_inner v0\"><li><a class=\"prettyphoto\" href=\"https:\/\/solasdevento.com.br\/wp-content\/uploads\/os-perdidos-1-1024x685.jpg\" rel=\"prettyPhoto[rel-613177682]\"><span class=\"gallery_hover\"><i class=\"fa fa-search\"><\/i><\/span><img loading=\"lazy\" decoding=\"async\" src=\"https:\/\/solasdevento.com.br\/wp-content\/uploads\/os-perdidos-1-100x100.jpg\" width=\"100\" height=\"100\" alt=\"os-perdidos-1\" \/><\/a><\/li><li><a class=\"prettyphoto\" href=\"https:\/\/solasdevento.com.br\/wp-content\/uploads\/os-perdidos-2-685x1024.jpg\" rel=\"prettyPhoto[rel-613177682]\"><span class=\"gallery_hover\"><i class=\"fa fa-search\"><\/i><\/span><img loading=\"lazy\" decoding=\"async\" src=\"https:\/\/solasdevento.com.br\/wp-content\/uploads\/os-perdidos-2-100x100.jpg\" width=\"100\" height=\"100\" alt=\"os-perdidos-2\" \/><\/a><\/li><li><a class=\"prettyphoto\" href=\"https:\/\/solasdevento.com.br\/wp-content\/uploads\/os-perdidos-10-1024x768.jpg\" rel=\"prettyPhoto[rel-613177682]\"><span class=\"gallery_hover\"><i class=\"fa fa-search\"><\/i><\/span><img loading=\"lazy\" decoding=\"async\" src=\"https:\/\/solasdevento.com.br\/wp-content\/uploads\/os-perdidos-10-100x100.jpg\" width=\"100\" height=\"100\" alt=\"os-perdidos-10\" \/><\/a><\/li><li><a class=\"prettyphoto\" href=\"https:\/\/solasdevento.com.br\/wp-content\/uploads\/os-perdidos-9-420x1024.jpg\" rel=\"prettyPhoto[rel-613177682]\"><span class=\"gallery_hover\"><i class=\"fa fa-search\"><\/i><\/span><img loading=\"lazy\" decoding=\"async\" src=\"https:\/\/solasdevento.com.br\/wp-content\/uploads\/os-perdidos-9-100x100.jpg\" width=\"100\" height=\"100\" alt=\"os-perdidos-9\" \/><\/a><\/li><li><a class=\"prettyphoto\" href=\"https:\/\/solasdevento.com.br\/wp-content\/uploads\/os-perdidos-8-682x1024.jpg\" rel=\"prettyPhoto[rel-613177682]\"><span class=\"gallery_hover\"><i class=\"fa fa-search\"><\/i><\/span><img loading=\"lazy\" decoding=\"async\" src=\"https:\/\/solasdevento.com.br\/wp-content\/uploads\/os-perdidos-8-100x100.jpg\" width=\"100\" height=\"100\" alt=\"os-perdidos-8\" \/><\/a><\/li><li><a class=\"prettyphoto\" href=\"https:\/\/solasdevento.com.br\/wp-content\/uploads\/os-perdidos-7-682x1024.jpg\" rel=\"prettyPhoto[rel-613177682]\"><span class=\"gallery_hover\"><i class=\"fa fa-search\"><\/i><\/span><img loading=\"lazy\" decoding=\"async\" src=\"https:\/\/solasdevento.com.br\/wp-content\/uploads\/os-perdidos-7-100x100.jpg\" width=\"100\" height=\"100\" alt=\"os-perdidos-7\" \/><\/a><\/li><li><a class=\"prettyphoto\" href=\"https:\/\/solasdevento.com.br\/wp-content\/uploads\/os-perdidos-6-1024x682.jpg\" rel=\"prettyPhoto[rel-613177682]\"><span class=\"gallery_hover\"><i class=\"fa fa-search\"><\/i><\/span><img loading=\"lazy\" decoding=\"async\" src=\"https:\/\/solasdevento.com.br\/wp-content\/uploads\/os-perdidos-6-100x100.jpg\" width=\"100\" height=\"100\" alt=\"os-perdidos-6\" \/><\/a><\/li><li><a class=\"prettyphoto\" href=\"https:\/\/solasdevento.com.br\/wp-content\/uploads\/os-perdidos-5-1024x682.jpg\" rel=\"prettyPhoto[rel-613177682]\"><span class=\"gallery_hover\"><i class=\"fa fa-search\"><\/i><\/span><img loading=\"lazy\" decoding=\"async\" src=\"https:\/\/solasdevento.com.br\/wp-content\/uploads\/os-perdidos-5-100x100.jpg\" width=\"100\" height=\"100\" alt=\"os-perdidos-5\" \/><\/a><\/li><li><a class=\"prettyphoto\" href=\"https:\/\/solasdevento.com.br\/wp-content\/uploads\/os-perdidos-4-1024x682.jpg\" rel=\"prettyPhoto[rel-613177682]\"><span class=\"gallery_hover\"><i class=\"fa fa-search\"><\/i><\/span><img loading=\"lazy\" decoding=\"async\" src=\"https:\/\/solasdevento.com.br\/wp-content\/uploads\/os-perdidos-4-100x100.jpg\" width=\"100\" height=\"100\" alt=\"os-perdidos-4\" \/><\/a><\/li><li><a class=\"prettyphoto\" href=\"https:\/\/solasdevento.com.br\/wp-content\/uploads\/os-perdidos-3-682x1024.jpg\" rel=\"prettyPhoto[rel-613177682]\"><span class=\"gallery_hover\"><i class=\"fa fa-search\"><\/i><\/span><img loading=\"lazy\" decoding=\"async\" src=\"https:\/\/solasdevento.com.br\/wp-content\/uploads\/os-perdidos-3-100x100.jpg\" width=\"100\" height=\"100\" alt=\"os-perdidos-3\" \/><\/a><\/li><\/ul><\/div><\/div>\n\t\t<\/div> \n\t<\/div> \n\t\t<\/div> \n\t<\/div> \n<\/div><\/section><\/div>\n\n\n\n<div  class=\"wpb_row vc_row-fluid\" style=\"text-align:left;\">\n\t<div class=\"vc_span12 wpb_column column_container\">\n\t\t<div class=\"wpb_wrapper\">\n\t\t\t\n\t\t<\/div> \n\t<\/div> \n<\/div>\n\n\n\n<p><\/p>\n","protected":false},"excerpt":{"rendered":"SYNOPSISA PROPOSEQUIPEVID\u00c9O Deux personnages excentriques, entreprennent un voyage \u00e0 l\u2019aide d\u2019une \u00e9chelle et d\u2019un atlas. Ils inventent un itin\u00e9raire parsem\u00e9 d\u2019embuches et d\u2019inattendues p\u00e9rip\u00e9ties pour arriver \u00e0 leur destination. Spectacle de Rue Public concern\u00e9: Tout Public Dur\u00e9e: 30 minutes Espace: Rue et place Cr\u00e9\u00e9 en...","protected":false},"author":1,"featured_media":0,"parent":0,"menu_order":0,"comment_status":"closed","ping_status":"closed","template":"","meta":{"footnotes":""},"class_list":["post-8206","page","type-page","status-publish","hentry"],"_links":{"self":[{"href":"https:\/\/solasdevento.com.br\/fr\/wp-json\/wp\/v2\/pages\/8206","targetHints":{"allow":["GET"]}}],"collection":[{"href":"https:\/\/solasdevento.com.br\/fr\/wp-json\/wp\/v2\/pages"}],"about":[{"href":"https:\/\/solasdevento.com.br\/fr\/wp-json\/wp\/v2\/types\/page"}],"author":[{"embeddable":true,"href":"https:\/\/solasdevento.com.br\/fr\/wp-json\/wp\/v2\/users\/1"}],"replies":[{"embeddable":true,"href":"https:\/\/solasdevento.com.br\/fr\/wp-json\/wp\/v2\/comments?post=8206"}],"version-history":[{"count":36,"href":"https:\/\/solasdevento.com.br\/fr\/wp-json\/wp\/v2\/pages\/8206\/revisions"}],"predecessor-version":[{"id":10364,"href":"https:\/\/solasdevento.com.br\/fr\/wp-json\/wp\/v2\/pages\/8206\/revisions\/10364"}],"wp:attachment":[{"href":"https:\/\/solasdevento.com.br\/fr\/wp-json\/wp\/v2\/media?parent=8206"}],"curies":[{"name":"wp","href":"https:\/\/api.w.org\/{rel}","templated":true}]}}