{"id":8208,"date":"2014-02-21T12:42:20","date_gmt":"2014-02-21T15:42:20","guid":{"rendered":"http:\/\/solasdevento.com.br\/os-perdidos-pocket-2\/"},"modified":"2014-12-19T10:52:36","modified_gmt":"2014-12-19T13:52:36","slug":"lechelle","status":"publish","type":"page","link":"https:\/\/solasdevento.com.br\/fr\/lechelle\/","title":{"rendered":"L\u2019echelle"},"content":{"rendered":"<div  data-q_id=\"#tabs\" class=\"wpb_row vc_row-fluid\" style=\"text-align:right;\"><section class=\"section  grid_section\" style=' padding-top:0px;'><div class=\"section_inner clearfix\">\n\t<div class=\"vc_span6 wpb_column column_container\">\n\t\t<div class=\"wpb_wrapper\">\n\t\t\t\n\t<div class=\"wpb_tabstabs_holder clearfix\" data-interval=\"0\">\n\t\t<div class=\"q_tabs horizontal\">\n\t\t\t<ul class=\"tabs-nav\"><li><a href=\"#tab-1382691955-1-80840-7a5e8bc2-29c8\">SYNOPSIS<\/a><\/li><li><a href=\"#tab-1392996065938-3-58bc2-29c8\">FICHE TECHNIQUE<\/a><\/li><li><a href=\"#tab-1383315102986-2-10840-7a5e8bc2-29c8\">VID\u00c9O<\/a><\/li><\/ul>\n<div class='tabs-container'>\n\t\t\t\n\t\t\t<div id=\"tab-1382691955-1-80840-7a5e8bc2-29c8\" class=\"tab-content\">\n\t\t\t\t<div class=\"wpb_content_element separator  transparent center  \" style=\"margin-top:0px;margin-bottom:5px;\"><\/div>\n<div  class=\"wpb_row vc_row-fluid\" style=\"text-align:left;\">\n\t<div class=\"vc_span12 wpb_column column_container\">\n\t\t<div class=\"wpb_wrapper\">\n\t\t\t\n\t<div class=\"wpb_text_column wpb_content_element \">\n\t\t<div class=\"wpb_wrapper\">\n\t\t\t<span style=\"color: #008080;\">Deux voyageurs partent \u00e0 l\u2019aventure avec une \u00e9chelle. Au gr\u00e9 de leur imagination, elle se transforme peu \u00e0 peu en bateau, caverne, montagne les aidant \u00e0 cr\u00e9er un \u00e9trange parcours.<\/span><\/p>\n<p>&nbsp;<\/p>\n<p><span style=\"color: #999999;\">Avec Bruno Rudolf et Ricardo Rodrigues<br \/>\nMise en sc\u00e8ne: Kris Niklison<br \/>\nCostumes: Carola Costa<\/span>\n\t\t<\/div> \n\t<\/div> \n\t\t<\/div> \n\t<\/div> \n<\/div>\n\t\t\t<\/div> \n\t\t\t<div id=\"tab-1392996065938-3-58bc2-29c8\" class=\"tab-content\">\n\t\t\t\t\n\t<div class=\"wpb_text_column wpb_content_element \">\n\t\t<div class=\"wpb_wrapper\">\n\t\t\t<span style=\"color: #008080;\">Dur\u00e9e:<\/span> <span style=\"color: #999999;\">9 minutes<\/span><br \/>\n<span style=\"color: #008080;\">Tout Public<\/span><br \/>\n<span style=\"color: #008080;\">Espace de jeu:<\/span> <span style=\"color: #999999;\">6m x 6m<\/span>\n\t\t<\/div> \n\t<\/div> \n\t\t\t<\/div> \n\t\t\t<div id=\"tab-1383315102986-2-10840-7a5e8bc2-29c8\" class=\"tab-content\">\n\t\t\t\t<div  class=\"wpb_row vc_row-fluid\" style=\"text-align:left;\">\n\t<div class=\"vc_span12 wpb_column column_container\">\n\t\t<div class=\"wpb_wrapper\">\n\t\t\t\n\t<div class=\"wpb_video_widget wpb_content_element\">\n\t\t<div class=\"wpb_wrapper\"><div class=\"wpb_video_wrapper\"><a href=\"https:\/\/www.youtube.com\/watch?v=OluCVo2a9Mw\">https:\/\/www.youtube.com\/watch?v=OluCVo2a9Mw<\/a><\/div>\n\t\t<\/div> \n\t<\/div> \n\t\t<\/div> \n\t<\/div> \n<\/div>\n\t\t\t<\/div> <\/div>\n\t\t<\/div> \n\t<\/div> \n\t\t<\/div> \n\t<\/div> \n\n\t<div class=\"vc_span6 wpb_column column_container\">\n\t\t<div class=\"wpb_wrapper\">\n\t\t\t<div class=\"wpb_content_element separator  transparent center  \" style=\"margin-top:0px;margin-bottom:70px;\"><\/div>\n\n\t<div class=\"wpb_gallery wpb_content_element clearfix\">\n\t\t<div class=\"wpb_wrapper\"><div class=\"wpb_gallery_slides wpb_image_grid\" data-interval=\"3\"><div class=\"gallery_holder\"><ul class=\"gallery_inner v0\"><li><a class=\"prettyphoto\" href=\"https:\/\/solasdevento.com.br\/wp-content\/uploads\/os-perdidos-1-1024x685.jpg\" rel=\"prettyPhoto[rel-813946165]\"><span class=\"gallery_hover\"><i class=\"fa fa-search\"><\/i><\/span><img loading=\"lazy\" decoding=\"async\" src=\"https:\/\/solasdevento.com.br\/wp-content\/uploads\/os-perdidos-1-100x100.jpg\" width=\"100\" height=\"100\" alt=\"os-perdidos-1\" \/><\/a><\/li><li><a class=\"prettyphoto\" href=\"https:\/\/solasdevento.com.br\/wp-content\/uploads\/os-perdidos-2-685x1024.jpg\" rel=\"prettyPhoto[rel-813946165]\"><span class=\"gallery_hover\"><i class=\"fa fa-search\"><\/i><\/span><img loading=\"lazy\" decoding=\"async\" src=\"https:\/\/solasdevento.com.br\/wp-content\/uploads\/os-perdidos-2-100x100.jpg\" width=\"100\" height=\"100\" alt=\"os-perdidos-2\" \/><\/a><\/li><li><a class=\"prettyphoto\" href=\"https:\/\/solasdevento.com.br\/wp-content\/uploads\/os-perdidos-10-1024x768.jpg\" rel=\"prettyPhoto[rel-813946165]\"><span class=\"gallery_hover\"><i class=\"fa fa-search\"><\/i><\/span><img loading=\"lazy\" decoding=\"async\" src=\"https:\/\/solasdevento.com.br\/wp-content\/uploads\/os-perdidos-10-100x100.jpg\" width=\"100\" height=\"100\" alt=\"os-perdidos-10\" \/><\/a><\/li><li><a class=\"prettyphoto\" href=\"https:\/\/solasdevento.com.br\/wp-content\/uploads\/os-perdidos-9-420x1024.jpg\" rel=\"prettyPhoto[rel-813946165]\"><span class=\"gallery_hover\"><i class=\"fa fa-search\"><\/i><\/span><img loading=\"lazy\" decoding=\"async\" src=\"https:\/\/solasdevento.com.br\/wp-content\/uploads\/os-perdidos-9-100x100.jpg\" width=\"100\" height=\"100\" alt=\"os-perdidos-9\" \/><\/a><\/li><li><a class=\"prettyphoto\" href=\"https:\/\/solasdevento.com.br\/wp-content\/uploads\/os-perdidos-8-682x1024.jpg\" rel=\"prettyPhoto[rel-813946165]\"><span class=\"gallery_hover\"><i class=\"fa fa-search\"><\/i><\/span><img loading=\"lazy\" decoding=\"async\" src=\"https:\/\/solasdevento.com.br\/wp-content\/uploads\/os-perdidos-8-100x100.jpg\" width=\"100\" height=\"100\" alt=\"os-perdidos-8\" \/><\/a><\/li><li><a class=\"prettyphoto\" href=\"https:\/\/solasdevento.com.br\/wp-content\/uploads\/os-perdidos-7-682x1024.jpg\" rel=\"prettyPhoto[rel-813946165]\"><span class=\"gallery_hover\"><i class=\"fa fa-search\"><\/i><\/span><img loading=\"lazy\" decoding=\"async\" src=\"https:\/\/solasdevento.com.br\/wp-content\/uploads\/os-perdidos-7-100x100.jpg\" width=\"100\" height=\"100\" alt=\"os-perdidos-7\" \/><\/a><\/li><li><a class=\"prettyphoto\" href=\"https:\/\/solasdevento.com.br\/wp-content\/uploads\/os-perdidos-6-1024x682.jpg\" rel=\"prettyPhoto[rel-813946165]\"><span class=\"gallery_hover\"><i class=\"fa fa-search\"><\/i><\/span><img loading=\"lazy\" decoding=\"async\" src=\"https:\/\/solasdevento.com.br\/wp-content\/uploads\/os-perdidos-6-100x100.jpg\" width=\"100\" height=\"100\" alt=\"os-perdidos-6\" \/><\/a><\/li><li><a class=\"prettyphoto\" href=\"https:\/\/solasdevento.com.br\/wp-content\/uploads\/os-perdidos-5-1024x682.jpg\" rel=\"prettyPhoto[rel-813946165]\"><span class=\"gallery_hover\"><i class=\"fa fa-search\"><\/i><\/span><img loading=\"lazy\" decoding=\"async\" src=\"https:\/\/solasdevento.com.br\/wp-content\/uploads\/os-perdidos-5-100x100.jpg\" width=\"100\" height=\"100\" alt=\"os-perdidos-5\" \/><\/a><\/li><li><a class=\"prettyphoto\" href=\"https:\/\/solasdevento.com.br\/wp-content\/uploads\/os-perdidos-4-1024x682.jpg\" rel=\"prettyPhoto[rel-813946165]\"><span class=\"gallery_hover\"><i class=\"fa fa-search\"><\/i><\/span><img loading=\"lazy\" decoding=\"async\" src=\"https:\/\/solasdevento.com.br\/wp-content\/uploads\/os-perdidos-4-100x100.jpg\" width=\"100\" height=\"100\" alt=\"os-perdidos-4\" \/><\/a><\/li><li><a class=\"prettyphoto\" href=\"https:\/\/solasdevento.com.br\/wp-content\/uploads\/os-perdidos-3-682x1024.jpg\" rel=\"prettyPhoto[rel-813946165]\"><span class=\"gallery_hover\"><i class=\"fa fa-search\"><\/i><\/span><img loading=\"lazy\" decoding=\"async\" src=\"https:\/\/solasdevento.com.br\/wp-content\/uploads\/os-perdidos-3-100x100.jpg\" width=\"100\" height=\"100\" alt=\"os-perdidos-3\" \/><\/a><\/li><\/ul><\/div><\/div>\n\t\t<\/div> \n\t<\/div> \n\t\t<\/div> \n\t<\/div> \n<\/div><\/section><\/div><div  class=\"wpb_row vc_row-fluid\" style=\"text-align:left;\">\n\t<div class=\"vc_span12 wpb_column column_container\">\n\t\t<div class=\"wpb_wrapper\">\n\t\t\t\n\t\t<\/div> \n\t<\/div> \n<\/div>\n","protected":false},"excerpt":{"rendered":"SYNOPSISFICHE TECHNIQUEVID\u00c9O Deux voyageurs partent \u00e0 l\u2019aventure avec une \u00e9chelle. Au gr\u00e9 de leur imagination, elle se transforme peu \u00e0 peu en bateau, caverne, montagne les aidant \u00e0 cr\u00e9er un \u00e9trange parcours. &nbsp; Avec Bruno Rudolf et Ricardo Rodrigues Mise en sc\u00e8ne: Kris Niklison Costumes:...","protected":false},"author":1,"featured_media":0,"parent":0,"menu_order":0,"comment_status":"closed","ping_status":"closed","template":"full_width.php","meta":{"footnotes":""},"class_list":["post-8208","page","type-page","status-publish","hentry"],"_links":{"self":[{"href":"https:\/\/solasdevento.com.br\/fr\/wp-json\/wp\/v2\/pages\/8208","targetHints":{"allow":["GET"]}}],"collection":[{"href":"https:\/\/solasdevento.com.br\/fr\/wp-json\/wp\/v2\/pages"}],"about":[{"href":"https:\/\/solasdevento.com.br\/fr\/wp-json\/wp\/v2\/types\/page"}],"author":[{"embeddable":true,"href":"https:\/\/solasdevento.com.br\/fr\/wp-json\/wp\/v2\/users\/1"}],"replies":[{"embeddable":true,"href":"https:\/\/solasdevento.com.br\/fr\/wp-json\/wp\/v2\/comments?post=8208"}],"version-history":[{"count":3,"href":"https:\/\/solasdevento.com.br\/fr\/wp-json\/wp\/v2\/pages\/8208\/revisions"}],"predecessor-version":[{"id":9213,"href":"https:\/\/solasdevento.com.br\/fr\/wp-json\/wp\/v2\/pages\/8208\/revisions\/9213"}],"wp:attachment":[{"href":"https:\/\/solasdevento.com.br\/fr\/wp-json\/wp\/v2\/media?parent=8208"}],"curies":[{"name":"wp","href":"https:\/\/api.w.org\/{rel}","templated":true}]}}